{"id":265,"date":"2015-01-27T17:28:56","date_gmt":"2015-01-27T16:28:56","guid":{"rendered":"http:\/\/agora.xtec.cat\/cfa-carmekarr\/?page_id=265"},"modified":"2020-03-25T18:08:08","modified_gmt":"2020-03-25T17:08:08","slug":"organitzacio-interna","status":"publish","type":"page","link":"https:\/\/agora.xtec.cat\/cfa-carmekarr\/el-centre\/organitzacio-interna\/","title":{"rendered":"Organitzaci\u00f3 interna"},"content":{"rendered":"<p><em><strong>\u00d2rgans de govern i coordinaci\u00f3.\u00a0<\/strong><\/em><\/p>\n<p><em><strong>\u00a0<\/strong><\/em><br \/>\n<strong>CONSELL ESCOLAR est\u00e0 format per: <\/strong><\/p>\n<p>\u2022 4 representants del sector d\u2019 alumnes<\/p>\n<p>\u2022 4 representants del sector de docents<\/p>\n<p>\u2022 1 representant del centre penitenciari\/Departament de Just\u00edcia<\/p>\n<p>\u2022 1 representant de l\u2019 Ajuntament de Sant Joan de Vilatorrada<\/p>\n<p>\u2022 La Secretaria-Administradora, que exerceix de secretari\/a, amb veu per\u00f2 no vot.<\/p>\n<p>\u2022 La Cap d\u2019 Estudis<\/p>\n<p>\u2022 El directora que el presideix.<\/p>\n<p><strong>CLAUSTRE<\/strong><br \/>\nEst\u00e0 format pel personal docent adscrit al centre.<\/p>\n<p><strong>EQUIP DIRECTIU<\/strong><br \/>\nEst\u00e0 format pel director, la Cap d\u2019 Estudis i la Secretaria.<\/p>\n<p><strong>EQUIP DE COORDINADORS<\/strong><br \/>\nEst\u00e0 format per:<\/p>\n<p>\u2022 1 Coordinadora de Formaci\u00f3 Instrumental<\/p>\n<p>\u2022 1 Coordinadora de Secund\u00e0ria<\/p>\n<p>\u2022 1 Coordinador de Lleng\u00fces<\/p>\n<p>\u2022 1 Coordinadora TIC. \u2013<\/p>\n<p>\u2022 1 Coordinadora LIC (Llengua i Cohesi\u00f3 Social)<\/p>\n<p>\u2022 1 Coordinadora d\u2019 Estudis a Dist\u00e0ncia i PPA (Preparaci\u00f3 de Proves d\u2019Acc\u00e9s)<\/p>\n<p>\u2022 1 Coordinadora de Prevenci\u00f3 i Riscos Laborals<\/p>\n<p>La Coordinaci\u00f3 de Prevenci\u00f3 i Riscos Laborals ser\u00e0 exercida per el titular de una de les altres coordinacions a proposta de la direcci\u00f3 del centre.<\/p>\n","protected":false},"excerpt":{"rendered":"<p>\u00d2rgans de govern i coordinaci\u00f3.\u00a0<br \/>\n\u00a0<br \/>\nCONSELL ESCOLAR est\u00e0 format per:<br \/>\n\u2022 4 representants del sector d\u2019 alumnes<br \/>\n\u2022 4 representants del sector de docents<br \/>\n\u2022 1 representant del centre penitenciari\/Departament de Just\u00edcia<br \/>\n\u2022 1 representant de l\u2019 Ajuntament de Sant Joan de Vilatorrada<br \/>\n\u2022 La Secretaria-Administradora, que exerceix de secretari\/a,&hellip;  <a href=\"https:\/\/agora.xtec.cat\/cfa-carmekarr\/el-centre\/organitzacio-interna\/\" title=\"Read Organitzaci\u00f3 interna\">Llegeix m\u00e9s\u00bb<\/a><\/p>\n","protected":false},"author":1,"featured_media":0,"parent":261,"menu_order":40,"comment_status":"closed","ping_status":"closed","template":"page-templates\/side-menu.php","meta":{"_bbp_topic_count":0,"_bbp_reply_count":0,"_bbp_total_topic_count":0,"_bbp_total_reply_count":0,"_bbp_voice_count":0,"_bbp_anonymous_reply_count":0,"_bbp_topic_count_hidden":0,"_bbp_reply_count_hidden":0,"_bbp_forum_subforum_count":0,"footnotes":""},"class_list":["post-265","page","type-page","status-publish","hentry"],"post_mailing_queue_ids":[],"_links":{"self":[{"href":"https:\/\/agora.xtec.cat\/cfa-carmekarr\/wp-json\/wp\/v2\/pages\/265","targetHints":{"allow":["GET"]}}],"collection":[{"href":"https:\/\/agora.xtec.cat\/cfa-carmekarr\/wp-json\/wp\/v2\/pages"}],"about":[{"href":"https:\/\/agora.xtec.cat\/cfa-carmekarr\/wp-json\/wp\/v2\/types\/page"}],"author":[{"embeddable":true,"href":"https:\/\/agora.xtec.cat\/cfa-carmekarr\/wp-json\/wp\/v2\/users\/1"}],"replies":[{"embeddable":true,"href":"https:\/\/agora.xtec.cat\/cfa-carmekarr\/wp-json\/wp\/v2\/comments?post=265"}],"version-history":[{"count":3,"href":"https:\/\/agora.xtec.cat\/cfa-carmekarr\/wp-json\/wp\/v2\/pages\/265\/revisions"}],"predecessor-version":[{"id":2780,"href":"https:\/\/agora.xtec.cat\/cfa-carmekarr\/wp-json\/wp\/v2\/pages\/265\/revisions\/2780"}],"up":[{"embeddable":true,"href":"https:\/\/agora.xtec.cat\/cfa-carmekarr\/wp-json\/wp\/v2\/pages\/261"}],"wp:attachment":[{"href":"https:\/\/agora.xtec.cat\/cfa-carmekarr\/wp-json\/wp\/v2\/media?parent=265"}],"curies":[{"name":"wp","href":"https:\/\/api.w.org\/{rel}","templated":true}]}}