{"id":18672,"date":"2023-11-24T19:01:07","date_gmt":"2023-11-24T18:01:07","guid":{"rendered":"https:\/\/agora.xtec.cat\/cfa-carmekarr\/?page_id=18672"},"modified":"2023-11-24T19:01:07","modified_gmt":"2023-11-24T18:01:07","slug":"el-cfa-carme-karr-esborra-el-masclisme","status":"publish","type":"page","link":"https:\/\/agora.xtec.cat\/cfa-carmekarr\/el-cfa-carme-karr-esborra-el-masclisme\/","title":{"rendered":"El CFA Carme Karr esborra el masclisme"},"content":{"rendered":"<p>Dem\u00e0 25 de novembre \u00e9s el dia internacional per l\u2019eliminaci\u00f3 de la viol\u00e8ncia contra les dones. Per aquest motiu des de l\u2019escola al llarg de la setmana hem realitzat una activitat proposada a tots els centres educatius de Sant Joan de Vilatorrada dins el marc de la campanya \u201cEsborra el viol\u00e8ncia masclista\u201d. L&#8217;activitat consistia en &#8220;esborrar&#8221; paraules violentes o relacionades amb contextos de viol\u00e8ncia sobreposant paraules boniques i\/o positives. Aquest ha estat el nostre resultat:<\/p>\n<p><a href=\"https:\/\/agora.xtec.cat\/cfa-carmekarr\/wp-content\/uploads\/usu495\/2023\/11\/IMG_7400-1-scaled.jpg\"><img loading=\"lazy\" decoding=\"async\" class=\"alignnone size-large wp-image-18673\" src=\"https:\/\/agora.xtec.cat\/cfa-carmekarr\/wp-content\/uploads\/usu495\/2023\/11\/IMG_7400-1-1024x768.jpg\" alt=\"\" width=\"1024\" height=\"768\" srcset=\"https:\/\/agora.xtec.cat\/cfa-carmekarr\/wp-content\/uploads\/usu495\/2023\/11\/IMG_7400-1-1024x768.jpg 1024w, https:\/\/agora.xtec.cat\/cfa-carmekarr\/wp-content\/uploads\/usu495\/2023\/11\/IMG_7400-1-300x225.jpg 300w, https:\/\/agora.xtec.cat\/cfa-carmekarr\/wp-content\/uploads\/usu495\/2023\/11\/IMG_7400-1-768x576.jpg 768w, https:\/\/agora.xtec.cat\/cfa-carmekarr\/wp-content\/uploads\/usu495\/2023\/11\/IMG_7400-1-1536x1152.jpg 1536w, https:\/\/agora.xtec.cat\/cfa-carmekarr\/wp-content\/uploads\/usu495\/2023\/11\/IMG_7400-1-2048x1536.jpg 2048w, https:\/\/agora.xtec.cat\/cfa-carmekarr\/wp-content\/uploads\/usu495\/2023\/11\/IMG_7400-1-200x150.jpg 200w\" sizes=\"auto, (max-width: 1024px) 100vw, 1024px\" \/><\/a><\/p>\n<p>A m\u00e9s a m\u00e9s, tamb\u00e9 hem pogut gaudir d\u2019un fant\u00e0stic concert de l\u2019artista <a href=\"https:\/\/www.instagram.com\/maio.serrasolsas\/\">Maio<\/a>. Un agra\u00efment molt gran per venir i oferir-nos la oportunitat d\u2019escoltar-te i explicar-nos el motiu de les teves can\u00e7ons.<\/p>\n<p><a href=\"https:\/\/agora.xtec.cat\/cfa-carmekarr\/wp-content\/uploads\/usu495\/2023\/11\/IMG_7396-scaled.jpg\"><img loading=\"lazy\" decoding=\"async\" class=\"alignnone size-large wp-image-18674\" src=\"https:\/\/agora.xtec.cat\/cfa-carmekarr\/wp-content\/uploads\/usu495\/2023\/11\/IMG_7396-1024x768.jpg\" alt=\"\" width=\"1024\" height=\"768\" srcset=\"https:\/\/agora.xtec.cat\/cfa-carmekarr\/wp-content\/uploads\/usu495\/2023\/11\/IMG_7396-1024x768.jpg 1024w, https:\/\/agora.xtec.cat\/cfa-carmekarr\/wp-content\/uploads\/usu495\/2023\/11\/IMG_7396-300x225.jpg 300w, https:\/\/agora.xtec.cat\/cfa-carmekarr\/wp-content\/uploads\/usu495\/2023\/11\/IMG_7396-768x576.jpg 768w, https:\/\/agora.xtec.cat\/cfa-carmekarr\/wp-content\/uploads\/usu495\/2023\/11\/IMG_7396-1536x1152.jpg 1536w, https:\/\/agora.xtec.cat\/cfa-carmekarr\/wp-content\/uploads\/usu495\/2023\/11\/IMG_7396-2048x1536.jpg 2048w, https:\/\/agora.xtec.cat\/cfa-carmekarr\/wp-content\/uploads\/usu495\/2023\/11\/IMG_7396-200x150.jpg 200w\" sizes=\"auto, (max-width: 1024px) 100vw, 1024px\" \/><\/a><\/p>\n<p>&nbsp;<\/p>\n<p>Per una educaci\u00f3 i societat lliure de viol\u00e8ncia masclista!<\/p>\n","protected":false},"excerpt":{"rendered":"<p>Dem\u00e0 25 de novembre \u00e9s el dia internacional per l\u2019eliminaci\u00f3 de la viol\u00e8ncia contra les dones. Per aquest motiu des de l\u2019escola al llarg de la setmana hem realitzat una activitat proposada a tots els centres educatius de Sant Joan de Vilatorrada dins el marc&hellip;  <a href=\"https:\/\/agora.xtec.cat\/cfa-carmekarr\/el-cfa-carme-karr-esborra-el-masclisme\/\" title=\"Read El CFA Carme Karr esborra el masclisme\">Llegeix m\u00e9s\u00bb<\/a><\/p>\n","protected":false},"author":62,"featured_media":0,"parent":0,"menu_order":0,"comment_status":"closed","ping_status":"closed","template":"","meta":{"_bbp_topic_count":0,"_bbp_reply_count":0,"_bbp_total_topic_count":0,"_bbp_total_reply_count":0,"_bbp_voice_count":0,"_bbp_anonymous_reply_count":0,"_bbp_topic_count_hidden":0,"_bbp_reply_count_hidden":0,"_bbp_forum_subforum_count":0,"footnotes":""},"class_list":["post-18672","page","type-page","status-publish","hentry"],"post_mailing_queue_ids":[],"_links":{"self":[{"href":"https:\/\/agora.xtec.cat\/cfa-carmekarr\/wp-json\/wp\/v2\/pages\/18672","targetHints":{"allow":["GET"]}}],"collection":[{"href":"https:\/\/agora.xtec.cat\/cfa-carmekarr\/wp-json\/wp\/v2\/pages"}],"about":[{"href":"https:\/\/agora.xtec.cat\/cfa-carmekarr\/wp-json\/wp\/v2\/types\/page"}],"author":[{"embeddable":true,"href":"https:\/\/agora.xtec.cat\/cfa-carmekarr\/wp-json\/wp\/v2\/users\/62"}],"replies":[{"embeddable":true,"href":"https:\/\/agora.xtec.cat\/cfa-carmekarr\/wp-json\/wp\/v2\/comments?post=18672"}],"version-history":[{"count":1,"href":"https:\/\/agora.xtec.cat\/cfa-carmekarr\/wp-json\/wp\/v2\/pages\/18672\/revisions"}],"predecessor-version":[{"id":18676,"href":"https:\/\/agora.xtec.cat\/cfa-carmekarr\/wp-json\/wp\/v2\/pages\/18672\/revisions\/18676"}],"wp:attachment":[{"href":"https:\/\/agora.xtec.cat\/cfa-carmekarr\/wp-json\/wp\/v2\/media?parent=18672"}],"curies":[{"name":"wp","href":"https:\/\/api.w.org\/{rel}","templated":true}]}}