{"id":18365,"date":"2023-05-09T08:42:55","date_gmt":"2023-05-09T06:42:55","guid":{"rendered":"https:\/\/agora.xtec.cat\/cfa-carmekarr\/?page_id=18365"},"modified":"2023-05-09T08:43:53","modified_gmt":"2023-05-09T06:43:53","slug":"el-projecte-de-biblioteca","status":"publish","type":"page","link":"https:\/\/agora.xtec.cat\/cfa-carmekarr\/el-projecte-de-biblioteca\/","title":{"rendered":"El projecte de Biblioteca"},"content":{"rendered":"<p>El nostre centre ha iniciat el repte d&#8217;impulsar l&#8217;h\u00e0bit lector i el gust per la lectura amb el nostre alumnat.<\/p>\n<p>Aquest repte nom\u00e9s pot ser possible si la Biblioteca hi t\u00e9 un paper protagonista.<\/p>\n<p>Des de l&#8217;\u00c0rea de Treball LIC s&#8217;est\u00e0 duent un proc\u00e9s de dinamitzar i aprofitar l&#8217;espai de Biblioteca del Centre aix\u00ed com vetllar perqu\u00e8 es promoguin activitats que facin possible aquest repte.<\/p>\n<p>Tot aquest projecte que est\u00e0 naixent, compta amb la col\u00b7laboraci\u00f3 de la Bibliotec\u00e0ria del centre aix\u00ed com de tota la nostra comunitat docent ja que, pret\u00e9n ser, una estrat\u00e8gia de centre.<\/p>\n<p>Tot un repte, per\u00f2 viscut amb il\u00b7lusi\u00f3 i energia!<\/p>\n<p>&nbsp;<\/p>\n<p><a href=\"https:\/\/agora.xtec.cat\/cfa-carmekarr\/wp-content\/uploads\/usu495\/2023\/03\/IMG_7622-1.jpg\"><img loading=\"lazy\" decoding=\"async\" class=\"alignnone size-full wp-image-18114\" src=\"https:\/\/agora.xtec.cat\/cfa-carmekarr\/wp-content\/uploads\/usu495\/2023\/03\/IMG_7622-1.jpg\" alt=\"\" width=\"1500\" height=\"1000\" srcset=\"https:\/\/agora.xtec.cat\/cfa-carmekarr\/wp-content\/uploads\/usu495\/2023\/03\/IMG_7622-1.jpg 1500w, https:\/\/agora.xtec.cat\/cfa-carmekarr\/wp-content\/uploads\/usu495\/2023\/03\/IMG_7622-1-300x200.jpg 300w, https:\/\/agora.xtec.cat\/cfa-carmekarr\/wp-content\/uploads\/usu495\/2023\/03\/IMG_7622-1-1024x683.jpg 1024w, https:\/\/agora.xtec.cat\/cfa-carmekarr\/wp-content\/uploads\/usu495\/2023\/03\/IMG_7622-1-768x512.jpg 768w\" sizes=\"auto, (max-width: 1500px) 100vw, 1500px\" \/><\/a><\/p>\n<p>&nbsp;<\/p>\n<p>&nbsp;<\/p>\n<p>&nbsp;<\/p>\n<p>&nbsp;<\/p>\n","protected":false},"excerpt":{"rendered":"<p>El nostre centre ha iniciat el repte d&#8217;impulsar l&#8217;h\u00e0bit lector i el gust per la lectura amb el nostre alumnat.<br \/>\nAquest repte nom\u00e9s pot ser possible si la Biblioteca hi t\u00e9 un paper protagonista.<br \/>\nDes de l&#8217;\u00c0rea de Treball LIC s&#8217;est\u00e0 duent un proc\u00e9s de dinamitzar i&hellip;  <a href=\"https:\/\/agora.xtec.cat\/cfa-carmekarr\/el-projecte-de-biblioteca\/\" title=\"Read El projecte de Biblioteca\">Llegeix m\u00e9s\u00bb<\/a><\/p>\n","protected":false},"author":1,"featured_media":0,"parent":0,"menu_order":0,"comment_status":"closed","ping_status":"closed","template":"","meta":{"_bbp_topic_count":0,"_bbp_reply_count":0,"_bbp_total_topic_count":0,"_bbp_total_reply_count":0,"_bbp_voice_count":0,"_bbp_anonymous_reply_count":0,"_bbp_topic_count_hidden":0,"_bbp_reply_count_hidden":0,"_bbp_forum_subforum_count":0,"footnotes":""},"class_list":["post-18365","page","type-page","status-publish","hentry"],"post_mailing_queue_ids":[],"_links":{"self":[{"href":"https:\/\/agora.xtec.cat\/cfa-carmekarr\/wp-json\/wp\/v2\/pages\/18365","targetHints":{"allow":["GET"]}}],"collection":[{"href":"https:\/\/agora.xtec.cat\/cfa-carmekarr\/wp-json\/wp\/v2\/pages"}],"about":[{"href":"https:\/\/agora.xtec.cat\/cfa-carmekarr\/wp-json\/wp\/v2\/types\/page"}],"author":[{"embeddable":true,"href":"https:\/\/agora.xtec.cat\/cfa-carmekarr\/wp-json\/wp\/v2\/users\/1"}],"replies":[{"embeddable":true,"href":"https:\/\/agora.xtec.cat\/cfa-carmekarr\/wp-json\/wp\/v2\/comments?post=18365"}],"version-history":[{"count":1,"href":"https:\/\/agora.xtec.cat\/cfa-carmekarr\/wp-json\/wp\/v2\/pages\/18365\/revisions"}],"predecessor-version":[{"id":18367,"href":"https:\/\/agora.xtec.cat\/cfa-carmekarr\/wp-json\/wp\/v2\/pages\/18365\/revisions\/18367"}],"wp:attachment":[{"href":"https:\/\/agora.xtec.cat\/cfa-carmekarr\/wp-json\/wp\/v2\/media?parent=18365"}],"curies":[{"name":"wp","href":"https:\/\/api.w.org\/{rel}","templated":true}]}}