{"id":18357,"date":"2023-05-09T08:35:09","date_gmt":"2023-05-09T06:35:09","guid":{"rendered":"https:\/\/agora.xtec.cat\/cfa-carmekarr\/?page_id=18357"},"modified":"2023-05-09T08:35:09","modified_gmt":"2023-05-09T06:35:09","slug":"el-pla-lector-de-centre","status":"publish","type":"page","link":"https:\/\/agora.xtec.cat\/cfa-carmekarr\/el-pla-lector-de-centre\/","title":{"rendered":"El Pla Lector de Centre"},"content":{"rendered":"<p>Un dels objectius estrat\u00e8gics de la PGA del proper curs ser\u00e0 l&#8217;elaboraci\u00f3 del Pla Lector de Centre (PLEC) i dissenyar quines mesures organitzatives, recursos i propostes educatives ens ajudaran a impulsar l&#8217;h\u00e0bit lector i el gust per la lectura.<\/p>\n<p>Durant aquest curs 22-23, ja hem comen\u00e7at una proc\u00e9s de reflexi\u00f3 pedag\u00f2gica de com, ara per ara, s&#8217;est\u00e0 impulsant la lectura en els diferents ensenyaments del centre, des de les \u00c0rees de Treball aix\u00ed com de les necessitats al respecte que presenta el nostre alumnat.<\/p>\n<p>S&#8217;han dut a terme assemblees ped\u00e0gogiques del claustre aix\u00ed com reflexions a nivells de coordinaci\u00f3 per anar perfilant l&#8217;estructura i contingut del nostre futur PLEC.<\/p>\n<p>&nbsp;<\/p>\n<p><a href=\"https:\/\/agora.xtec.cat\/cfa-carmekarr\/wp-content\/uploads\/usu495\/2023\/03\/image_6483441.jpg\"><img loading=\"lazy\" decoding=\"async\" class=\"alignnone size-medium wp-image-18120\" src=\"https:\/\/agora.xtec.cat\/cfa-carmekarr\/wp-content\/uploads\/usu495\/2023\/03\/image_6483441-300x225.jpg\" alt=\"\" width=\"300\" height=\"225\" srcset=\"https:\/\/agora.xtec.cat\/cfa-carmekarr\/wp-content\/uploads\/usu495\/2023\/03\/image_6483441-300x225.jpg 300w, https:\/\/agora.xtec.cat\/cfa-carmekarr\/wp-content\/uploads\/usu495\/2023\/03\/image_6483441-1024x768.jpg 1024w, https:\/\/agora.xtec.cat\/cfa-carmekarr\/wp-content\/uploads\/usu495\/2023\/03\/image_6483441-768x576.jpg 768w, https:\/\/agora.xtec.cat\/cfa-carmekarr\/wp-content\/uploads\/usu495\/2023\/03\/image_6483441-1536x1152.jpg 1536w, https:\/\/agora.xtec.cat\/cfa-carmekarr\/wp-content\/uploads\/usu495\/2023\/03\/image_6483441-200x150.jpg 200w, https:\/\/agora.xtec.cat\/cfa-carmekarr\/wp-content\/uploads\/usu495\/2023\/03\/image_6483441.jpg 1600w\" sizes=\"auto, (max-width: 300px) 100vw, 300px\" \/><\/a><\/p>\n","protected":false},"excerpt":{"rendered":"<p>Un dels objectius estrat\u00e8gics de la PGA del proper curs ser\u00e0 l&#8217;elaboraci\u00f3 del Pla Lector de Centre (PLEC) i dissenyar quines mesures organitzatives, recursos i propostes educatives ens ajudaran a impulsar l&#8217;h\u00e0bit lector i el gust per la lectura.<br \/>\nDurant aquest curs 22-23, ja hem comen\u00e7at&hellip;  <a href=\"https:\/\/agora.xtec.cat\/cfa-carmekarr\/el-pla-lector-de-centre\/\" title=\"Read El Pla Lector de Centre\">Llegeix m\u00e9s\u00bb<\/a><\/p>\n","protected":false},"author":1,"featured_media":0,"parent":0,"menu_order":0,"comment_status":"closed","ping_status":"closed","template":"","meta":{"_bbp_topic_count":0,"_bbp_reply_count":0,"_bbp_total_topic_count":0,"_bbp_total_reply_count":0,"_bbp_voice_count":0,"_bbp_anonymous_reply_count":0,"_bbp_topic_count_hidden":0,"_bbp_reply_count_hidden":0,"_bbp_forum_subforum_count":0,"footnotes":""},"class_list":["post-18357","page","type-page","status-publish","hentry"],"post_mailing_queue_ids":[],"_links":{"self":[{"href":"https:\/\/agora.xtec.cat\/cfa-carmekarr\/wp-json\/wp\/v2\/pages\/18357","targetHints":{"allow":["GET"]}}],"collection":[{"href":"https:\/\/agora.xtec.cat\/cfa-carmekarr\/wp-json\/wp\/v2\/pages"}],"about":[{"href":"https:\/\/agora.xtec.cat\/cfa-carmekarr\/wp-json\/wp\/v2\/types\/page"}],"author":[{"embeddable":true,"href":"https:\/\/agora.xtec.cat\/cfa-carmekarr\/wp-json\/wp\/v2\/users\/1"}],"replies":[{"embeddable":true,"href":"https:\/\/agora.xtec.cat\/cfa-carmekarr\/wp-json\/wp\/v2\/comments?post=18357"}],"version-history":[{"count":1,"href":"https:\/\/agora.xtec.cat\/cfa-carmekarr\/wp-json\/wp\/v2\/pages\/18357\/revisions"}],"predecessor-version":[{"id":18359,"href":"https:\/\/agora.xtec.cat\/cfa-carmekarr\/wp-json\/wp\/v2\/pages\/18357\/revisions\/18359"}],"wp:attachment":[{"href":"https:\/\/agora.xtec.cat\/cfa-carmekarr\/wp-json\/wp\/v2\/media?parent=18357"}],"curies":[{"name":"wp","href":"https:\/\/api.w.org\/{rel}","templated":true}]}}