{"id":18218,"date":"2023-03-20T14:25:48","date_gmt":"2023-03-20T13:25:48","guid":{"rendered":"https:\/\/agora.xtec.cat\/cfa-carmekarr\/?page_id=18218"},"modified":"2023-06-22T09:55:18","modified_gmt":"2023-06-22T07:55:18","slug":"documentacio-basica","status":"publish","type":"page","link":"https:\/\/agora.xtec.cat\/cfa-carmekarr\/projecte-educatiu\/estrategia-digital-de-centre-edc\/cultura-digital\/documentacio-basica\/","title":{"rendered":"Documentaci\u00f3 b\u00e0sica"},"content":{"rendered":"<section id=\"h.30f21d255162e457_12\" class=\"yaqOZd\">\n<div class=\"mYVXT\">\n<div class=\"LS81yb VICjCf j5pSsc db35Fc\" tabindex=\"-1\">\n<div class=\"hJDwNd-AhqUyc-uQSCkd Ft7HRd-AhqUyc-uQSCkd purZT-AhqUyc-II5mzb ZcASvf-AhqUyc-II5mzb pSzOP-AhqUyc-qWD73c Ktthjf-AhqUyc-qWD73c JNdkSc SQVYQc\">\n<div class=\"JNdkSc-SmKAyb LkDMRd\">\n<div class=\"\">\n<div class=\"oKdM2c ZZyype Kzv0Me\">\n<div id=\"h.30f21d255162e457_9\" class=\"hJDwNd-AhqUyc-uQSCkd Ft7HRd-AhqUyc-uQSCkd jXK9ad D2fZ2 zu5uec OjCsFc dmUFtb wHaque g5GTcb\">\n<div class=\"jXK9ad-SmKAyb\">\n<div class=\"tyJCtd mGzaTb Depvyb baZpAe\">\n<p class=\"zfr3Q CDt4Ke \" dir=\"ltr\" style=\"text-align: justify;\"><span style=\"font-family: inherit; font-size: 1em;\">La cultura digital apareix en pr\u00e0cticament tots els documents b\u00e0sics del centre. A continuaci\u00f3 es remarquen els aspectes m\u00e9s importants de cada un d\u2019ells:<\/span><\/p>\n<\/div>\n<\/div>\n<\/div>\n<\/div>\n<\/div>\n<\/div>\n<\/div>\n<\/div>\n<\/div>\n<\/section>\n<section id=\"h.10c98f199d2dfe7_7\" class=\"yaqOZd\">\n<div class=\"mYVXT\">\n<div class=\"LS81yb VICjCf j5pSsc db35Fc\" tabindex=\"-1\">\n<div class=\"hJDwNd-AhqUyc-uQSCkd Ft7HRd-AhqUyc-uQSCkd purZT-AhqUyc-II5mzb ZcASvf-AhqUyc-II5mzb pSzOP-AhqUyc-qWD73c Ktthjf-AhqUyc-qWD73c JNdkSc SQVYQc\">\n<div class=\"JNdkSc-SmKAyb LkDMRd\">\n<div class=\"\">\n<div class=\"oKdM2c ZZyype Kzv0Me\">\n<div id=\"h.10c98f199d2dfe7_4\" class=\"hJDwNd-AhqUyc-uQSCkd Ft7HRd-AhqUyc-uQSCkd jXK9ad D2fZ2 zu5uec OjCsFc dmUFtb wHaque g5GTcb\">\n<div class=\"jXK9ad-SmKAyb\">\n<div class=\"tyJCtd mGzaTb Depvyb baZpAe\">\n<p dir=\"ltr\">\n<\/div>\n<\/div>\n<\/div>\n<\/div>\n<\/div>\n<\/div>\n<\/div>\n<\/div>\n<\/div>\n<\/section>\n<table style=\"width: 100%; border-collapse: collapse; background-color: #ff4c00bf;\">\n<tbody>\n<tr>\n<td style=\"width: 100%;\">\n<h3><span style=\"color: #ffffff;\">PEC<\/span><\/h3>\n<\/td>\n<\/tr>\n<\/tbody>\n<\/table>\n<p><span style=\"font-weight: 400;\">Un dels principis identitaris del centre \u00e9s \u201c<\/span><i><span style=\"font-weight: 400;\">Contribuir a la reinserci\u00f3 socials dels nostres alumnes, mitjan\u00e7ant la formaci\u00f3 general, la capacitaci\u00f3 per al m\u00f3n laboral<\/span><\/i><span style=\"font-weight: 400;\">\u2026\u201d, dins d\u2019aquest principi ideol\u00f2gic les eines digitals formen un paper important com a eina transversal i cohesionadora.\u00a0<\/span><\/p>\n<p><span style=\"font-weight: 400;\">Aquest principi ideol\u00f2gic es concreta el PEC als seg\u00fcents objectius:<\/span><\/p>\n<ul>\n<li style=\"font-weight: 400;\" aria-level=\"1\"><span style=\"font-weight: 400;\">Formar l\u2019alumnat en les compet\u00e8ncies digitals b\u00e0siques per acostar-lo a la societat de la informaci\u00f3 i del coneixement.\u00a0<\/span><\/li>\n<li style=\"font-weight: 400;\" aria-level=\"1\"><span style=\"font-weight: 400;\">Fomentar el coneixement del professorat de les innovacions te\u00f2riques i tecnol\u00f2giques afavorint la seva formaci\u00f3. <\/span><\/li>\n<\/ul>\n<p>Dins dels criteris d\u2019organitzaci\u00f3 pedag\u00f2gica es concreta:<\/p>\n<ul>\n<li><span style=\"font-weight: 400;\">S\u2019adoptaran decisions organitzatives i de promoci\u00f3 d\u2019\u00fas de les TAC per tal que cap alumne quedi sense oportunitat de desenvolupament de les seves compet\u00e8ncies tecnol\u00f2giques.\u00a0<\/span><\/li>\n<\/ul>\n<p>Enlla\u00e7:\u00a0<a href=\"https:\/\/agora.xtec.cat\/cfa-carmekarr\/wp-content\/uploads\/usu495\/2020\/02\/PEC-CFA-Carme-Karr.pdf\">Projecte Educatiu de Centre<\/a><\/p>\n<table style=\"width: 100%; border-collapse: collapse; background-color: #ff4c00bf;\">\n<tbody>\n<tr>\n<td style=\"width: 100%;\">\n<h3><span style=\"color: #ffffff;\">NOFC<\/span><\/h3>\n<\/td>\n<\/tr>\n<\/tbody>\n<\/table>\n<p><span style=\"font-weight: 400;\">Pel que fa a les NOFC, es detalla la normativa i organitzaci\u00f3 del centre en aspectes digitals als seg\u00fcents apartats:<\/span><\/p>\n<ul>\n<li style=\"font-weight: 400;\" aria-level=\"1\"><span style=\"font-weight: 400;\">1.3.6. Les funcions principals de la coordinaci\u00f3 digital.<\/span><\/li>\n<li style=\"font-weight: 400;\" aria-level=\"1\"><span style=\"font-weight: 400;\">1.7.7. La normativa sobre dispositius digitals.<\/span><\/li>\n<li style=\"font-weight: 400;\" aria-level=\"1\"><span style=\"font-weight: 400;\">2.3.2. Especifica les funcions de l\u2019\u00e0rea de cultura digital (comissi\u00f3 digital).<\/span><\/li>\n<\/ul>\n<p class=\"zfr3Q CDt4Ke \" dir=\"ltr\"><span class=\"C9DxTc \" style=\"color: #ff0000;\"><span style=\"color: #000000;\">En el seg\u00fcent enlla\u00e7 es poden\u00a0 consultar.<\/span> <a href=\"https:\/\/agora.xtec.cat\/cfa-carmekarr\/wp-content\/uploads\/usu495\/2022\/10\/NOFC_JULIOL-2022.pdf\">NOFC<\/a><\/span><\/p>\n<td style=\"width: 100%;\">\n<h3><span style=\"color: #ffffff;\">PLA DE COMUNICACI\u00d3<\/span><\/h3>\n<\/td>\n<p>Pla de Comunicaci\u00f3<\/p>\n","protected":false},"excerpt":{"rendered":"<p>La cultura digital apareix en pr\u00e0cticament tots els documents b\u00e0sics del centre. A continuaci\u00f3 es remarquen els aspectes m\u00e9s importants de cada un d\u2019ells:<\/p>\n<p>PEC<\/p>\n<p>Un dels principis identitaris del centre \u00e9s \u201cContribuir a la reinserci\u00f3 socials dels nostres alumnes, mitjan\u00e7ant la formaci\u00f3 general, la capacitaci\u00f3 per&hellip;  <a href=\"https:\/\/agora.xtec.cat\/cfa-carmekarr\/projecte-educatiu\/estrategia-digital-de-centre-edc\/cultura-digital\/documentacio-basica\/\" title=\"Read Documentaci\u00f3 b\u00e0sica\">Llegeix m\u00e9s\u00bb<\/a><\/p>\n","protected":false},"author":1,"featured_media":0,"parent":17721,"menu_order":0,"comment_status":"closed","ping_status":"closed","template":"","meta":{"_bbp_topic_count":0,"_bbp_reply_count":0,"_bbp_total_topic_count":0,"_bbp_total_reply_count":0,"_bbp_voice_count":0,"_bbp_anonymous_reply_count":0,"_bbp_topic_count_hidden":0,"_bbp_reply_count_hidden":0,"_bbp_forum_subforum_count":0,"footnotes":""},"class_list":["post-18218","page","type-page","status-publish","hentry"],"post_mailing_queue_ids":[],"_links":{"self":[{"href":"https:\/\/agora.xtec.cat\/cfa-carmekarr\/wp-json\/wp\/v2\/pages\/18218","targetHints":{"allow":["GET"]}}],"collection":[{"href":"https:\/\/agora.xtec.cat\/cfa-carmekarr\/wp-json\/wp\/v2\/pages"}],"about":[{"href":"https:\/\/agora.xtec.cat\/cfa-carmekarr\/wp-json\/wp\/v2\/types\/page"}],"author":[{"embeddable":true,"href":"https:\/\/agora.xtec.cat\/cfa-carmekarr\/wp-json\/wp\/v2\/users\/1"}],"replies":[{"embeddable":true,"href":"https:\/\/agora.xtec.cat\/cfa-carmekarr\/wp-json\/wp\/v2\/comments?post=18218"}],"version-history":[{"count":4,"href":"https:\/\/agora.xtec.cat\/cfa-carmekarr\/wp-json\/wp\/v2\/pages\/18218\/revisions"}],"predecessor-version":[{"id":18564,"href":"https:\/\/agora.xtec.cat\/cfa-carmekarr\/wp-json\/wp\/v2\/pages\/18218\/revisions\/18564"}],"up":[{"embeddable":true,"href":"https:\/\/agora.xtec.cat\/cfa-carmekarr\/wp-json\/wp\/v2\/pages\/17721"}],"wp:attachment":[{"href":"https:\/\/agora.xtec.cat\/cfa-carmekarr\/wp-json\/wp\/v2\/media?parent=18218"}],"curies":[{"name":"wp","href":"https:\/\/api.w.org\/{rel}","templated":true}]}}