{"id":17695,"date":"2022-06-24T12:49:04","date_gmt":"2022-06-24T10:49:04","guid":{"rendered":"https:\/\/agora.xtec.cat\/cfa-carmekarr\/?page_id=17695"},"modified":"2023-03-01T16:27:45","modified_gmt":"2023-03-01T15:27:45","slug":"objectius","status":"publish","type":"page","link":"https:\/\/agora.xtec.cat\/cfa-carmekarr\/projecte-educatiu\/estrategia-digital-de-centre-edc\/estrategia\/objectius\/","title":{"rendered":"Objectius"},"content":{"rendered":"<p>El nostre objectiu dins l\u2019\u00e0mbit digital \u00e9s el de formar l\u2019alumnat en les compet\u00e8ncies digitals b\u00e0siques per acostar-lo a la societat de la informaci\u00f3 i del coneixement afavorint la seva reinserci\u00f3 en la societat.<\/p>\n<p>Aix\u00ed doncs els objectius de l\u2019EDC:<\/p>\n<ol>\n<li>Definir protocols de comunicaci\u00f3 externa i interna per crear un l\u00ednia comuna al centre.<\/li>\n<li>Promoure l&#8217;\u00fas d&#8217;eines digitals als diferents ensenyaments per desenvolupar la CD de l&#8217;alumnat<\/li>\n<li>Potenciar els recursos (externs i interns) per millorar les infraestructures del centres (connectivitat i maquinari)<\/li>\n<\/ol>\n","protected":false},"excerpt":{"rendered":"<p>El nostre objectiu dins l\u2019\u00e0mbit digital \u00e9s el de formar l\u2019alumnat en les compet\u00e8ncies digitals b\u00e0siques per acostar-lo a la societat de la informaci\u00f3 i del coneixement afavorint la seva reinserci\u00f3 en la societat.<br \/>\nAix\u00ed doncs els objectius de l\u2019EDC:<\/p>\n<ol>\n<li>Definir protocols de comunicaci\u00f3 externa i interna&hellip;  <a href=\"https:\/\/agora.xtec.cat\/cfa-carmekarr\/projecte-educatiu\/estrategia-digital-de-centre-edc\/estrategia\/objectius\/\" title=\"Read Objectius\">Llegeix m\u00e9s\u00bb<\/a><br \/>\n","protected":false},"author":1,"featured_media":0,"parent":17723,"menu_order":15,"comment_status":"closed","ping_status":"closed","template":"page-templates\/side-menu.php","meta":{"_bbp_topic_count":0,"_bbp_reply_count":0,"_bbp_total_topic_count":0,"_bbp_total_reply_count":0,"_bbp_voice_count":0,"_bbp_anonymous_reply_count":0,"_bbp_topic_count_hidden":0,"_bbp_reply_count_hidden":0,"_bbp_forum_subforum_count":0,"footnotes":""},"class_list":["post-17695","page","type-page","status-publish","hentry"],"post_mailing_queue_ids":[],"_links":{"self":[{"href":"https:\/\/agora.xtec.cat\/cfa-carmekarr\/wp-json\/wp\/v2\/pages\/17695","targetHints":{"allow":["GET"]}}],"collection":[{"href":"https:\/\/agora.xtec.cat\/cfa-carmekarr\/wp-json\/wp\/v2\/pages"}],"about":[{"href":"https:\/\/agora.xtec.cat\/cfa-carmekarr\/wp-json\/wp\/v2\/types\/page"}],"author":[{"embeddable":true,"href":"https:\/\/agora.xtec.cat\/cfa-carmekarr\/wp-json\/wp\/v2\/users\/1"}],"replies":[{"embeddable":true,"href":"https:\/\/agora.xtec.cat\/cfa-carmekarr\/wp-json\/wp\/v2\/comments?post=17695"}],"version-history":[{"count":4,"href":"https:\/\/agora.xtec.cat\/cfa-carmekarr\/wp-json\/wp\/v2\/pages\/17695\/revisions"}],"predecessor-version":[{"id":18090,"href":"https:\/\/agora.xtec.cat\/cfa-carmekarr\/wp-json\/wp\/v2\/pages\/17695\/revisions\/18090"}],"up":[{"embeddable":true,"href":"https:\/\/agora.xtec.cat\/cfa-carmekarr\/wp-json\/wp\/v2\/pages\/17723"}],"wp:attachment":[{"href":"https:\/\/agora.xtec.cat\/cfa-carmekarr\/wp-json\/wp\/v2\/media?parent=17695"}],"curies":[{"name":"wp","href":"https:\/\/api.w.org\/{rel}","templated":true}]}}