{"id":17568,"date":"2022-05-13T07:54:43","date_gmt":"2022-05-13T05:54:43","guid":{"rendered":"https:\/\/agora.xtec.cat\/cfa-carmekarr\/?page_id=17568"},"modified":"2023-05-25T07:19:32","modified_gmt":"2023-05-25T05:19:32","slug":"estrategia-digital-de-centre-edc","status":"publish","type":"page","link":"https:\/\/agora.xtec.cat\/cfa-carmekarr\/projecte-educatiu\/estrategia-digital-de-centre-edc\/","title":{"rendered":"Estrat\u00e8gia Digital de Centre (EDC)"},"content":{"rendered":"<p style=\"text-align: justify;\"><a href=\"https:\/\/educacio.gencat.cat\/ca\/departament\/publicacions\/colleccions\/pla-educacio-digital\/estrategia-digital-centre\/index.html\">L\u2019Estrategia Digital de Centre (EDC)<\/a> \u00e9s el document que recull totes les accions que es realitzen en el centre, i les que es realitzaran a mitj\u00e0 termini, per aconseguir la m\u00e0xima compet\u00e8ncia digital de l\u2019alumnat, del professorat i del centre educatiu. T\u00e9 com a referent el <a href=\"https:\/\/educacio.gencat.cat\/ca\/departament\/linies-estrategiques\/pla-educacio-digital\/\" target=\"_blank\" rel=\"noopener\">Pla d&#8217;educaci\u00f3 digital de Catalunya 2020-2023 (PEDC)<\/a>, on s\u2019indica la necessitat d\u2019assolir la fita d\u2019una societat digitalment competent, fent \u00e8mfasi en l\u2019equitat i tenint en compte l\u2019evoluci\u00f3 del context social i tecnol\u00f2gic.<\/p>\n<p style=\"text-align: justify;\">Webs i documents de suport per a la realitzaci\u00f3 de l&#8217;EDC:<\/p>\n<ul>\n<li><a href=\"https:\/\/projectes.xtec.cat\/edc-suport\/\">Web de suport a l\u2019Estrategia Digital de Centre<\/a>\n<ul>\n<li><a href=\"https:\/\/agora.xtec.cat\/cfa-carmekarr\/wp-content\/uploads\/usu495\/2022\/05\/estrategia-digital-centre.pdf\">Document Estrategia-digital-centre (pdf)<\/a><\/li>\n<li><a href=\"https:\/\/agora.xtec.cat\/cfa-carmekarr\/wp-content\/uploads\/usu495\/2022\/05\/PEC_Cultura_digital.pdf\">Document PEC_Cultura_digital (pdf)<\/a><\/li>\n<\/ul>\n<\/li>\n<li><a href=\"https:\/\/projectes.xtec.cat\/coordinaciodigital\/\" target=\"_blank\" rel=\"noopener\">Web Coordinaci\u00f3 Digital de Centre<\/a>\n<ul>\n<li><a href=\"https:\/\/agora.xtec.cat\/cfa-carmekarr\/wp-content\/uploads\/usu495\/2022\/05\/orientacions-coordinacio-digital-centre.pdf\">Document Orientacions-coordinacio-digital-centre (pdf)<\/a><\/li>\n<\/ul>\n<\/li>\n<li><a href=\"https:\/\/projectes.xtec.cat\/coordinaciodigital\/dinamitzacio-digital\/estrategia-digital-de-centre\/\">Web Comissi\u00f3 d\u2019Estrategia Digital de centre<\/a>\n<ul>\n<li><a href=\"https:\/\/agora.xtec.cat\/cfa-carmekarr\/wp-content\/uploads\/usu495\/2022\/05\/funcions-comissio-estrategia-digital-centre.pdf\">Document Funcions-comissio-estrategia-digital-centre (pdf)<\/a><\/li>\n<\/ul>\n<\/li>\n<\/ul>\n","protected":false},"excerpt":{"rendered":"<p><a href=\"https:\/\/educacio.gencat.cat\/ca\/departament\/publicacions\/colleccions\/pla-educacio-digital\/estrategia-digital-centre\/index.html\">L\u2019Estrategia Digital de Centre (EDC)<\/a> \u00e9s el document que recull totes les accions que es realitzen en el centre, i les que es realitzaran a mitj\u00e0 termini, per aconseguir la m\u00e0xima compet\u00e8ncia digital de l\u2019alumnat, del professorat i del centre educatiu. T\u00e9 com a&hellip;  <a href=\"https:\/\/agora.xtec.cat\/cfa-carmekarr\/projecte-educatiu\/estrategia-digital-de-centre-edc\/\" title=\"Read Estrat\u00e8gia Digital de Centre (EDC)\">Llegeix m\u00e9s\u00bb<\/a><\/p>\n","protected":false},"author":1,"featured_media":0,"parent":57,"menu_order":30,"comment_status":"closed","ping_status":"closed","template":"","meta":{"_bbp_topic_count":0,"_bbp_reply_count":0,"_bbp_total_topic_count":0,"_bbp_total_reply_count":0,"_bbp_voice_count":0,"_bbp_anonymous_reply_count":0,"_bbp_topic_count_hidden":0,"_bbp_reply_count_hidden":0,"_bbp_forum_subforum_count":0,"footnotes":""},"class_list":["post-17568","page","type-page","status-publish","hentry"],"post_mailing_queue_ids":[],"_links":{"self":[{"href":"https:\/\/agora.xtec.cat\/cfa-carmekarr\/wp-json\/wp\/v2\/pages\/17568","targetHints":{"allow":["GET"]}}],"collection":[{"href":"https:\/\/agora.xtec.cat\/cfa-carmekarr\/wp-json\/wp\/v2\/pages"}],"about":[{"href":"https:\/\/agora.xtec.cat\/cfa-carmekarr\/wp-json\/wp\/v2\/types\/page"}],"author":[{"embeddable":true,"href":"https:\/\/agora.xtec.cat\/cfa-carmekarr\/wp-json\/wp\/v2\/users\/1"}],"replies":[{"embeddable":true,"href":"https:\/\/agora.xtec.cat\/cfa-carmekarr\/wp-json\/wp\/v2\/comments?post=17568"}],"version-history":[{"count":3,"href":"https:\/\/agora.xtec.cat\/cfa-carmekarr\/wp-json\/wp\/v2\/pages\/17568\/revisions"}],"predecessor-version":[{"id":18095,"href":"https:\/\/agora.xtec.cat\/cfa-carmekarr\/wp-json\/wp\/v2\/pages\/17568\/revisions\/18095"}],"up":[{"embeddable":true,"href":"https:\/\/agora.xtec.cat\/cfa-carmekarr\/wp-json\/wp\/v2\/pages\/57"}],"wp:attachment":[{"href":"https:\/\/agora.xtec.cat\/cfa-carmekarr\/wp-json\/wp\/v2\/media?parent=17568"}],"curies":[{"name":"wp","href":"https:\/\/api.w.org\/{rel}","templated":true}]}}