{"id":580,"date":"2020-01-31T11:50:41","date_gmt":"2020-01-31T10:50:41","guid":{"rendered":"https:\/\/agora.xtec.cat\/cfa-cardedeu\/?page_id=580"},"modified":"2025-03-28T12:21:41","modified_gmt":"2025-03-28T11:21:41","slug":"organitzacio","status":"publish","type":"page","link":"https:\/\/agora.xtec.cat\/cfa-cardedeu\/documents-centre\/projecte-educatiu-de-centre-pec\/organitzacio\/","title":{"rendered":"Organitzaci\u00f3"},"content":{"rendered":"<h3>Equip directiu<\/h3>\n<p>L\u2019equip docent est\u00e0 format per quatre professionals que s\u2019organitzen de manera horitzontal, \u00e9s a dir, cada docent realitza la seva tasca dins del centre d\u2019acord amb la seva titulaci\u00f3 acad\u00e8mica i compet\u00e8ncies professionals i la relaci\u00f3 \u00e9s estreta, coordinada i col\u00b7laborativa. Ara b\u00e9, d\u2019acord amb el que s\u2019estableix des del Departament d\u2019Ensenyament de la Generalitat de Catalunya, per la tipologia de centre que \u00e9s el CFA de Cardedeu, cal disposar de professorat amb les funcions de direcci\u00f3 i de secretariat. Tot i aquests requisits m\u00ednims, nosaltres pensem que la figura de cap d\u2019estudis \u00e9s important com a referent pels estudiants que pel seu perfil, precisen molt acompanyament en el seu itinerari formatiu.<\/p>\n<p>Aix\u00ed, el nostre equip directiu est\u00e0 format per:<\/p>\n<h3>Direcci\u00f3<\/h3>\n<p>Les seves funcions que venen detallades en la Llei d\u2019educaci\u00f3 12\/2009 del 10 de juliol, de manera general, s\u00f3n totes aquelles que fan refer\u00e8ncia a la relaci\u00f3 del centre amb l\u2019exterior, ja sigui a nivell municipal, d\u2019altres municipis, Generalitat, Diputaci\u00f3\u2026 i coordinar i vetllar pel bon funcionament del centre.<\/p>\n<h3>Cap d\u2019Estudis<\/h3>\n<p>Les seves funcions m\u00e9s encaminades a ser el referent per a tots l\u2019alumnat del centre i resoldre totes aquelles q\u00fcestions pedag\u00f2giques que puguin sorgir al llarg del curs. Tamb\u00e9 s\u2019encarrega de la distribuci\u00f3 hor\u00e0ria del centre.<\/p>\n<h3>Secretaria<\/h3>\n<p>Les seves funcions s\u00f3n totes aquelles que fan refer\u00e8ncia a organitzaci\u00f3 burocr\u00e0tica i administrativa, recull les actes de les reunions que es realitzen, control de documentaci\u00f3, terminis, etc. i de suport tant a la Directora com al Cap d\u2019estudis.<\/p>\n","protected":false},"excerpt":{"rendered":"<p>Equip directiu L\u2019equip docent est\u00e0 format per quatre professionals que s\u2019organitzen de manera horitzontal, \u00e9s a dir, cada docent realitza [&hellip;]<\/p>\n","protected":false},"author":1,"featured_media":0,"parent":1020,"menu_order":8,"comment_status":"closed","ping_status":"closed","template":"","meta":{"_bbp_topic_count":0,"_bbp_reply_count":0,"_bbp_total_topic_count":0,"_bbp_total_reply_count":0,"_bbp_voice_count":0,"_bbp_anonymous_reply_count":0,"_bbp_topic_count_hidden":0,"_bbp_reply_count_hidden":0,"_bbp_forum_subforum_count":0,"site-sidebar-layout":"default","site-content-layout":"","ast-site-content-layout":"default","site-content-style":"default","site-sidebar-style":"default","ast-global-header-display":"","ast-banner-title-visibility":"","ast-main-header-display":"","ast-hfb-above-header-display":"","ast-hfb-below-header-display":"","ast-hfb-mobile-header-display":"","site-post-title":"","ast-breadcrumbs-content":"","ast-featured-img":"","footer-sml-layout":"","theme-transparent-header-meta":"default","adv-header-id-meta":"","stick-header-meta":"","header-above-stick-meta":"","header-main-stick-meta":"","header-below-stick-meta":"","astra-migrate-meta-layouts":"set","ast-page-background-enabled":"default","ast-page-background-meta":{"desktop":{"background-color":"var(--ast-global-color-4)","background-image":"","background-repeat":"repeat","background-position":"center center","background-size":"auto","background-attachment":"scroll","background-type":"","background-media":"","overlay-type":"","overlay-color":"","overlay-opacity":"","overlay-gradient":""},"tablet":{"background-color":"","background-image":"","background-repeat":"repeat","background-position":"center center","background-size":"auto","background-attachment":"scroll","background-type":"","background-media":"","overlay-type":"","overlay-color":"","overlay-opacity":"","overlay-gradient":""},"mobile":{"background-color":"","background-image":"","background-repeat":"repeat","background-position":"center center","background-size":"auto","background-attachment":"scroll","background-type":"","background-media":"","overlay-type":"","overlay-color":"","overlay-opacity":"","overlay-gradient":""}},"ast-content-background-meta":{"desktop":{"background-color":"var(--ast-global-color-5)","background-image":"","background-repeat":"repeat","background-position":"center center","background-size":"auto","background-attachment":"scroll","background-type":"","background-media":"","overlay-type":"","overlay-color":"","overlay-opacity":"","overlay-gradient":""},"tablet":{"background-color":"var(--ast-global-color-5)","background-image":"","background-repeat":"repeat","background-position":"center center","background-size":"auto","background-attachment":"scroll","background-type":"","background-media":"","overlay-type":"","overlay-color":"","overlay-opacity":"","overlay-gradient":""},"mobile":{"background-color":"var(--ast-global-color-5)","background-image":"","background-repeat":"repeat","background-position":"center center","background-size":"auto","background-attachment":"scroll","background-type":"","background-media":"","overlay-type":"","overlay-color":"","overlay-opacity":"","overlay-gradient":""}},"footnotes":""},"class_list":["post-580","page","type-page","status-publish","hentry"],"post_mailing_queue_ids":[],"_links":{"self":[{"href":"https:\/\/agora.xtec.cat\/cfa-cardedeu\/wp-json\/wp\/v2\/pages\/580","targetHints":{"allow":["GET"]}}],"collection":[{"href":"https:\/\/agora.xtec.cat\/cfa-cardedeu\/wp-json\/wp\/v2\/pages"}],"about":[{"href":"https:\/\/agora.xtec.cat\/cfa-cardedeu\/wp-json\/wp\/v2\/types\/page"}],"author":[{"embeddable":true,"href":"https:\/\/agora.xtec.cat\/cfa-cardedeu\/wp-json\/wp\/v2\/users\/1"}],"replies":[{"embeddable":true,"href":"https:\/\/agora.xtec.cat\/cfa-cardedeu\/wp-json\/wp\/v2\/comments?post=580"}],"version-history":[{"count":1,"href":"https:\/\/agora.xtec.cat\/cfa-cardedeu\/wp-json\/wp\/v2\/pages\/580\/revisions"}],"predecessor-version":[{"id":581,"href":"https:\/\/agora.xtec.cat\/cfa-cardedeu\/wp-json\/wp\/v2\/pages\/580\/revisions\/581"}],"up":[{"embeddable":true,"href":"https:\/\/agora.xtec.cat\/cfa-cardedeu\/wp-json\/wp\/v2\/pages\/1020"}],"wp:attachment":[{"href":"https:\/\/agora.xtec.cat\/cfa-cardedeu\/wp-json\/wp\/v2\/media?parent=580"}],"curies":[{"name":"wp","href":"https:\/\/api.w.org\/{rel}","templated":true}]}}