{"id":570,"date":"2020-01-31T11:30:19","date_gmt":"2020-01-31T10:30:19","guid":{"rendered":"https:\/\/agora.xtec.cat\/cfa-cardedeu\/?page_id=570"},"modified":"2025-03-28T12:19:20","modified_gmt":"2025-03-28T11:19:20","slug":"avaluacio","status":"publish","type":"page","link":"https:\/\/agora.xtec.cat\/cfa-cardedeu\/documents-centre\/projecte-educatiu-de-centre-pec\/incorporacio-perspectiva-de-genere-en-el-pec\/avaluacio\/","title":{"rendered":"Avaluaci\u00f3"},"content":{"rendered":"<h3>Planificaci\u00f3<\/h3>\n<p>Tenint en compte que el CFA parteix gaireb\u00e9 del punt zero i que hi ha moltes fites a assolir, pensem que \u00e9s important determinar una planificaci\u00f3 temporal de les accions que es volen portar a terme per tal de facilitar la consecuci\u00f3 dels objectius. Creiem que hem de planificar la nostra proposta a tres anys vista i de manera progressiva.<\/p>\n<h3>Avaluaci\u00f3 un proc\u00e9s continu<\/h3>\n<p>Un cop definits els objectius a assolir i la seva planificaci\u00f3 en el temps, tamb\u00e9 cal determinar els moments en qu\u00e8 s\u2019aniran revisant els procediments, metodologies, fites assolides, etc. ja que creiem que part de l\u2019\u00e8xit de la nostra proposta es basa en determinar moments al llarg del curs per a la reflexi\u00f3 de la tasca que s\u2019est\u00e0 portant a terme que permeti corregir-ne els errors que es puguin anar detectant; assegurar, m\u00e9s f\u00e0cilment, que s&#8217;est\u00e0 fent un bon cam\u00ed per assolir els objectius proposats i introduir a temps, si \u00e9s el cas, mecanismes correctors.<\/p>\n<p>D\u2019aquesta manera proposem trobades peri\u00f2diques trimestrals amb el claustre i l\u2019equip directiu i tamb\u00e9 proposem traslladar al Consell Escolar part d\u2019aquesta responsabilitat d\u2019avaluaci\u00f3.<\/p>\n<h3>L&#8217;avaluaci\u00f3 com una eina d&#8217;aprenentatge<\/h3>\n<p>Considerem que l\u2019avaluaci\u00f3 \u00e9s una eina m\u00e9s enll\u00e0 al rendiment de comptes, sin\u00f3 que contribueix a millorar la qualitat, en termes d\u2019efic\u00e0cia, efici\u00e8ncia i transpar\u00e8ncia. Avaluar permet generar coneixement sobre el mateix projecte, des del seu disseny, la seva implementaci\u00f3, el seu impacte i, en definitiva, sobre si realment dona resposta a la proposta plantejada des de la regidoria d\u2019educaci\u00f3 d\u2019aquest Ajuntament.<\/p>\n<p>Aix\u00ed l\u2019avaluaci\u00f3 ens ha de permetre proposar millores en totes les etapes del projecte i, al final del per\u00edode, proposar un nou projecte renovat i actualitzat a la realitat del moment, l\u2019experi\u00e8ncia assolida i l\u2019an\u00e0lisi dels punts forts i febles que s\u2019han anat recollint al llarg de l\u2019execuci\u00f3 d\u2019aquesta proposta.<\/p>\n<h3>Fomentar la participaci\u00f3 de les persones implicades i altres actors<\/h3>\n<p>El CFA de Cardedeu no \u00e9s un servei a\u00efllat dins dels serveis que s\u2019ofereixen a La Mongia, aix\u00f2 vol dir que no podem deslligar-nos i actuar de manera independent, sin\u00f3 que hem d\u2019impulsar, col\u00b7laborar i participar en totes aquelles accions que es van portant a terme des dels diferents \u00e0mbits i regidores i aix\u00ed actuar d\u2019una manera transversal. Cal esmentar que compartim en alguns casos documentaci\u00f3, base de dades, comunicacions, etc&#8230; per tant \u00e9s imprescindible aquest treball conjunt per tal d\u2019assolir amb \u00e8xit les fites proposades.<\/p>\n<h3>Apostem per la transpar\u00e8ncia i la credibilitat<\/h3>\n<p>La transpar\u00e8ncia del proc\u00e9s d\u2019avaluaci\u00f3 \u00e9s fonamental per a la legitimitat i credibilitat dels seus resultats i determina en gran mesura el seu potencial de transformaci\u00f3 a futur.<\/p>\n<p>Tenim la voluntat d\u2019explicar de manera clara i entenedora, els arguments i an\u00e0lisi que portaran a les conclusions de l\u2019avaluaci\u00f3 per poder aix\u00ed traslladar la nostra experi\u00e8ncia a d\u2019altres entitats i serveis que s\u2019ofereixen a nivell municipal o en d\u2019altres centres similars al nostre d\u2019altres municipis. Volem que la nostra experi\u00e8ncia serveixi per a d\u2019altres amb la voluntat d\u2019arribar a aconseguir de manera generalitzada l\u2019objectiu principal d\u2019aquest projecte: la igualtat efectiva entre homes i dones de manera conscient i proactiva.<\/p>\n<p>D\u2019alguna manera el que volem explicitar \u00e9s que, portar a terme aquest projecte que ens \u00e9s obligat segons el contracte signat en la licitaci\u00f3 del servei del CFA de Cardedeu, \u00e9s una proposta en la que creiem i que volem endegar amb il\u00b7lusi\u00f3 i convenciment.<\/p>\n","protected":false},"excerpt":{"rendered":"<p>Planificaci\u00f3 Tenint en compte que el CFA parteix gaireb\u00e9 del punt zero i que hi ha moltes fites a assolir, [&hellip;]<\/p>\n","protected":false},"author":1,"featured_media":0,"parent":558,"menu_order":4,"comment_status":"closed","ping_status":"closed","template":"","meta":{"_bbp_topic_count":0,"_bbp_reply_count":0,"_bbp_total_topic_count":0,"_bbp_total_reply_count":0,"_bbp_voice_count":0,"_bbp_anonymous_reply_count":0,"_bbp_topic_count_hidden":0,"_bbp_reply_count_hidden":0,"_bbp_forum_subforum_count":0,"site-sidebar-layout":"default","site-content-layout":"","ast-site-content-layout":"default","site-content-style":"default","site-sidebar-style":"default","ast-global-header-display":"","ast-banner-title-visibility":"","ast-main-header-display":"","ast-hfb-above-header-display":"","ast-hfb-below-header-display":"","ast-hfb-mobile-header-display":"","site-post-title":"","ast-breadcrumbs-content":"","ast-featured-img":"","footer-sml-layout":"","theme-transparent-header-meta":"default","adv-header-id-meta":"","stick-header-meta":"","header-above-stick-meta":"","header-main-stick-meta":"","header-below-stick-meta":"","astra-migrate-meta-layouts":"set","ast-page-background-enabled":"default","ast-page-background-meta":{"desktop":{"background-color":"var(--ast-global-color-4)","background-image":"","background-repeat":"repeat","background-position":"center center","background-size":"auto","background-attachment":"scroll","background-type":"","background-media":"","overlay-type":"","overlay-color":"","overlay-opacity":"","overlay-gradient":""},"tablet":{"background-color":"","background-image":"","background-repeat":"repeat","background-position":"center center","background-size":"auto","background-attachment":"scroll","background-type":"","background-media":"","overlay-type":"","overlay-color":"","overlay-opacity":"","overlay-gradient":""},"mobile":{"background-color":"","background-image":"","background-repeat":"repeat","background-position":"center center","background-size":"auto","background-attachment":"scroll","background-type":"","background-media":"","overlay-type":"","overlay-color":"","overlay-opacity":"","overlay-gradient":""}},"ast-content-background-meta":{"desktop":{"background-color":"var(--ast-global-color-5)","background-image":"","background-repeat":"repeat","background-position":"center center","background-size":"auto","background-attachment":"scroll","background-type":"","background-media":"","overlay-type":"","overlay-color":"","overlay-opacity":"","overlay-gradient":""},"tablet":{"background-color":"var(--ast-global-color-5)","background-image":"","background-repeat":"repeat","background-position":"center center","background-size":"auto","background-attachment":"scroll","background-type":"","background-media":"","overlay-type":"","overlay-color":"","overlay-opacity":"","overlay-gradient":""},"mobile":{"background-color":"var(--ast-global-color-5)","background-image":"","background-repeat":"repeat","background-position":"center center","background-size":"auto","background-attachment":"scroll","background-type":"","background-media":"","overlay-type":"","overlay-color":"","overlay-opacity":"","overlay-gradient":""}},"footnotes":""},"class_list":["post-570","page","type-page","status-publish","hentry"],"post_mailing_queue_ids":[],"_links":{"self":[{"href":"https:\/\/agora.xtec.cat\/cfa-cardedeu\/wp-json\/wp\/v2\/pages\/570","targetHints":{"allow":["GET"]}}],"collection":[{"href":"https:\/\/agora.xtec.cat\/cfa-cardedeu\/wp-json\/wp\/v2\/pages"}],"about":[{"href":"https:\/\/agora.xtec.cat\/cfa-cardedeu\/wp-json\/wp\/v2\/types\/page"}],"author":[{"embeddable":true,"href":"https:\/\/agora.xtec.cat\/cfa-cardedeu\/wp-json\/wp\/v2\/users\/1"}],"replies":[{"embeddable":true,"href":"https:\/\/agora.xtec.cat\/cfa-cardedeu\/wp-json\/wp\/v2\/comments?post=570"}],"version-history":[{"count":1,"href":"https:\/\/agora.xtec.cat\/cfa-cardedeu\/wp-json\/wp\/v2\/pages\/570\/revisions"}],"predecessor-version":[{"id":571,"href":"https:\/\/agora.xtec.cat\/cfa-cardedeu\/wp-json\/wp\/v2\/pages\/570\/revisions\/571"}],"up":[{"embeddable":true,"href":"https:\/\/agora.xtec.cat\/cfa-cardedeu\/wp-json\/wp\/v2\/pages\/558"}],"wp:attachment":[{"href":"https:\/\/agora.xtec.cat\/cfa-cardedeu\/wp-json\/wp\/v2\/media?parent=570"}],"curies":[{"name":"wp","href":"https:\/\/api.w.org\/{rel}","templated":true}]}}