{"id":565,"date":"2020-01-31T11:25:05","date_gmt":"2020-01-31T10:25:05","guid":{"rendered":"https:\/\/agora.xtec.cat\/cfa-cardedeu\/?page_id=565"},"modified":"2025-03-28T12:17:35","modified_gmt":"2025-03-28T11:17:35","slug":"objectius","status":"publish","type":"page","link":"https:\/\/agora.xtec.cat\/cfa-cardedeu\/documents-centre\/projecte-educatiu-de-centre-pec\/incorporacio-perspectiva-de-genere-en-el-pec\/objectius\/","title":{"rendered":"Objectius"},"content":{"rendered":"<h3>Objectiu general<\/h3>\n<p>L\u2019objectiu general del Centre de Formaci\u00f3 de persones Adultes \u00e9s incloure en el projecte educatiu del centre tots aquells aspectes, recursos i eines que afavoreixin que l\u2019escola vetlli i impulsi la igualtat efectiva entre homes i dones de manera conscient i proactiva tant pel que fa a la coeducaci\u00f3 com en els seus continguts, materials i comunicacions dins i fora de l\u2019aula.<\/p>\n<h3>Objectius espec\u00edfics<\/h3>\n<p>D\u2019acord amb l\u2019objectiu general establert concretar\u00edem els seg\u00fcents objectius espec\u00edfics:<\/p>\n<ol>\n<li>Incorporar la perspectiva de g\u00e8nere en el Servei de Formaci\u00f3 de persones Adultes de Cardedeu<\/li>\n<li>Fomentar les relacions igualit\u00e0ries entre dones i homes, identificant possibles situacions de viol\u00e8ncia<\/li>\n<li>Incentivar la participaci\u00f3 de l\u2019alumnat en totes les activitats comunit\u00e0ries de sensibilitzaci\u00f3 envers la igualtat de g\u00e8nere i contra la viol\u00e8ncia masclista.<\/li>\n<\/ol>\n","protected":false},"excerpt":{"rendered":"<p>Objectiu general L\u2019objectiu general del Centre de Formaci\u00f3 de persones Adultes \u00e9s incloure en el projecte educatiu del centre tots [&hellip;]<\/p>\n","protected":false},"author":1,"featured_media":0,"parent":558,"menu_order":2,"comment_status":"closed","ping_status":"closed","template":"","meta":{"_bbp_topic_count":0,"_bbp_reply_count":0,"_bbp_total_topic_count":0,"_bbp_total_reply_count":0,"_bbp_voice_count":0,"_bbp_anonymous_reply_count":0,"_bbp_topic_count_hidden":0,"_bbp_reply_count_hidden":0,"_bbp_forum_subforum_count":0,"site-sidebar-layout":"default","site-content-layout":"","ast-site-content-layout":"default","site-content-style":"default","site-sidebar-style":"default","ast-global-header-display":"","ast-banner-title-visibility":"","ast-main-header-display":"","ast-hfb-above-header-display":"","ast-hfb-below-header-display":"","ast-hfb-mobile-header-display":"","site-post-title":"","ast-breadcrumbs-content":"","ast-featured-img":"","footer-sml-layout":"","theme-transparent-header-meta":"default","adv-header-id-meta":"","stick-header-meta":"","header-above-stick-meta":"","header-main-stick-meta":"","header-below-stick-meta":"","astra-migrate-meta-layouts":"set","ast-page-background-enabled":"default","ast-page-background-meta":{"desktop":{"background-color":"var(--ast-global-color-4)","background-image":"","background-repeat":"repeat","background-position":"center center","background-size":"auto","background-attachment":"scroll","background-type":"","background-media":"","overlay-type":"","overlay-color":"","overlay-opacity":"","overlay-gradient":""},"tablet":{"background-color":"","background-image":"","background-repeat":"repeat","background-position":"center center","background-size":"auto","background-attachment":"scroll","background-type":"","background-media":"","overlay-type":"","overlay-color":"","overlay-opacity":"","overlay-gradient":""},"mobile":{"background-color":"","background-image":"","background-repeat":"repeat","background-position":"center center","background-size":"auto","background-attachment":"scroll","background-type":"","background-media":"","overlay-type":"","overlay-color":"","overlay-opacity":"","overlay-gradient":""}},"ast-content-background-meta":{"desktop":{"background-color":"var(--ast-global-color-5)","background-image":"","background-repeat":"repeat","background-position":"center center","background-size":"auto","background-attachment":"scroll","background-type":"","background-media":"","overlay-type":"","overlay-color":"","overlay-opacity":"","overlay-gradient":""},"tablet":{"background-color":"var(--ast-global-color-5)","background-image":"","background-repeat":"repeat","background-position":"center center","background-size":"auto","background-attachment":"scroll","background-type":"","background-media":"","overlay-type":"","overlay-color":"","overlay-opacity":"","overlay-gradient":""},"mobile":{"background-color":"var(--ast-global-color-5)","background-image":"","background-repeat":"repeat","background-position":"center center","background-size":"auto","background-attachment":"scroll","background-type":"","background-media":"","overlay-type":"","overlay-color":"","overlay-opacity":"","overlay-gradient":""}},"footnotes":""},"class_list":["post-565","page","type-page","status-publish","hentry"],"post_mailing_queue_ids":[],"_links":{"self":[{"href":"https:\/\/agora.xtec.cat\/cfa-cardedeu\/wp-json\/wp\/v2\/pages\/565","targetHints":{"allow":["GET"]}}],"collection":[{"href":"https:\/\/agora.xtec.cat\/cfa-cardedeu\/wp-json\/wp\/v2\/pages"}],"about":[{"href":"https:\/\/agora.xtec.cat\/cfa-cardedeu\/wp-json\/wp\/v2\/types\/page"}],"author":[{"embeddable":true,"href":"https:\/\/agora.xtec.cat\/cfa-cardedeu\/wp-json\/wp\/v2\/users\/1"}],"replies":[{"embeddable":true,"href":"https:\/\/agora.xtec.cat\/cfa-cardedeu\/wp-json\/wp\/v2\/comments?post=565"}],"version-history":[{"count":2,"href":"https:\/\/agora.xtec.cat\/cfa-cardedeu\/wp-json\/wp\/v2\/pages\/565\/revisions"}],"predecessor-version":[{"id":567,"href":"https:\/\/agora.xtec.cat\/cfa-cardedeu\/wp-json\/wp\/v2\/pages\/565\/revisions\/567"}],"up":[{"embeddable":true,"href":"https:\/\/agora.xtec.cat\/cfa-cardedeu\/wp-json\/wp\/v2\/pages\/558"}],"wp:attachment":[{"href":"https:\/\/agora.xtec.cat\/cfa-cardedeu\/wp-json\/wp\/v2\/media?parent=565"}],"curies":[{"name":"wp","href":"https:\/\/api.w.org\/{rel}","templated":true}]}}