{"id":558,"date":"2020-01-31T11:19:18","date_gmt":"2020-01-31T10:19:18","guid":{"rendered":"https:\/\/agora.xtec.cat\/cfa-cardedeu\/?page_id=558"},"modified":"2025-03-28T12:15:26","modified_gmt":"2025-03-28T11:15:26","slug":"incorporacio-perspectiva-de-genere-en-el-pec","status":"publish","type":"page","link":"https:\/\/agora.xtec.cat\/cfa-cardedeu\/documents-centre\/projecte-educatiu-de-centre-pec\/incorporacio-perspectiva-de-genere-en-el-pec\/","title":{"rendered":"Incorporaci\u00f3 Perspectiva de g\u00e8nere"},"content":{"rendered":"<h4><a href=\"https:\/\/agora.xtec.cat\/cfa-cardedeu\/projecte-educatiu\/incorporacio-perspectiva-de-genere-en-el-pec\/justificacio\/\">Justificaci\u00f3<\/a><\/h4>\n<h4><a href=\"https:\/\/agora.xtec.cat\/cfa-cardedeu\/projecte-educatiu\/incorporacio-perspectiva-de-genere-en-el-pec\/objectius\/\">Objectius<\/a><\/h4>\n<h4><a href=\"https:\/\/agora.xtec.cat\/cfa-cardedeu\/projecte-educatiu\/incorporacio-perspectiva-de-genere-en-el-pec\/metodologia\/\">Metodologia<\/a><\/h4>\n<h4><a href=\"https:\/\/agora.xtec.cat\/cfa-cardedeu\/projecte-educatiu\/incorporacio-perspectiva-de-genere-en-el-pec\/avaluacio\/\">Avaluaci\u00f3<\/a><\/h4>\n<h4><a href=\"https:\/\/agora.xtec.cat\/cfa-cardedeu\/projecte-educatiu\/incorporacio-perspectiva-de-genere-en-el-pec\/pla-de-comunicacio\/\">Pla de comunicaci\u00f3<\/a><\/h4>\n","protected":false},"excerpt":{"rendered":"<p>Justificaci\u00f3 Objectius Metodologia Avaluaci\u00f3 Pla de comunicaci\u00f3<\/p>\n","protected":false},"author":1,"featured_media":0,"parent":1020,"menu_order":5,"comment_status":"closed","ping_status":"closed","template":"","meta":{"_bbp_topic_count":0,"_bbp_reply_count":0,"_bbp_total_topic_count":0,"_bbp_total_reply_count":0,"_bbp_voice_count":0,"_bbp_anonymous_reply_count":0,"_bbp_topic_count_hidden":0,"_bbp_reply_count_hidden":0,"_bbp_forum_subforum_count":0,"site-sidebar-layout":"default","site-content-layout":"","ast-site-content-layout":"default","site-content-style":"default","site-sidebar-style":"default","ast-global-header-display":"","ast-banner-title-visibility":"","ast-main-header-display":"","ast-hfb-above-header-display":"","ast-hfb-below-header-display":"","ast-hfb-mobile-header-display":"","site-post-title":"","ast-breadcrumbs-content":"","ast-featured-img":"","footer-sml-layout":"","theme-transparent-header-meta":"default","adv-header-id-meta":"","stick-header-meta":"","header-above-stick-meta":"","header-main-stick-meta":"","header-below-stick-meta":"","astra-migrate-meta-layouts":"set","ast-page-background-enabled":"default","ast-page-background-meta":{"desktop":{"background-color":"var(--ast-global-color-4)","background-image":"","background-repeat":"repeat","background-position":"center center","background-size":"auto","background-attachment":"scroll","background-type":"","background-media":"","overlay-type":"","overlay-color":"","overlay-opacity":"","overlay-gradient":""},"tablet":{"background-color":"","background-image":"","background-repeat":"repeat","background-position":"center center","background-size":"auto","background-attachment":"scroll","background-type":"","background-media":"","overlay-type":"","overlay-color":"","overlay-opacity":"","overlay-gradient":""},"mobile":{"background-color":"","background-image":"","background-repeat":"repeat","background-position":"center center","background-size":"auto","background-attachment":"scroll","background-type":"","background-media":"","overlay-type":"","overlay-color":"","overlay-opacity":"","overlay-gradient":""}},"ast-content-background-meta":{"desktop":{"background-color":"var(--ast-global-color-5)","background-image":"","background-repeat":"repeat","background-position":"center center","background-size":"auto","background-attachment":"scroll","background-type":"","background-media":"","overlay-type":"","overlay-color":"","overlay-opacity":"","overlay-gradient":""},"tablet":{"background-color":"var(--ast-global-color-5)","background-image":"","background-repeat":"repeat","background-position":"center center","background-size":"auto","background-attachment":"scroll","background-type":"","background-media":"","overlay-type":"","overlay-color":"","overlay-opacity":"","overlay-gradient":""},"mobile":{"background-color":"var(--ast-global-color-5)","background-image":"","background-repeat":"repeat","background-position":"center center","background-size":"auto","background-attachment":"scroll","background-type":"","background-media":"","overlay-type":"","overlay-color":"","overlay-opacity":"","overlay-gradient":""}},"footnotes":""},"class_list":["post-558","page","type-page","status-publish","hentry"],"post_mailing_queue_ids":[],"_links":{"self":[{"href":"https:\/\/agora.xtec.cat\/cfa-cardedeu\/wp-json\/wp\/v2\/pages\/558","targetHints":{"allow":["GET"]}}],"collection":[{"href":"https:\/\/agora.xtec.cat\/cfa-cardedeu\/wp-json\/wp\/v2\/pages"}],"about":[{"href":"https:\/\/agora.xtec.cat\/cfa-cardedeu\/wp-json\/wp\/v2\/types\/page"}],"author":[{"embeddable":true,"href":"https:\/\/agora.xtec.cat\/cfa-cardedeu\/wp-json\/wp\/v2\/users\/1"}],"replies":[{"embeddable":true,"href":"https:\/\/agora.xtec.cat\/cfa-cardedeu\/wp-json\/wp\/v2\/comments?post=558"}],"version-history":[{"count":3,"href":"https:\/\/agora.xtec.cat\/cfa-cardedeu\/wp-json\/wp\/v2\/pages\/558\/revisions"}],"predecessor-version":[{"id":590,"href":"https:\/\/agora.xtec.cat\/cfa-cardedeu\/wp-json\/wp\/v2\/pages\/558\/revisions\/590"}],"up":[{"embeddable":true,"href":"https:\/\/agora.xtec.cat\/cfa-cardedeu\/wp-json\/wp\/v2\/pages\/1020"}],"wp:attachment":[{"href":"https:\/\/agora.xtec.cat\/cfa-cardedeu\/wp-json\/wp\/v2\/media?parent=558"}],"curies":[{"name":"wp","href":"https:\/\/api.w.org\/{rel}","templated":true}]}}