{"id":320,"date":"2015-01-28T11:35:13","date_gmt":"2015-01-28T10:35:13","guid":{"rendered":"http:\/\/agora.xtec.cat\/cfa-cardedeu\/?page_id=320"},"modified":"2025-03-31T17:41:54","modified_gmt":"2025-03-31T15:41:54","slug":"a-cicles-formatius-de-grau-superior","status":"publish","type":"page","link":"https:\/\/agora.xtec.cat\/cfa-cardedeu\/ensenyaments\/ensenyaments-per-a-la-preparacio-de-proves-dacces\/a-cicles-formatius-de-grau-superior\/","title":{"rendered":"Acc\u00e9s als Cicles Formatius de Grau Superior"},"content":{"rendered":"<p>Aquests estudis preparen per presentar-se a les proves d\u2019acc\u00e9s als cicles de grau superior de formaci\u00f3 professional (CFGS), d\u2019arts pl\u00e0stiques i disseny i d\u2019ensenyaments esportius. L\u2019alumnat pot preparar la part comuna de la prova, la part espec\u00edfica o totes dues. M\u00e9s informaci\u00f3\u00a0<a href=\"https:\/\/triaeducativa.gencat.cat\/ca\/cursos-acces-cicles\/curs-preparacio-proves-gs\/\">aqu\u00ed<\/a>.<\/p>\n<h6><strong>Contingut del curs:<\/strong><\/h6>\n<p>La durada m\u00ednima per a la preparaci\u00f3 de les proves d&#8217;acc\u00e9s al grau superior \u00e9s de 300 hores per a la part comuna i de 99 hores per a cada mat\u00e8ria de la part espec\u00edfica.<\/p>\n<p><strong>Part comuna:<\/strong><\/p>\n<ul>\n<li>Llengua catalana<\/li>\n<li>Llengua castellana<\/li>\n<li>Llengua estrangera (Angl\u00e8s)<\/li>\n<li>Matem\u00e0tiques<\/li>\n<\/ul>\n<p><strong>Part espec\u00edfica:<\/strong><\/p>\n<p>Segons la fam\u00edlia professional o cicle al qual l&#8217;alumne vol accedir, cal escollir <strong>dues mat\u00e8ries<\/strong> de les opcions A, B, C o D.<\/p>\n<p><a href=\"https:\/\/agora.xtec.cat\/cfa-cardedeu\/wp-content\/uploads\/usu571\/2019\/11\/Opcions_espec\u00edfiques.jpg\"><img loading=\"lazy\" decoding=\"async\" class=\"alignnone  wp-image-495\" src=\"https:\/\/agora.xtec.cat\/cfa-cardedeu\/wp-content\/uploads\/usu571\/2019\/11\/Opcions_espec\u00edfiques.jpg\" alt=\"\" width=\"685\" height=\"646\" srcset=\"https:\/\/agora.xtec.cat\/cfa-cardedeu\/wp-content\/uploads\/usu571\/2019\/11\/Opcions_espec\u00edfiques.jpg 761w, https:\/\/agora.xtec.cat\/cfa-cardedeu\/wp-content\/uploads\/usu571\/2019\/11\/Opcions_espec\u00edfiques-300x283.jpg 300w\" sizes=\"auto, (max-width: 685px) 100vw, 685px\" \/><\/a><\/p>\n<p>El nostre centre prepara algunes mat\u00e8ries espec\u00edfiques. La resta d&#8217;espec\u00edfiques es podran cursar telem\u00e0ticament amb l\u2019<a href=\"https:\/\/ioc.xtec.cat\/educacio\/acfgs\">IOC<\/a> (Institut Obert de Catalunya) i nosaltres ens encarregarem de gestionar la matr\u00edcula i fer tutories peri\u00f2diques de seguiment.<\/p>\n<p><em><strong>Aquest curs est\u00e0 subvencionat per la Diputaci\u00f3 de Barcelona i homologat pel Departament d&#8217;Educaci\u00f3 de la Generalitat de Catalunya.<\/strong><\/em><\/p>\n<p>Com a centre Homologat, en cas d&#8217;aprovar el curs i obtenir un m\u00ednim de 4 punts a la prova d&#8217;acc\u00e9s, el curs us atorga una puntuaci\u00f3 extra de m\u00ednim 1 punt i m\u00e0xim 2 punts.<\/p>\n<h6>Requisits per accedir-hi.<\/h6>\n<ul>\n<li>Poden accedir al curs les persones que tinguin 18 anys. Cal tenir en compte que per realitzar les proves d&#8217;acc\u00e9s als cicles formatius de grau superior s&#8217;han de tenir m\u00e9s de 19 anys o complir-los durant l\u2019any natural en qu\u00e8 es realitza la prova.<\/li>\n<li>No tenir el t\u00edtol de Batxillerat o equivalent.<\/li>\n<\/ul>\n<h6>Exempcions.<\/h6>\n<ul>\n<li><strong>Llengua catalana<\/strong>. Persones que fa menys de 2 anys que resideixen a Catalunya i i no han cursat mai la mat\u00e8ria de Llengua catalana.<\/li>\n<li><strong>Mat\u00e8ries Espec\u00edfiques<\/strong>. Complir els requisits per a l&#8217;exempci\u00f3.<\/li>\n<\/ul>\n<h6>I despr\u00e9s?<\/h6>\n<p>La superaci\u00f3 de la prova d\u00f3na acc\u00e9s a cursar un cicle formatiu de grau superior. T\u00e9 validesa permanent a tot l&#8217;Estat i equival al <strong>t\u00edtol de batxiller<\/strong> (per\u00f2 nom\u00e9s per accedir a llocs de treball p\u00fablics i privats i si s&#8217;acredita que es t\u00e9 el t\u00edtol de graduat\/ada en ESO o l&#8217;equivalent acad\u00e8mic).<\/p>\n","protected":false},"excerpt":{"rendered":"<p>Aquests estudis preparen per presentar-se a les proves d\u2019acc\u00e9s als cicles de grau superior de formaci\u00f3 professional (CFGS), d\u2019arts pl\u00e0stiques [&hellip;]<\/p>\n","protected":false},"author":1,"featured_media":0,"parent":288,"menu_order":1,"comment_status":"closed","ping_status":"closed","template":"","meta":{"_bbp_topic_count":0,"_bbp_reply_count":0,"_bbp_total_topic_count":0,"_bbp_total_reply_count":0,"_bbp_voice_count":0,"_bbp_anonymous_reply_count":0,"_bbp_topic_count_hidden":0,"_bbp_reply_count_hidden":0,"_bbp_forum_subforum_count":0,"site-sidebar-layout":"default","site-content-layout":"","ast-site-content-layout":"default","site-content-style":"default","site-sidebar-style":"default","ast-global-header-display":"","ast-banner-title-visibility":"","ast-main-header-display":"","ast-hfb-above-header-display":"","ast-hfb-below-header-display":"","ast-hfb-mobile-header-display":"","site-post-title":"","ast-breadcrumbs-content":"","ast-featured-img":"","footer-sml-layout":"","theme-transparent-header-meta":"default","adv-header-id-meta":"","stick-header-meta":"","header-above-stick-meta":"","header-main-stick-meta":"","header-below-stick-meta":"","astra-migrate-meta-layouts":"set","ast-page-background-enabled":"default","ast-page-background-meta":{"desktop":{"background-color":"var(--ast-global-color-4)","background-image":"","background-repeat":"repeat","background-position":"center center","background-size":"auto","background-attachment":"scroll","background-type":"","background-media":"","overlay-type":"","overlay-color":"","overlay-opacity":"","overlay-gradient":""},"tablet":{"background-color":"","background-image":"","background-repeat":"repeat","background-position":"center center","background-size":"auto","background-attachment":"scroll","background-type":"","background-media":"","overlay-type":"","overlay-color":"","overlay-opacity":"","overlay-gradient":""},"mobile":{"background-color":"","background-image":"","background-repeat":"repeat","background-position":"center center","background-size":"auto","background-attachment":"scroll","background-type":"","background-media":"","overlay-type":"","overlay-color":"","overlay-opacity":"","overlay-gradient":""}},"ast-content-background-meta":{"desktop":{"background-color":"var(--ast-global-color-5)","background-image":"","background-repeat":"repeat","background-position":"center center","background-size":"auto","background-attachment":"scroll","background-type":"","background-media":"","overlay-type":"","overlay-color":"","overlay-opacity":"","overlay-gradient":""},"tablet":{"background-color":"var(--ast-global-color-5)","background-image":"","background-repeat":"repeat","background-position":"center center","background-size":"auto","background-attachment":"scroll","background-type":"","background-media":"","overlay-type":"","overlay-color":"","overlay-opacity":"","overlay-gradient":""},"mobile":{"background-color":"var(--ast-global-color-5)","background-image":"","background-repeat":"repeat","background-position":"center center","background-size":"auto","background-attachment":"scroll","background-type":"","background-media":"","overlay-type":"","overlay-color":"","overlay-opacity":"","overlay-gradient":""}},"footnotes":""},"class_list":["post-320","page","type-page","status-publish","hentry"],"post_mailing_queue_ids":[],"_links":{"self":[{"href":"https:\/\/agora.xtec.cat\/cfa-cardedeu\/wp-json\/wp\/v2\/pages\/320","targetHints":{"allow":["GET"]}}],"collection":[{"href":"https:\/\/agora.xtec.cat\/cfa-cardedeu\/wp-json\/wp\/v2\/pages"}],"about":[{"href":"https:\/\/agora.xtec.cat\/cfa-cardedeu\/wp-json\/wp\/v2\/types\/page"}],"author":[{"embeddable":true,"href":"https:\/\/agora.xtec.cat\/cfa-cardedeu\/wp-json\/wp\/v2\/users\/1"}],"replies":[{"embeddable":true,"href":"https:\/\/agora.xtec.cat\/cfa-cardedeu\/wp-json\/wp\/v2\/comments?post=320"}],"version-history":[{"count":6,"href":"https:\/\/agora.xtec.cat\/cfa-cardedeu\/wp-json\/wp\/v2\/pages\/320\/revisions"}],"predecessor-version":[{"id":1040,"href":"https:\/\/agora.xtec.cat\/cfa-cardedeu\/wp-json\/wp\/v2\/pages\/320\/revisions\/1040"}],"up":[{"embeddable":true,"href":"https:\/\/agora.xtec.cat\/cfa-cardedeu\/wp-json\/wp\/v2\/pages\/288"}],"wp:attachment":[{"href":"https:\/\/agora.xtec.cat\/cfa-cardedeu\/wp-json\/wp\/v2\/media?parent=320"}],"curies":[{"name":"wp","href":"https:\/\/api.w.org\/{rel}","templated":true}]}}