{"id":318,"date":"2015-01-28T11:34:47","date_gmt":"2015-01-28T10:34:47","guid":{"rendered":"http:\/\/agora.xtec.cat\/cfa-cardedeu\/?page_id=318"},"modified":"2025-03-31T17:49:07","modified_gmt":"2025-03-31T15:49:07","slug":"acces-universitat","status":"publish","type":"page","link":"https:\/\/agora.xtec.cat\/cfa-cardedeu\/ensenyaments\/ensenyaments-per-a-la-preparacio-de-proves-dacces\/acces-universitat\/","title":{"rendered":"Acc\u00e9s a la Universitat +25\/+45 anys"},"content":{"rendered":"<h6><strong>En qu\u00e8 consisteix?<\/strong><\/h6>\n<p>Aquests estudis preparen les persones m\u00e9s grans de 25 o 45 anys per a les proves d&#8217;acc\u00e9s a la universitat.<\/p>\n<h6><strong>Part Comuna.<\/strong><\/h6>\n<ul>\n<li>Llengua catalana<\/li>\n<li>Llengua castellana<\/li>\n<li>Comentari de text<\/li>\n<li>Llengua estrangera (angl\u00e8s, nom\u00e9s per a m\u00e9s grans de 25 anys)<\/li>\n<\/ul>\n<h6><strong>Part Espec\u00edfica (Nom\u00e9s per la prova de m\u00e9s grans de 25 anys).<\/strong><\/h6>\n<ul>\n<li>2 assignatures a concretar segons la branca de coneixement del grau que es vol estudiar.<\/li>\n<\/ul>\n<p><em>Els majors de 45 anys no han de fer ni llengua estrangera ni les espec\u00edfiques. Hauran de fer una entrevista personal a la Universitat on vulguin anar, un cop superades les proves.<\/em><\/p>\n<h6><strong>Requisits per accedir-hi.<\/strong><\/h6>\n<ul>\n<li>Poden accedir al curs de preparaci\u00f3 de les proves de +25 anys les persones m\u00e9s grans de 25 anys o que els compleixin l&#8217;any natural en qu\u00e8 es realitza la prova.<\/li>\n<li>Poden accedir al curs de preparaci\u00f3 de les proves de +45 anys les persones m\u00e9s grans de 45 anys o que els compleixin l&#8217;any natural en qu\u00e8 es realitza la prova.<\/li>\n<li>No es pot tenir cap titulaci\u00f3 ni complir cap requisit general que permeti l&#8217;acc\u00e9s a la universitat.<\/li>\n<\/ul>\n<h6><strong>I despr\u00e9s?<\/strong><\/h6>\n<p>La superaci\u00f3 de les proves d&#8217;acc\u00e9s d\u00f3na acc\u00e9s a cursar estudis universitaris i tamb\u00e9 permet accedir als <a href=\"https:\/\/agora.xtec.cat\/cfa-cardedeu\/ensenyaments\/ensenyaments-per-a-la-preparacio-de-proves-dacces\/a-cicles-formatius-de-grau-superior\/\">Cicles Formatius de Grau Superior<\/a> sense haver de superar les proves. Equival al <strong>t\u00edtol d&#8217;ESO<\/strong> i al de <strong>batxillerat<\/strong> (per\u00f2 nom\u00e9s per accedir a llocs de treball p\u00fablics i privats). Per a l&#8217;equival\u00e8ncia amb el t\u00edtol de batxillerat cal tenir el t\u00edtol d&#8217;ESO o haver superat almenys 15 cr\u00e8dits ECTS dels estudis universitaris.<\/p>\n<p>&nbsp;<\/p>\n","protected":false},"excerpt":{"rendered":"<p>En qu\u00e8 consisteix? Aquests estudis preparen les persones m\u00e9s grans de 25 o 45 anys per a les proves d&#8217;acc\u00e9s [&hellip;]<\/p>\n","protected":false},"author":1,"featured_media":0,"parent":288,"menu_order":0,"comment_status":"closed","ping_status":"closed","template":"","meta":{"_bbp_topic_count":0,"_bbp_reply_count":0,"_bbp_total_topic_count":0,"_bbp_total_reply_count":0,"_bbp_voice_count":0,"_bbp_anonymous_reply_count":0,"_bbp_topic_count_hidden":0,"_bbp_reply_count_hidden":0,"_bbp_forum_subforum_count":0,"site-sidebar-layout":"default","site-content-layout":"","ast-site-content-layout":"default","site-content-style":"default","site-sidebar-style":"default","ast-global-header-display":"","ast-banner-title-visibility":"","ast-main-header-display":"","ast-hfb-above-header-display":"","ast-hfb-below-header-display":"","ast-hfb-mobile-header-display":"","site-post-title":"","ast-breadcrumbs-content":"","ast-featured-img":"","footer-sml-layout":"","theme-transparent-header-meta":"default","adv-header-id-meta":"","stick-header-meta":"","header-above-stick-meta":"","header-main-stick-meta":"","header-below-stick-meta":"","astra-migrate-meta-layouts":"set","ast-page-background-enabled":"default","ast-page-background-meta":{"desktop":{"background-color":"var(--ast-global-color-4)","background-image":"","background-repeat":"repeat","background-position":"center center","background-size":"auto","background-attachment":"scroll","background-type":"","background-media":"","overlay-type":"","overlay-color":"","overlay-opacity":"","overlay-gradient":""},"tablet":{"background-color":"","background-image":"","background-repeat":"repeat","background-position":"center center","background-size":"auto","background-attachment":"scroll","background-type":"","background-media":"","overlay-type":"","overlay-color":"","overlay-opacity":"","overlay-gradient":""},"mobile":{"background-color":"","background-image":"","background-repeat":"repeat","background-position":"center center","background-size":"auto","background-attachment":"scroll","background-type":"","background-media":"","overlay-type":"","overlay-color":"","overlay-opacity":"","overlay-gradient":""}},"ast-content-background-meta":{"desktop":{"background-color":"var(--ast-global-color-5)","background-image":"","background-repeat":"repeat","background-position":"center center","background-size":"auto","background-attachment":"scroll","background-type":"","background-media":"","overlay-type":"","overlay-color":"","overlay-opacity":"","overlay-gradient":""},"tablet":{"background-color":"var(--ast-global-color-5)","background-image":"","background-repeat":"repeat","background-position":"center center","background-size":"auto","background-attachment":"scroll","background-type":"","background-media":"","overlay-type":"","overlay-color":"","overlay-opacity":"","overlay-gradient":""},"mobile":{"background-color":"var(--ast-global-color-5)","background-image":"","background-repeat":"repeat","background-position":"center center","background-size":"auto","background-attachment":"scroll","background-type":"","background-media":"","overlay-type":"","overlay-color":"","overlay-opacity":"","overlay-gradient":""}},"footnotes":""},"class_list":["post-318","page","type-page","status-publish","hentry"],"post_mailing_queue_ids":[],"_links":{"self":[{"href":"https:\/\/agora.xtec.cat\/cfa-cardedeu\/wp-json\/wp\/v2\/pages\/318","targetHints":{"allow":["GET"]}}],"collection":[{"href":"https:\/\/agora.xtec.cat\/cfa-cardedeu\/wp-json\/wp\/v2\/pages"}],"about":[{"href":"https:\/\/agora.xtec.cat\/cfa-cardedeu\/wp-json\/wp\/v2\/types\/page"}],"author":[{"embeddable":true,"href":"https:\/\/agora.xtec.cat\/cfa-cardedeu\/wp-json\/wp\/v2\/users\/1"}],"replies":[{"embeddable":true,"href":"https:\/\/agora.xtec.cat\/cfa-cardedeu\/wp-json\/wp\/v2\/comments?post=318"}],"version-history":[{"count":6,"href":"https:\/\/agora.xtec.cat\/cfa-cardedeu\/wp-json\/wp\/v2\/pages\/318\/revisions"}],"predecessor-version":[{"id":1041,"href":"https:\/\/agora.xtec.cat\/cfa-cardedeu\/wp-json\/wp\/v2\/pages\/318\/revisions\/1041"}],"up":[{"embeddable":true,"href":"https:\/\/agora.xtec.cat\/cfa-cardedeu\/wp-json\/wp\/v2\/pages\/288"}],"wp:attachment":[{"href":"https:\/\/agora.xtec.cat\/cfa-cardedeu\/wp-json\/wp\/v2\/media?parent=318"}],"curies":[{"name":"wp","href":"https:\/\/api.w.org\/{rel}","templated":true}]}}