{"id":316,"date":"2015-01-28T11:33:51","date_gmt":"2015-01-28T10:33:51","guid":{"rendered":"http:\/\/agora.xtec.cat\/cfa-cardedeu\/?page_id=316"},"modified":"2025-06-19T19:12:13","modified_gmt":"2025-06-19T17:12:13","slug":"competencia-digital-competic","status":"publish","type":"page","link":"https:\/\/agora.xtec.cat\/cfa-cardedeu\/ensenyaments\/competencia-digital-competic\/","title":{"rendered":"COMPETIC"},"content":{"rendered":"<p class=\"has-medium-font-size p { text-align:justify; }\">Oferim tots els nivells possibles a un CFA:\u00a0<strong>Inicial (105 h), 1 (105 h), 2 (140 h) i 3 (105 h)<\/strong>.<\/p>\n<p class=\"has-medium-font-size\">Els nivells Inicial i 1 de COMPETIC corresponen a inform\u00e0tica d\u2019usuari.<\/p>\n<p>&nbsp;<\/p>\n<p class=\"has-medium-font-size\">El\u00a0<strong>nivell 1<\/strong>\u00a0equival a l\u2019acreditaci\u00f3\u00a0<strong>ACTIC Inicial<\/strong>.<\/p>\n<p class=\"has-medium-font-size\">Els\u00a0<strong>nivells 2 i 3 de COMPETIC<\/strong>\u00a0s\u00f3n equivalents a l\u2019<strong>ACTIC Mitj\u00e0 i Avan\u00e7at<\/strong>, respectivament.<a href=\"https:\/\/agora.xtec.cat\/cfa-cardedeu\/wp-content\/uploads\/usu571\/2025\/06\/actic.png\"><img loading=\"lazy\" decoding=\"async\" class=\"size-full wp-image-1080 aligncenter\" src=\"https:\/\/agora.xtec.cat\/cfa-cardedeu\/wp-content\/uploads\/usu571\/2025\/06\/actic.png\" alt=\"\" width=\"327\" height=\"154\" srcset=\"https:\/\/agora.xtec.cat\/cfa-cardedeu\/wp-content\/uploads\/usu571\/2025\/06\/actic.png 327w, https:\/\/agora.xtec.cat\/cfa-cardedeu\/wp-content\/uploads\/usu571\/2025\/06\/actic-300x141.png 300w\" sizes=\"auto, (max-width: 327px) 100vw, 327px\" \/><\/a><\/p>\n<p class=\"has-medium-font-size\">La difer\u00e8ncia que hi ha entre Competic i Actic \u00e9s que el Competic \u00e9s presencial (avaluaci\u00f3 cont\u00ednua + projecte final: un curs de setembre a juny) i l\u2019Actic nom\u00e9s consisteix en un examen d\u2019acreditaci\u00f3 (una prova superada un dia determinat).<\/p>\n<p class=\"has-medium-font-size\">Les equival\u00e8ncies de titulaci\u00f3 s\u00f3n les mateixes.<\/p>\n<p>&nbsp;<\/p>\n","protected":false},"excerpt":{"rendered":"<p>Oferim tots els nivells possibles a un CFA:\u00a0Inicial (105 h), 1 (105 h), 2 (140 h) i 3 (105 h). [&hellip;]<\/p>\n","protected":false},"author":1,"featured_media":0,"parent":274,"menu_order":4,"comment_status":"closed","ping_status":"closed","template":"","meta":{"_bbp_topic_count":0,"_bbp_reply_count":0,"_bbp_total_topic_count":0,"_bbp_total_reply_count":0,"_bbp_voice_count":0,"_bbp_anonymous_reply_count":0,"_bbp_topic_count_hidden":0,"_bbp_reply_count_hidden":0,"_bbp_forum_subforum_count":0,"site-sidebar-layout":"default","site-content-layout":"","ast-site-content-layout":"default","site-content-style":"default","site-sidebar-style":"default","ast-global-header-display":"","ast-banner-title-visibility":"","ast-main-header-display":"","ast-hfb-above-header-display":"","ast-hfb-below-header-display":"","ast-hfb-mobile-header-display":"","site-post-title":"","ast-breadcrumbs-content":"","ast-featured-img":"","footer-sml-layout":"","theme-transparent-header-meta":"default","adv-header-id-meta":"","stick-header-meta":"","header-above-stick-meta":"","header-main-stick-meta":"","header-below-stick-meta":"","astra-migrate-meta-layouts":"set","ast-page-background-enabled":"default","ast-page-background-meta":{"desktop":{"background-color":"var(--ast-global-color-4)","background-image":"","background-repeat":"repeat","background-position":"center center","background-size":"auto","background-attachment":"scroll","background-type":"","background-media":"","overlay-type":"","overlay-color":"","overlay-opacity":"","overlay-gradient":""},"tablet":{"background-color":"","background-image":"","background-repeat":"repeat","background-position":"center center","background-size":"auto","background-attachment":"scroll","background-type":"","background-media":"","overlay-type":"","overlay-color":"","overlay-opacity":"","overlay-gradient":""},"mobile":{"background-color":"","background-image":"","background-repeat":"repeat","background-position":"center center","background-size":"auto","background-attachment":"scroll","background-type":"","background-media":"","overlay-type":"","overlay-color":"","overlay-opacity":"","overlay-gradient":""}},"ast-content-background-meta":{"desktop":{"background-color":"var(--ast-global-color-5)","background-image":"","background-repeat":"repeat","background-position":"center center","background-size":"auto","background-attachment":"scroll","background-type":"","background-media":"","overlay-type":"","overlay-color":"","overlay-opacity":"","overlay-gradient":""},"tablet":{"background-color":"var(--ast-global-color-5)","background-image":"","background-repeat":"repeat","background-position":"center center","background-size":"auto","background-attachment":"scroll","background-type":"","background-media":"","overlay-type":"","overlay-color":"","overlay-opacity":"","overlay-gradient":""},"mobile":{"background-color":"var(--ast-global-color-5)","background-image":"","background-repeat":"repeat","background-position":"center center","background-size":"auto","background-attachment":"scroll","background-type":"","background-media":"","overlay-type":"","overlay-color":"","overlay-opacity":"","overlay-gradient":""}},"footnotes":""},"class_list":["post-316","page","type-page","status-publish","hentry"],"post_mailing_queue_ids":[],"_links":{"self":[{"href":"https:\/\/agora.xtec.cat\/cfa-cardedeu\/wp-json\/wp\/v2\/pages\/316","targetHints":{"allow":["GET"]}}],"collection":[{"href":"https:\/\/agora.xtec.cat\/cfa-cardedeu\/wp-json\/wp\/v2\/pages"}],"about":[{"href":"https:\/\/agora.xtec.cat\/cfa-cardedeu\/wp-json\/wp\/v2\/types\/page"}],"author":[{"embeddable":true,"href":"https:\/\/agora.xtec.cat\/cfa-cardedeu\/wp-json\/wp\/v2\/users\/1"}],"replies":[{"embeddable":true,"href":"https:\/\/agora.xtec.cat\/cfa-cardedeu\/wp-json\/wp\/v2\/comments?post=316"}],"version-history":[{"count":6,"href":"https:\/\/agora.xtec.cat\/cfa-cardedeu\/wp-json\/wp\/v2\/pages\/316\/revisions"}],"predecessor-version":[{"id":1081,"href":"https:\/\/agora.xtec.cat\/cfa-cardedeu\/wp-json\/wp\/v2\/pages\/316\/revisions\/1081"}],"up":[{"embeddable":true,"href":"https:\/\/agora.xtec.cat\/cfa-cardedeu\/wp-json\/wp\/v2\/pages\/274"}],"wp:attachment":[{"href":"https:\/\/agora.xtec.cat\/cfa-cardedeu\/wp-json\/wp\/v2\/media?parent=316"}],"curies":[{"name":"wp","href":"https:\/\/api.w.org\/{rel}","templated":true}]}}