{"id":312,"date":"2015-01-28T11:32:38","date_gmt":"2015-01-28T10:32:38","guid":{"rendered":"http:\/\/agora.xtec.cat\/cfa-cardedeu\/?page_id=312"},"modified":"2025-06-19T16:05:05","modified_gmt":"2025-06-19T14:05:05","slug":"llengua-anglesa","status":"publish","type":"page","link":"https:\/\/agora.xtec.cat\/cfa-cardedeu\/ensenyaments\/llengua-anglesa\/","title":{"rendered":"Llengua Anglesa"},"content":{"rendered":"<p><strong>Cursos homologats pel Departament d&#8217;Educaci\u00f3 de la Generalitat de Catalunya.<\/strong><\/p>\n<p>Aquests estudis tenen com a <strong>objectiu<\/strong> que les persones adultes assoleixin un grau de compet\u00e8ncia b\u00e0sica per comunicar-se en llengua anglesa.<\/p>\n<p>S&#8217;imparteixen en <strong>3 Nivells<\/strong> que corresponen als Nivells A1, A2.1 i A2.2 del MECR (Marc Europeu Com\u00fa de Refer\u00e8ncia per les Lleng\u00fces).<\/p>\n<p>El primer nivell consta de <em>3 hores\/setmanals<\/em> i el segon i tercer nivells de <em>4 hores\/setmanals<\/em>.<\/p>\n<p>Per cursar-los, <strong>cal tenir 18 anys<\/strong> o fer-los durant l&#8217;any natural en qu\u00e8 s&#8217;inicia la formaci\u00f3.<\/p>\n<p>En el moment de la preinscripci\u00f3, s&#8217;haur\u00e0 de fer una <strong>prova de nivell<\/strong> per tal de situar a la persona interessada en el nivell que li correspon segons les seves compet\u00e8ncies. En cas de tenir una acreditaci\u00f3 pr\u00e8via d&#8217;un Centre de Formaci\u00f3 de Persones Adultes no caldr\u00e0 fer la prova.<\/p>\n<p>Un cop superats aquests estudis, es podr\u00e0 continuar la formaci\u00f3 en una Escola Oficial d&#8217;Idiomes i accedir directament al nivell 3 (B1) sense haver de passar la prova.<\/p>\n<p>&nbsp;<\/p>\n<h1>Nivell 1 (A1)<\/h1>\n<p>Aquest nivell permet iniciar el proc\u00e9s d\u2019aprenentatge en llengua anglesa i t\u00e9 com a finalitat, formar parlants que siguin capa\u00e7os de comunicar-se en situacions quotidianes i familiars senzilles encaminades a satisfer les primeres necessitats.<\/p>\n<p><strong>Horari<\/strong> (3 hores\/setmanals): <span style=\"font-size: 16px;\">Dilluns de 18h. a 21h.<\/span><\/p>\n<p><strong>Import Total del Curs<\/strong>: <span style=\"font-size: 16px;\">200 \u20ac + llibre<\/span><\/p>\n<p>Es pot fer el <strong>PAGAMENT FRACCIONAT, <\/strong>la meitat del import en el moment de la matr\u00edcula i l\u2019altre meitat al mes de gener.<\/p>\n<p>Les persones que en el moment de la matr\u00edcula estiguin a l&#8217;atur o jubilats, gaudiran d&#8217;una bonificaci\u00f3 del 50%<\/p>\n<h3><\/h3>\n<h1>Nivell 2 (A2.1)<\/h1>\n<p>Aquest ensenyament va adre\u00e7at a les persones que hagin superat el nivell 1 de llengua estrangera o que disposin dels coneixements corresponents per poder-lo seguir.<\/p>\n<p>L\u2019ensenyament de la llengua anglesa de nivell 2 s\u2019adscriu dins del nivell A2.1 d\u2019usuari b\u00e0sic. Permet continuar el proc\u00e9s d\u2019aprenentatge de la llengua estrangera i la finalitat \u00e9s que l&#8217;aprenent\/a sigui capa\u00e7 de comunicar-se en la nova llengua amb certa flu\u00efdesa per fer front a situacions quotidianes i satisfer necessitats b\u00e0siques, aix\u00ed com ser capa\u00e7 de comunicar-se de forma b\u00e0sica en un entorn pluriling\u00fce i multicultural.<\/p>\n<p><strong>Horari<\/strong> (4 hores\/setmanals): <span style=\"font-size: 16px;\">Dimarts i dijous de 17h. a 19h.<\/span><\/p>\n<p><strong>Import Total del Curs<\/strong>: <span style=\"font-size: 16px;\">200 \u20ac + llibre<\/span><\/p>\n<p>Es pot fer el <strong>PAGAMENT FRACCIONAT, <\/strong>la meitat del import en el moment de la matr\u00edcula i l\u2019altre meitat al mes de gener.<\/p>\n<p>Les persones que en el moment de la matr\u00edcula estiguin a l&#8217;atur o jubilats, gaudiran d&#8217;una bonificaci\u00f3 del 50%<\/p>\n<h4><\/h4>\n<h1>Nivell 3 (A2.2)<\/h1>\n<p>L\u2019ensenyament de la llengua anglesa de nivell 3 s\u2019adscriu dins del nivell A2.2 d\u2019usuari b\u00e0sic i, per tant, al llarg d\u2019aquest curs es consoliden els continguts del nivell A2.<\/p>\n<p>La finalitat d\u2019aquest curs \u00e9s refor\u00e7ar els coneixements adquirits en el segon nivell i consolidar l\u2019aprenentatge orientat a adquirir les compet\u00e8ncies pr\u00f2pies de l\u2019usuari b\u00e0sic. Aix\u00ed doncs, en acabar el curs, les persones adultes han de ser capaces de comprendre i utilitzar expressions habituals i d\u2019import\u00e0ncia immediata, han de poder comunicar-se en situacions amb intercanvi d\u2019informaci\u00f3 sobre temes habituals i familiar i han de poder descriure la seva experi\u00e8ncia i aspectes del seu entorn.<\/p>\n<p><strong>Horari<\/strong> (4 hores\/setmanals): <span style=\"font-size: 16px;\">Dimarts i dijous de 19h. a 21h.<\/span><\/p>\n<p><strong>Import Total del Curs<\/strong>: <span style=\"font-size: 16px;\">200 \u20ac + llibre<\/span><\/p>\n<p>Es pot fer el <strong>PAGAMENT FRACCIONAT, <\/strong>la meitat del import en el moment de la matr\u00edcula i l\u2019altre meitat al mes de gener.<\/p>\n<p>Les persones que en el moment de la matr\u00edcula estiguin a l&#8217;atur o jubilats, gaudiran d&#8217;una bonificaci\u00f3 del 50%<\/p>\n","protected":false},"excerpt":{"rendered":"<p>Cursos homologats pel Departament d&#8217;Educaci\u00f3 de la Generalitat de Catalunya. Aquests estudis tenen com a objectiu que les persones adultes [&hellip;]<\/p>\n","protected":false},"author":1,"featured_media":0,"parent":274,"menu_order":3,"comment_status":"closed","ping_status":"closed","template":"","meta":{"_bbp_topic_count":0,"_bbp_reply_count":0,"_bbp_total_topic_count":0,"_bbp_total_reply_count":0,"_bbp_voice_count":0,"_bbp_anonymous_reply_count":0,"_bbp_topic_count_hidden":0,"_bbp_reply_count_hidden":0,"_bbp_forum_subforum_count":0,"site-sidebar-layout":"default","site-content-layout":"","ast-site-content-layout":"default","site-content-style":"default","site-sidebar-style":"default","ast-global-header-display":"","ast-banner-title-visibility":"","ast-main-header-display":"","ast-hfb-above-header-display":"","ast-hfb-below-header-display":"","ast-hfb-mobile-header-display":"","site-post-title":"","ast-breadcrumbs-content":"","ast-featured-img":"","footer-sml-layout":"","theme-transparent-header-meta":"default","adv-header-id-meta":"","stick-header-meta":"","header-above-stick-meta":"","header-main-stick-meta":"","header-below-stick-meta":"","astra-migrate-meta-layouts":"set","ast-page-background-enabled":"default","ast-page-background-meta":{"desktop":{"background-color":"var(--ast-global-color-4)","background-image":"","background-repeat":"repeat","background-position":"center center","background-size":"auto","background-attachment":"scroll","background-type":"","background-media":"","overlay-type":"","overlay-color":"","overlay-opacity":"","overlay-gradient":""},"tablet":{"background-color":"","background-image":"","background-repeat":"repeat","background-position":"center center","background-size":"auto","background-attachment":"scroll","background-type":"","background-media":"","overlay-type":"","overlay-color":"","overlay-opacity":"","overlay-gradient":""},"mobile":{"background-color":"","background-image":"","background-repeat":"repeat","background-position":"center center","background-size":"auto","background-attachment":"scroll","background-type":"","background-media":"","overlay-type":"","overlay-color":"","overlay-opacity":"","overlay-gradient":""}},"ast-content-background-meta":{"desktop":{"background-color":"var(--ast-global-color-5)","background-image":"","background-repeat":"repeat","background-position":"center center","background-size":"auto","background-attachment":"scroll","background-type":"","background-media":"","overlay-type":"","overlay-color":"","overlay-opacity":"","overlay-gradient":""},"tablet":{"background-color":"var(--ast-global-color-5)","background-image":"","background-repeat":"repeat","background-position":"center center","background-size":"auto","background-attachment":"scroll","background-type":"","background-media":"","overlay-type":"","overlay-color":"","overlay-opacity":"","overlay-gradient":""},"mobile":{"background-color":"var(--ast-global-color-5)","background-image":"","background-repeat":"repeat","background-position":"center center","background-size":"auto","background-attachment":"scroll","background-type":"","background-media":"","overlay-type":"","overlay-color":"","overlay-opacity":"","overlay-gradient":""}},"footnotes":""},"class_list":["post-312","page","type-page","status-publish","hentry"],"post_mailing_queue_ids":[],"_links":{"self":[{"href":"https:\/\/agora.xtec.cat\/cfa-cardedeu\/wp-json\/wp\/v2\/pages\/312","targetHints":{"allow":["GET"]}}],"collection":[{"href":"https:\/\/agora.xtec.cat\/cfa-cardedeu\/wp-json\/wp\/v2\/pages"}],"about":[{"href":"https:\/\/agora.xtec.cat\/cfa-cardedeu\/wp-json\/wp\/v2\/types\/page"}],"author":[{"embeddable":true,"href":"https:\/\/agora.xtec.cat\/cfa-cardedeu\/wp-json\/wp\/v2\/users\/1"}],"replies":[{"embeddable":true,"href":"https:\/\/agora.xtec.cat\/cfa-cardedeu\/wp-json\/wp\/v2\/comments?post=312"}],"version-history":[{"count":5,"href":"https:\/\/agora.xtec.cat\/cfa-cardedeu\/wp-json\/wp\/v2\/pages\/312\/revisions"}],"predecessor-version":[{"id":491,"href":"https:\/\/agora.xtec.cat\/cfa-cardedeu\/wp-json\/wp\/v2\/pages\/312\/revisions\/491"}],"up":[{"embeddable":true,"href":"https:\/\/agora.xtec.cat\/cfa-cardedeu\/wp-json\/wp\/v2\/pages\/274"}],"wp:attachment":[{"href":"https:\/\/agora.xtec.cat\/cfa-cardedeu\/wp-json\/wp\/v2\/media?parent=312"}],"curies":[{"name":"wp","href":"https:\/\/api.w.org\/{rel}","templated":true}]}}