{"id":274,"date":"2015-01-27T17:56:20","date_gmt":"2015-01-27T16:56:20","guid":{"rendered":"http:\/\/agora.xtec.cat\/cfa-cardedeu\/?page_id=274"},"modified":"2025-06-19T17:13:52","modified_gmt":"2025-06-19T15:13:52","slug":"ensenyaments","status":"publish","type":"page","link":"https:\/\/agora.xtec.cat\/cfa-cardedeu\/ensenyaments\/","title":{"rendered":"Ensenyaments"},"content":{"rendered":"<h4><a href=\"https:\/\/agora.xtec.cat\/cfa-cardedeu\/wp-content\/uploads\/usu571\/2025\/06\/CFA-CARDEDEU-1.png\"><img loading=\"lazy\" decoding=\"async\" class=\"aligncenter size-large wp-image-1077\" src=\"https:\/\/agora.xtec.cat\/cfa-cardedeu\/wp-content\/uploads\/usu571\/2025\/06\/CFA-CARDEDEU-1-1024x872.png\" alt=\"\" width=\"1024\" height=\"872\" srcset=\"https:\/\/agora.xtec.cat\/cfa-cardedeu\/wp-content\/uploads\/usu571\/2025\/06\/CFA-CARDEDEU-1-1024x872.png 1024w, https:\/\/agora.xtec.cat\/cfa-cardedeu\/wp-content\/uploads\/usu571\/2025\/06\/CFA-CARDEDEU-1-300x256.png 300w, https:\/\/agora.xtec.cat\/cfa-cardedeu\/wp-content\/uploads\/usu571\/2025\/06\/CFA-CARDEDEU-1-768x654.png 768w, https:\/\/agora.xtec.cat\/cfa-cardedeu\/wp-content\/uploads\/usu571\/2025\/06\/CFA-CARDEDEU-1.png 1404w\" sizes=\"auto, (max-width: 1024px) 100vw, 1024px\" \/><\/a><\/h4>\n<h4>Catal\u00e0 i Castell\u00e0:<\/h4>\n<ul>\n<li><a href=\"https:\/\/agora.xtec.cat\/cfa-cardedeu\/ensenyaments\/llengua-catalana\/\">Alfabetitzaci\u00f3<\/a><\/li>\n<li><a href=\"https:\/\/agora.xtec.cat\/cfa-cardedeu\/ensenyaments\/llengua-catalana\/\">Catal\u00e0 Inicial<\/a><\/li>\n<li><a href=\"https:\/\/agora.xtec.cat\/cfa-cardedeu\/ensenyaments\/llengua-castellana\/\">Castell\u00e0 Nivell A1 i A2<\/a><\/li>\n<\/ul>\n<h4>Angl\u00e8s:<\/h4>\n<ul>\n<li><a href=\"https:\/\/agora.xtec.cat\/cfa-cardedeu\/ensenyaments\/llengua-anglesa\/\">Angl\u00e8s Nivells A1 i A2<\/a><\/li>\n<\/ul>\n<h4>Inform\u00e0tica:<\/h4>\n<ul>\n<li><a href=\"https:\/\/agora.xtec.cat\/cfa-cardedeu\/ensenyaments\/competencia-digital-competic\/\">Inform\u00e0tica Inicial, COMPETIC 1, 2 i 3<\/a><\/li>\n<\/ul>\n<h4>Preparaci\u00f3 de proves d\u2019acc\u00e9s:<\/h4>\n<ul>\n<li><a href=\"https:\/\/agora.xtec.cat\/cfa-cardedeu\/ensenyaments\/ensenyaments-per-a-la-preparacio-de-proves-dacces\/acces-universitat\/\">Acc\u00e9s a la Unviersitat +25\/+45 anys<\/a><\/li>\n<li><a href=\"https:\/\/agora.xtec.cat\/cfa-cardedeu\/ensenyaments\/ensenyaments-per-a-la-preparacio-de-proves-dacces\/a-cicles-formatius-de-grau-superior\/\">Acc\u00e9s a Cicles Formatius de Grau Superior<\/a><\/li>\n<\/ul>\n","protected":false},"excerpt":{"rendered":"<p>Catal\u00e0 i Castell\u00e0: Alfabetitzaci\u00f3 Catal\u00e0 Inicial Castell\u00e0 Nivell A1 i A2 Angl\u00e8s: Angl\u00e8s Nivells A1 i A2 Inform\u00e0tica: Inform\u00e0tica Inicial, [&hellip;]<\/p>\n","protected":false},"author":1,"featured_media":0,"parent":0,"menu_order":0,"comment_status":"closed","ping_status":"closed","template":"","meta":{"_bbp_topic_count":0,"_bbp_reply_count":0,"_bbp_total_topic_count":0,"_bbp_total_reply_count":0,"_bbp_voice_count":0,"_bbp_anonymous_reply_count":0,"_bbp_topic_count_hidden":0,"_bbp_reply_count_hidden":0,"_bbp_forum_subforum_count":0,"site-sidebar-layout":"default","site-content-layout":"","ast-site-content-layout":"default","site-content-style":"default","site-sidebar-style":"default","ast-global-header-display":"","ast-banner-title-visibility":"","ast-main-header-display":"","ast-hfb-above-header-display":"","ast-hfb-below-header-display":"","ast-hfb-mobile-header-display":"","site-post-title":"","ast-breadcrumbs-content":"","ast-featured-img":"","footer-sml-layout":"","theme-transparent-header-meta":"default","adv-header-id-meta":"","stick-header-meta":"","header-above-stick-meta":"","header-main-stick-meta":"","header-below-stick-meta":"","astra-migrate-meta-layouts":"set","ast-page-background-enabled":"default","ast-page-background-meta":{"desktop":{"background-color":"var(--ast-global-color-4)","background-image":"","background-repeat":"repeat","background-position":"center center","background-size":"auto","background-attachment":"scroll","background-type":"","background-media":"","overlay-type":"","overlay-color":"","overlay-opacity":"","overlay-gradient":""},"tablet":{"background-color":"","background-image":"","background-repeat":"repeat","background-position":"center center","background-size":"auto","background-attachment":"scroll","background-type":"","background-media":"","overlay-type":"","overlay-color":"","overlay-opacity":"","overlay-gradient":""},"mobile":{"background-color":"","background-image":"","background-repeat":"repeat","background-position":"center center","background-size":"auto","background-attachment":"scroll","background-type":"","background-media":"","overlay-type":"","overlay-color":"","overlay-opacity":"","overlay-gradient":""}},"ast-content-background-meta":{"desktop":{"background-color":"var(--ast-global-color-5)","background-image":"","background-repeat":"repeat","background-position":"center center","background-size":"auto","background-attachment":"scroll","background-type":"","background-media":"","overlay-type":"","overlay-color":"","overlay-opacity":"","overlay-gradient":""},"tablet":{"background-color":"var(--ast-global-color-5)","background-image":"","background-repeat":"repeat","background-position":"center center","background-size":"auto","background-attachment":"scroll","background-type":"","background-media":"","overlay-type":"","overlay-color":"","overlay-opacity":"","overlay-gradient":""},"mobile":{"background-color":"var(--ast-global-color-5)","background-image":"","background-repeat":"repeat","background-position":"center center","background-size":"auto","background-attachment":"scroll","background-type":"","background-media":"","overlay-type":"","overlay-color":"","overlay-opacity":"","overlay-gradient":""}},"footnotes":""},"class_list":["post-274","page","type-page","status-publish","hentry"],"post_mailing_queue_ids":[],"_links":{"self":[{"href":"https:\/\/agora.xtec.cat\/cfa-cardedeu\/wp-json\/wp\/v2\/pages\/274","targetHints":{"allow":["GET"]}}],"collection":[{"href":"https:\/\/agora.xtec.cat\/cfa-cardedeu\/wp-json\/wp\/v2\/pages"}],"about":[{"href":"https:\/\/agora.xtec.cat\/cfa-cardedeu\/wp-json\/wp\/v2\/types\/page"}],"author":[{"embeddable":true,"href":"https:\/\/agora.xtec.cat\/cfa-cardedeu\/wp-json\/wp\/v2\/users\/1"}],"replies":[{"embeddable":true,"href":"https:\/\/agora.xtec.cat\/cfa-cardedeu\/wp-json\/wp\/v2\/comments?post=274"}],"version-history":[{"count":6,"href":"https:\/\/agora.xtec.cat\/cfa-cardedeu\/wp-json\/wp\/v2\/pages\/274\/revisions"}],"predecessor-version":[{"id":1079,"href":"https:\/\/agora.xtec.cat\/cfa-cardedeu\/wp-json\/wp\/v2\/pages\/274\/revisions\/1079"}],"wp:attachment":[{"href":"https:\/\/agora.xtec.cat\/cfa-cardedeu\/wp-json\/wp\/v2\/media?parent=274"}],"curies":[{"name":"wp","href":"https:\/\/api.w.org\/{rel}","templated":true}]}}