{"id":27,"date":"2014-09-17T16:24:03","date_gmt":"2014-09-17T16:24:03","guid":{"rendered":"http:\/\/agora.xtec.cat\/cfa-cardedeu\/?page_id=27"},"modified":"2025-03-27T16:35:30","modified_gmt":"2025-03-27T15:35:30","slug":"historia","status":"publish","type":"page","link":"https:\/\/agora.xtec.cat\/cfa-cardedeu\/el-centre\/historia\/","title":{"rendered":"Hist\u00f2ria"},"content":{"rendered":"<p><strong>Fa m\u00e9s de 25 anys&#8230;.<\/strong><\/p>\n<p>L\u2019Associaci\u00f3 de mares i pares (aleshores en d\u00e8iem APA) de l\u2019escola Dolors Gran\u00e9s, va endegar l\u2019escola per alfabetitzar a persones adultes que no havien estat escolaritzades en el seu moment i tamb\u00e9 per donar la possibilitat als fills que acabaven (o havien acabat) 8\u00e8 de b\u00e0sica sense un t\u00edtol, de poder-se treure el Graduat Escolar. Es va endegar utilitzant les aules del Gran\u00e9s i amb persones volunt\u00e0ries que, potser, no tenien experi\u00e8ncia en la doc\u00e8ncia per\u00f2 venien carregades d\u2019il\u00b7lusi\u00f3, motivaci\u00f3, i ganes de col\u00b7laborar en fer-ho possible.<\/p>\n<p>Es tractava de crear la necessitat. L\u2019APA d\u2019aleshores va pensar que, si iniciaven l\u2019escola d\u2019aquesta manera, algun dia l\u2019Ajuntament es decidiria per assumir-la i destinar-hi recursos i personal.<\/p>\n<p><a href=\"https:\/\/agora.xtec.cat\/cfa-cardedeu\/wp-content\/uploads\/usu571\/2019\/09\/HISTORIA.jpeg\"><img loading=\"lazy\" decoding=\"async\" class=\"wp-image-417 aligncenter\" src=\"https:\/\/agora.xtec.cat\/cfa-cardedeu\/wp-content\/uploads\/usu571\/2019\/09\/HISTORIA-1024x572.jpeg\" alt=\"\" width=\"659\" height=\"368\" srcset=\"https:\/\/agora.xtec.cat\/cfa-cardedeu\/wp-content\/uploads\/usu571\/2019\/09\/HISTORIA-1024x572.jpeg 1024w, https:\/\/agora.xtec.cat\/cfa-cardedeu\/wp-content\/uploads\/usu571\/2019\/09\/HISTORIA-300x168.jpeg 300w, https:\/\/agora.xtec.cat\/cfa-cardedeu\/wp-content\/uploads\/usu571\/2019\/09\/HISTORIA-768x429.jpeg 768w, https:\/\/agora.xtec.cat\/cfa-cardedeu\/wp-content\/uploads\/usu571\/2019\/09\/HISTORIA.jpeg 1600w\" sizes=\"auto, (max-width: 659px) 100vw, 659px\" \/><\/a><\/p>\n<p>La hist\u00f2ria ha estat llarga i gens f\u00e0cil fins a arribar a aquest moment. De fet, quan es va eliminar el graduat escolar, l\u2019escola quasi es va morir perqu\u00e8 calien docents amb titulaci\u00f3 i no nom\u00e9s voluntaris.<\/p>\n<p>S\u00ed, han estat moltes les persones que l\u2019han fet possible i \u00e9s una ll\u00e0stima no tenir tots els noms, per\u00f2 gr\u00e0cies a elles, des d\u2019aquells inicis i fins avui, \u00e9s possible que avui siguem un Centre municipal i homologat pel Departament d\u2019Ensenyament de la Generalitat de Catalunya.<\/p>\n","protected":false},"excerpt":{"rendered":"<p>Fa m\u00e9s de 25 anys&#8230;. L\u2019Associaci\u00f3 de mares i pares (aleshores en d\u00e8iem APA) de l\u2019escola Dolors Gran\u00e9s, va endegar [&hellip;]<\/p>\n","protected":false},"author":1,"featured_media":0,"parent":261,"menu_order":19,"comment_status":"closed","ping_status":"closed","template":"","meta":{"_bbp_topic_count":0,"_bbp_reply_count":0,"_bbp_total_topic_count":0,"_bbp_total_reply_count":0,"_bbp_voice_count":0,"_bbp_anonymous_reply_count":0,"_bbp_topic_count_hidden":0,"_bbp_reply_count_hidden":0,"_bbp_forum_subforum_count":0,"site-sidebar-layout":"default","site-content-layout":"","ast-site-content-layout":"default","site-content-style":"default","site-sidebar-style":"default","ast-global-header-display":"","ast-banner-title-visibility":"","ast-main-header-display":"","ast-hfb-above-header-display":"","ast-hfb-below-header-display":"","ast-hfb-mobile-header-display":"","site-post-title":"","ast-breadcrumbs-content":"","ast-featured-img":"","footer-sml-layout":"","theme-transparent-header-meta":"default","adv-header-id-meta":"","stick-header-meta":"","header-above-stick-meta":"","header-main-stick-meta":"","header-below-stick-meta":"","astra-migrate-meta-layouts":"set","ast-page-background-enabled":"default","ast-page-background-meta":{"desktop":{"background-color":"var(--ast-global-color-4)","background-image":"","background-repeat":"repeat","background-position":"center center","background-size":"auto","background-attachment":"scroll","background-type":"","background-media":"","overlay-type":"","overlay-color":"","overlay-opacity":"","overlay-gradient":""},"tablet":{"background-color":"","background-image":"","background-repeat":"repeat","background-position":"center center","background-size":"auto","background-attachment":"scroll","background-type":"","background-media":"","overlay-type":"","overlay-color":"","overlay-opacity":"","overlay-gradient":""},"mobile":{"background-color":"","background-image":"","background-repeat":"repeat","background-position":"center center","background-size":"auto","background-attachment":"scroll","background-type":"","background-media":"","overlay-type":"","overlay-color":"","overlay-opacity":"","overlay-gradient":""}},"ast-content-background-meta":{"desktop":{"background-color":"var(--ast-global-color-5)","background-image":"","background-repeat":"repeat","background-position":"center center","background-size":"auto","background-attachment":"scroll","background-type":"","background-media":"","overlay-type":"","overlay-color":"","overlay-opacity":"","overlay-gradient":""},"tablet":{"background-color":"var(--ast-global-color-5)","background-image":"","background-repeat":"repeat","background-position":"center center","background-size":"auto","background-attachment":"scroll","background-type":"","background-media":"","overlay-type":"","overlay-color":"","overlay-opacity":"","overlay-gradient":""},"mobile":{"background-color":"var(--ast-global-color-5)","background-image":"","background-repeat":"repeat","background-position":"center center","background-size":"auto","background-attachment":"scroll","background-type":"","background-media":"","overlay-type":"","overlay-color":"","overlay-opacity":"","overlay-gradient":""}},"footnotes":""},"class_list":["post-27","page","type-page","status-publish","hentry"],"post_mailing_queue_ids":[],"_links":{"self":[{"href":"https:\/\/agora.xtec.cat\/cfa-cardedeu\/wp-json\/wp\/v2\/pages\/27","targetHints":{"allow":["GET"]}}],"collection":[{"href":"https:\/\/agora.xtec.cat\/cfa-cardedeu\/wp-json\/wp\/v2\/pages"}],"about":[{"href":"https:\/\/agora.xtec.cat\/cfa-cardedeu\/wp-json\/wp\/v2\/types\/page"}],"author":[{"embeddable":true,"href":"https:\/\/agora.xtec.cat\/cfa-cardedeu\/wp-json\/wp\/v2\/users\/1"}],"replies":[{"embeddable":true,"href":"https:\/\/agora.xtec.cat\/cfa-cardedeu\/wp-json\/wp\/v2\/comments?post=27"}],"version-history":[{"count":3,"href":"https:\/\/agora.xtec.cat\/cfa-cardedeu\/wp-json\/wp\/v2\/pages\/27\/revisions"}],"predecessor-version":[{"id":986,"href":"https:\/\/agora.xtec.cat\/cfa-cardedeu\/wp-json\/wp\/v2\/pages\/27\/revisions\/986"}],"up":[{"embeddable":true,"href":"https:\/\/agora.xtec.cat\/cfa-cardedeu\/wp-json\/wp\/v2\/pages\/261"}],"wp:attachment":[{"href":"https:\/\/agora.xtec.cat\/cfa-cardedeu\/wp-json\/wp\/v2\/media?parent=27"}],"curies":[{"name":"wp","href":"https:\/\/api.w.org\/{rel}","templated":true}]}}