{"id":955,"date":"2021-03-08T18:15:43","date_gmt":"2021-03-08T17:15:43","guid":{"rendered":"https:\/\/agora.xtec.cat\/cfa-can-rull-sabadell\/?page_id=955"},"modified":"2025-03-24T12:08:44","modified_gmt":"2025-03-24T11:08:44","slug":"https-agora-xtec-cat-cfa-can-rull-sabadell-ensenyaments-ensenyaments-per-a-la-preparacio-de-proves-dacces-a-la-universitat-per-a-majors-de-25-i-45-anys","status":"publish","type":"page","link":"https:\/\/agora.xtec.cat\/cfa-can-rull-sabadell\/ensenyaments\/ensenyaments-per-a-la-preparacio-de-proves-dacces\/https-agora-xtec-cat-cfa-can-rull-sabadell-ensenyaments-ensenyaments-per-a-la-preparacio-de-proves-dacces-a-la-universitat-per-a-majors-de-25-i-45-anys\/","title":{"rendered":"A la universitat per a majors de 25 i 45 anys"},"content":{"rendered":"<p><span style=\"font-family: helvetica, arial, sans-serif; font-size: 16px;\">Aquests estudis preparen les persones m\u00e9s grans de 25 anys per a les proves d&#8217;acc\u00e9s a la universitat.<\/span><\/p>\n<p style=\"font-family: 'Helvetica Neue', Helvetica, Helvetica, Arial, sans-serif; font-size: 14px;\"><span style=\"font-family: helvetica, arial, sans-serif; font-size: 16px;\"><strong>Mat\u00e8ries de la fase general<\/strong>\u00a0(igual per a tots els candidats)<\/span><\/p>\n<ul>\n<li style=\"list-style-type: none;\">\n<ul style=\"list-style-type: disc;\">\n<li style=\"font-family: 'Helvetica Neue', Helvetica, Helvetica, Arial, sans-serif; font-size: 14px; text-align: justify;\"><span style=\"font-family: helvetica, arial, sans-serif; font-size: 16px;\">Comentari de text<img loading=\"lazy\" decoding=\"async\" class=\"size-full wp-image-1399 alignright\" src=\"https:\/\/agora.xtec.cat\/cfa-can-rull-sabadell\/wp-content\/uploads\/usu2059\/2021\/04\/AU-01.png\" alt=\"\" width=\"446\" height=\"258\" srcset=\"https:\/\/agora.xtec.cat\/cfa-can-rull-sabadell\/wp-content\/uploads\/usu2059\/2021\/04\/AU-01.png 446w, https:\/\/agora.xtec.cat\/cfa-can-rull-sabadell\/wp-content\/uploads\/usu2059\/2021\/04\/AU-01-300x174.png 300w\" sizes=\"auto, (max-width: 446px) 100vw, 446px\" \/><\/span><\/li>\n<li style=\"font-family: 'Helvetica Neue', Helvetica, Helvetica, Arial, sans-serif; font-size: 14px; text-align: justify;\"><span style=\"font-family: helvetica, arial, sans-serif; font-size: 16px;\">Llengua catalana<\/span><\/li>\n<li style=\"font-family: 'Helvetica Neue', Helvetica, Helvetica, Arial, sans-serif; font-size: 14px; text-align: justify;\"><span style=\"font-family: helvetica, arial, sans-serif; font-size: 16px;\">Llengua castellana<\/span><\/li>\n<li style=\"font-family: 'Helvetica Neue', Helvetica, Helvetica, Arial, sans-serif; font-size: 14px; text-align: justify;\"><span style=\"font-family: helvetica, arial, sans-serif; font-size: 16px;\">Llengua estrangera (a triar entre angl\u00e8s, franc\u00e8s, alemany, itali\u00e0 o portugu\u00e8s)<\/span><\/li>\n<\/ul>\n<\/li>\n<\/ul>\n<p style=\"text-align: justify;\"><span style=\"font-family: helvetica, arial, sans-serif; font-size: 16px;\">Els exercicis de comentari de text, llengua catalana i llengua castellana s\u00f3n comuns a les proves per a m\u00e9s grans de 25 anys i les proves per a m\u00e9s grans de 45 anys.<\/span><\/p>\n<p><span style=\"font-family: helvetica, arial, sans-serif; font-size: 16px;\"><strong>Mat\u00e8ries de la fase espec\u00edfica<\/strong><\/span><\/p>\n<p style=\"text-align: justify;\"><span style=\"font-family: helvetica, arial, sans-serif; font-size: 16px;\">L&#8217;alumne ha d&#8217;escollir dues mat\u00e8ries relacionades amb una de les branques de coneixement, entorn de les quals s&#8217;organitzen els t\u00edtols universitaris de grau.<\/span><\/p>\n<table style=\"border-collapse: collapse; width: 100%;\">\n<tbody>\n<tr>\n<td style=\"width: 50%; border-style: solid; border-color: #030202; background-color: #6df7f5;\"><strong>Opcions d&#8217;acc\u00e9s<\/strong><\/td>\n<td style=\"width: 50%; border-style: solid; border-color: #030202; background-color: #6df7f5;\"><strong>Mat\u00e8ries<\/strong><\/td>\n<\/tr>\n<tr>\n<td style=\"width: 50%; border-style: solid; border-color: #030202; background-color: #f5c840;\"><strong>Arts i Humanitats<\/strong><\/td>\n<td style=\"width: 50%; border-style: solid; border-color: #030202; background-color: #f5c840;\">Filosofia<\/p>\n<p><strong>Geografia<\/strong><\/p>\n<p><strong>Hist\u00f2ria Contempor\u00e0nia<\/strong><\/p>\n<p>Hist\u00f2ria de l&#8217;Art<\/p>\n<p>Literatura<\/td>\n<\/tr>\n<tr>\n<td style=\"width: 50%; border-style: solid; border-color: #030202; background-color: #f5c840;\"><strong>Ci\u00e8ncies<\/strong><\/td>\n<td style=\"width: 50%; border-style: solid; border-color: #030202; background-color: #f5c840;\"><strong>Biologia<\/strong><\/p>\n<p>F\u00edsica<\/p>\n<p>Estad\u00edstica<\/p>\n<p>Matem\u00e0tiques<\/p>\n<p><strong>Qu\u00edmica<\/strong><\/td>\n<\/tr>\n<tr>\n<td style=\"width: 50%; border-style: solid; border-color: #030202; background-color: #f5c840;\"><strong>Ci\u00e8ncies de la Salut<\/strong><\/td>\n<td style=\"width: 50%; border-style: solid; border-color: #030202; background-color: #f5c840;\"><strong>Biologia<\/strong><\/p>\n<p>F\u00edsica<\/p>\n<p>Estad\u00edstica<\/p>\n<p>Matem\u00e0tiques<\/p>\n<p><strong>Qu\u00edmica<\/strong><\/td>\n<\/tr>\n<tr>\n<td style=\"width: 50%; border-style: solid; border-color: #030202; background-color: #f5c840;\"><strong>Ci\u00e8ncies Socials i Jur\u00eddiques<\/strong><\/td>\n<td style=\"width: 50%; border-style: solid; border-color: #030202; background-color: #f5c840;\">Economia i Organitzaci\u00f3 d&#8217;Empresa<\/p>\n<p>Estad\u00edstica<\/p>\n<p><strong>Geografia<\/strong><\/p>\n<p><strong>Hist\u00f2ria Contempor\u00e0nia<\/strong><\/p>\n<p>Matem\u00e0tiques<\/td>\n<\/tr>\n<tr>\n<td style=\"width: 50%; border-style: solid; border-color: #030202; background-color: #f5c840;\"><strong>Enginyeria i Arquitectura<\/strong><\/td>\n<td style=\"width: 50%; border-style: solid; border-color: #030202; background-color: #f5c840;\">Dibuix T\u00e8cnic<\/p>\n<p>Economia i Organitzaci\u00f3 d&#8217;Empresa<\/p>\n<p>F\u00edsica<\/p>\n<p>Matem\u00e0tiques<\/p>\n<p><strong>Qu\u00edmica<\/strong><\/td>\n<\/tr>\n<\/tbody>\n<\/table>\n<p style=\"text-align: center;\"><span style=\"font-family: arial, helvetica, sans-serif; font-size: 20px;\"><strong>En el CFA de Can Rull impartim les mat\u00e8ries indicades en negreta<\/strong><\/span><\/p>\n<table style=\"border-collapse: collapse; width: 99.7269%; height: 97px;\">\n<tbody>\n<tr>\n<td style=\"width: 37.0016%; text-align: left; border-style: solid; border-color: #080707; background-color: #cde6bc;\"><span style=\"font-size: 20px;\"><strong>Comunes torn de tarda<\/strong><\/span><\/td>\n<td style=\"width: 76.3841%; text-align: left; border-style: solid; border-color: #080707; background-color: #cde6bc;\"><span style=\"font-size: 20px;\"><strong>\u21d2 de dilluns a dijous de 16 a 18h<\/strong><\/span><\/td>\n<\/tr>\n<tr>\n<td style=\"width: 37.0016%; text-align: left; border-style: solid; border-color: #080707; background-color: #cde6bc;\"><span style=\"font-size: 20px;\"><strong>Comunes torn de vespre<\/strong><\/span><\/td>\n<td style=\"width: 76.3841%; text-align: left; border-style: solid; border-color: #080707; background-color: #cde6bc;\"><span style=\"font-size: 20px;\"><strong>\u21d2 de dilluns a dijous de 19:30 a 21:30h<\/strong><\/span><\/td>\n<\/tr>\n<tr>\n<td style=\"width: 37.0016%; text-align: left; border-style: solid; border-color: #080707; background-color: #cde6bc;\"><span style=\"font-size: 20px;\"><strong>Espec\u00edfiques<\/strong><\/span><\/td>\n<td style=\"width: 76.3841%; text-align: left; border-style: solid; border-color: #080707; background-color: #cde6bc;\"><span style=\"font-size: 20px;\"><strong>\u21d2 de dilluns a dijous de 18 a 19:30h<\/strong><\/span><\/td>\n<\/tr>\n<\/tbody>\n<\/table>\n<p><span style=\"font-family: helvetica, arial, sans-serif; font-size: 16px;\">La prova d\u2019acc\u00e9s a la universitat per a m\u00e9s grans de 25 anys, un cop superada, t\u00e9 validesa indefinida.<\/span><\/p>\n<p><span style=\"font-family: helvetica, arial, sans-serif; font-size: 16px;\">Per accedir a la universitat via m\u00e9s grans de 45 anys cal superar una prova d\u2019acc\u00e9s i realitzar una entrevista.<\/span><\/p>\n","protected":false},"excerpt":{"rendered":"<p>Aquests estudis preparen les persones m\u00e9s grans de 25 anys per a les proves d&#8217;acc\u00e9s a la universitat.<br \/>\nMat\u00e8ries de la fase general\u00a0(igual per a tots els candidats)<\/p>\n<ul>\n<li style=\"list-style-type: none;\">\n<ul style=\"list-style-type: disc;\">\n<li style=\"font-family: 'Helvetica Neue', Helvetica, Helvetica, Arial, sans-serif; font-size: 14px; text-align: justify;\">Comentari de text<\/li>\n<li style=\"font-family:&hellip;  <a href=\"https:\/\/agora.xtec.cat\/cfa-can-rull-sabadell\/ensenyaments\/ensenyaments-per-a-la-preparacio-de-proves-dacces\/https-agora-xtec-cat-cfa-can-rull-sabadell-ensenyaments-ensenyaments-per-a-la-preparacio-de-proves-dacces-a-la-universitat-per-a-majors-de-25-i-45-anys\/\" title=\"Read A la universitat per a majors de 25 i 45 anys\">Llegeix m\u00e9s\u00bb<\/a><br \/>\n","protected":false},"author":1,"featured_media":0,"parent":288,"menu_order":0,"comment_status":"closed","ping_status":"closed","template":"page-templates\/side-menu.php","meta":{"_bbp_topic_count":0,"_bbp_reply_count":0,"_bbp_total_topic_count":0,"_bbp_total_reply_count":0,"_bbp_voice_count":0,"_bbp_anonymous_reply_count":0,"_bbp_topic_count_hidden":0,"_bbp_reply_count_hidden":0,"_bbp_forum_subforum_count":0,"footnotes":""},"class_list":["post-955","page","type-page","status-publish","hentry"],"post_mailing_queue_ids":[],"_links":{"self":[{"href":"https:\/\/agora.xtec.cat\/cfa-can-rull-sabadell\/wp-json\/wp\/v2\/pages\/955","targetHints":{"allow":["GET"]}}],"collection":[{"href":"https:\/\/agora.xtec.cat\/cfa-can-rull-sabadell\/wp-json\/wp\/v2\/pages"}],"about":[{"href":"https:\/\/agora.xtec.cat\/cfa-can-rull-sabadell\/wp-json\/wp\/v2\/types\/page"}],"author":[{"embeddable":true,"href":"https:\/\/agora.xtec.cat\/cfa-can-rull-sabadell\/wp-json\/wp\/v2\/users\/1"}],"replies":[{"embeddable":true,"href":"https:\/\/agora.xtec.cat\/cfa-can-rull-sabadell\/wp-json\/wp\/v2\/comments?post=955"}],"version-history":[{"count":5,"href":"https:\/\/agora.xtec.cat\/cfa-can-rull-sabadell\/wp-json\/wp\/v2\/pages\/955\/revisions"}],"predecessor-version":[{"id":3233,"href":"https:\/\/agora.xtec.cat\/cfa-can-rull-sabadell\/wp-json\/wp\/v2\/pages\/955\/revisions\/3233"}],"up":[{"embeddable":true,"href":"https:\/\/agora.xtec.cat\/cfa-can-rull-sabadell\/wp-json\/wp\/v2\/pages\/288"}],"wp:attachment":[{"href":"https:\/\/agora.xtec.cat\/cfa-can-rull-sabadell\/wp-json\/wp\/v2\/media?parent=955"}],"curies":[{"name":"wp","href":"https:\/\/api.w.org\/{rel}","templated":true}]}}