{"id":3320,"date":"2025-06-11T16:55:52","date_gmt":"2025-06-11T14:55:52","guid":{"rendered":"https:\/\/agora.xtec.cat\/cfa-can-rull-sabadell\/?page_id=3320"},"modified":"2025-06-27T12:50:13","modified_gmt":"2025-06-27T10:50:13","slug":"a-cicles-formatius-de-grau-superior","status":"publish","type":"page","link":"https:\/\/agora.xtec.cat\/cfa-can-rull-sabadell\/ensenyaments\/curs-dacces-directe-nou\/a-cicles-formatius-de-grau-superior\/","title":{"rendered":"A cicles formatius de grau superior (CAS)"},"content":{"rendered":"<p><span style=\"color: #000000;\">Aquests estudis donen acc\u00e9s directe als cicles de grau superior de formaci\u00f3 professional, d\u2019arts pl\u00e0stiques i disseny i d\u2019ensenyaments esportius sense necessitat de fer la prova d\u2019acc\u00e9s.<\/span><\/p>\n<p><span style=\"color: #000000;\">L\u2019alumne ha de preparar la part comuna i la part espec\u00edfica.<\/span><\/p>\n<p><span style=\"color: #000000;\">La durada del curs \u00e9s de 33 setmanes, unes 627 hores entre totes les mat\u00e8ries.<\/span><\/p>\n<p><span style=\"color: #000000;\">No es podr\u00e0 tenir cap exempci\u00f3, ni de catal\u00e0 ni de mat\u00e8ries espec\u00edfiques.<\/span><\/p>\n<p><span style=\"color: #000000;\"><b>ESTRUCTURA<\/b><\/span><\/p>\n<p><span style=\"color: #000000;\"><b>Mat\u00e8ries de la part comuna<\/b><\/span><\/p>\n<ul>\n<li aria-level=\"1\"><span style=\"color: #000000;\">Llengua catalana<\/span><\/li>\n<li aria-level=\"1\"><span style=\"color: #000000;\">Llengua castellana<\/span><\/li>\n<li aria-level=\"1\"><span style=\"color: #000000;\">Llengua estrangera (angl\u00e8s, franc\u00e8s o alemany)<\/span><\/li>\n<li aria-level=\"1\"><span style=\"color: #000000;\">Matem\u00e0tiques<\/span><\/li>\n<\/ul>\n<p><span style=\"color: #000000;\"><b>Mat\u00e8ries de la part espec\u00edfica<\/b><\/span><\/p>\n<p><span style=\"color: #000000;\">Segons la fam\u00edlia professional o cicle al qual l&#8217;alumne vol accedir, cal escollir dues mat\u00e8ries de les opcions A, B, C o D.<\/span><\/p>\n<table class=\" aligncenter\" style=\"height: 212px; width: 75.903%; background-color: #edb951; border-style: double; border-color: #232dc2;\">\n<tbody>\n<tr>\n<td style=\"width: 11.8608%;\"><strong><span style=\"color: #000000;\">Opci\u00f3 A<\/span><\/strong><\/td>\n<td style=\"width: 13.3709%;\"><strong><span style=\"color: #000000;\">Opci\u00f3 B<\/span><\/strong><\/td>\n<td style=\"width: 10.3689%;\"><strong><span style=\"color: #000000;\">Opci\u00f3 C<\/span><\/strong><\/td>\n<td style=\"width: 11.141%;\"><strong><span style=\"color: #000000;\">Opci\u00f3 D<\/span><\/strong><\/td>\n<\/tr>\n<tr>\n<td style=\"width: 11.8608%;\"><span style=\"color: #000000;\">Dibuix t\u00e8cnic\u00a0<\/span><\/p>\n<p><span style=\"color: #000000;\">F\u00edsica<\/span><\/p>\n<p><span style=\"color: #000000;\">Tecnologia\u00a0<\/span><\/td>\n<td style=\"width: 13.3709%;\"><strong><span style=\"color: #000000;\">Biologia<\/span><\/strong><\/p>\n<p><span style=\"color: #000000;\">CCTMA\u00a0<\/span><\/p>\n<p><strong><span style=\"color: #000000;\">Qu\u00edmica<\/span><\/strong><\/td>\n<td style=\"width: 10.3689%;\"><span style=\"color: #000000;\">Economia\u00a0<\/span><\/p>\n<p><strong><span style=\"color: #000000;\">Geografia<\/span><\/strong><\/p>\n<p><strong><span style=\"color: #000000;\">Psicologia<\/span><\/strong><\/p>\n<p><span style=\"color: #000000;\">Segona Llengua\u00a0<\/span><\/td>\n<td style=\"width: 11.141%;\"><strong><span style=\"color: #000000;\">Biologia<\/span><\/strong><\/p>\n<p><span style=\"color: #000000;\">CCTMA\u00a0<\/span><\/p>\n<p><strong><span style=\"color: #000000;\">Qu\u00edmica<\/span><\/strong><\/p>\n<p><span style=\"color: #000000;\">Educaci\u00f3 f\u00edsica\u00a0<\/span><\/td>\n<\/tr>\n<\/tbody>\n<\/table>\n<p>&nbsp;<\/p>\n<p><span style=\"color: #000000;\">En <strong>negreta<\/strong> s\u00f3n les mat\u00e8ries que podeu realitzar al centre. No es podran fer assignatures a dist\u00e0ncia a trav\u00e9s de l\u2019IOC.<\/span><\/p>\n<p><span style=\"color: #000000;\">Poden fer el CAS les persones que tinguin <strong>19 anys<\/strong> o que els facin abans del 31 de desembre de l\u2019any en qu\u00e8 es matriculen.<\/span><\/p>\n<p><span style=\"color: #000000;\"><b>HORARI ORIENTATIU:<\/b><\/span><\/p>\n<table class=\" aligncenter\" style=\"border-color: #0eb047; border-style: dotted; background-color: #e6eb8a; width: 83.0623%; height: 63px;\">\n<tbody>\n<tr>\n<td style=\"width: 38.295%;\"><span style=\"color: #000000;\"><b>Assignatures comunes i espec\u00edfiques<\/b><\/span><\/td>\n<td style=\"width: 36.5358%;\">\n<ul>\n<li aria-level=\"1\"><span style=\"color: #000000;\"><b>de dilluns a dijous, de 15:00 a 20:30 h<\/b><\/span><\/li>\n<\/ul>\n<\/td>\n<\/tr>\n<\/tbody>\n<\/table>\n<p>&nbsp;<\/p>\n<p><span style=\"color: #000000;\"><b>La superaci\u00f3 del curs t\u00e9 els efectes seg\u00fcents:<\/b><\/span><\/p>\n<ul>\n<li aria-level=\"1\"><span style=\"color: #000000;\">L\u2019acc\u00e9s directe als cicles formatius de grau superior de la fam\u00edlia professional amb qu\u00e8 estiguin relacionades les espec\u00edfiques del curs.<\/span><\/li>\n<\/ul>\n<ul>\n<li aria-level=\"1\"><span style=\"color: #000000;\">En els ensenyaments d\u2019arts pl\u00e0stiques i disseny, equival a la part comuna de la prova d\u2019acc\u00e9s de grau superior, per\u00f2 no a la part espec\u00edfica, que caldr\u00e0 fer.<\/span><\/li>\n<\/ul>\n<ul>\n<li aria-level=\"1\"><span style=\"color: #000000;\">En els ensenyaments esportius, equival a la part comuna de la prova d\u2019acc\u00e9s de grau superior, per\u00f2 no a la part espec\u00edfica, que caldr\u00e0 fer.<\/span><\/li>\n<\/ul>\n<p style=\"text-align: center;\">\n","protected":false},"excerpt":{"rendered":"<p>Aquests estudis donen acc\u00e9s directe als cicles de grau superior de formaci\u00f3 professional, d\u2019arts pl\u00e0stiques i disseny i d\u2019ensenyaments esportius sense necessitat de fer la prova d\u2019acc\u00e9s.<br \/>\nL\u2019alumne ha de preparar la part comuna i la part espec\u00edfica.<br \/>\nLa durada del curs \u00e9s de 33 setmanes, unes&hellip;  <a href=\"https:\/\/agora.xtec.cat\/cfa-can-rull-sabadell\/ensenyaments\/curs-dacces-directe-nou\/a-cicles-formatius-de-grau-superior\/\" title=\"Read A cicles formatius de grau superior (CAS)\">Llegeix m\u00e9s\u00bb<\/a><\/p>\n","protected":false},"author":1,"featured_media":0,"parent":3311,"menu_order":0,"comment_status":"closed","ping_status":"closed","template":"page-templates\/side-menu.php","meta":{"_bbp_topic_count":0,"_bbp_reply_count":0,"_bbp_total_topic_count":0,"_bbp_total_reply_count":0,"_bbp_voice_count":0,"_bbp_anonymous_reply_count":0,"_bbp_topic_count_hidden":0,"_bbp_reply_count_hidden":0,"_bbp_forum_subforum_count":0,"footnotes":""},"class_list":["post-3320","page","type-page","status-publish","hentry"],"post_mailing_queue_ids":[],"_links":{"self":[{"href":"https:\/\/agora.xtec.cat\/cfa-can-rull-sabadell\/wp-json\/wp\/v2\/pages\/3320","targetHints":{"allow":["GET"]}}],"collection":[{"href":"https:\/\/agora.xtec.cat\/cfa-can-rull-sabadell\/wp-json\/wp\/v2\/pages"}],"about":[{"href":"https:\/\/agora.xtec.cat\/cfa-can-rull-sabadell\/wp-json\/wp\/v2\/types\/page"}],"author":[{"embeddable":true,"href":"https:\/\/agora.xtec.cat\/cfa-can-rull-sabadell\/wp-json\/wp\/v2\/users\/1"}],"replies":[{"embeddable":true,"href":"https:\/\/agora.xtec.cat\/cfa-can-rull-sabadell\/wp-json\/wp\/v2\/comments?post=3320"}],"version-history":[{"count":6,"href":"https:\/\/agora.xtec.cat\/cfa-can-rull-sabadell\/wp-json\/wp\/v2\/pages\/3320\/revisions"}],"predecessor-version":[{"id":3359,"href":"https:\/\/agora.xtec.cat\/cfa-can-rull-sabadell\/wp-json\/wp\/v2\/pages\/3320\/revisions\/3359"}],"up":[{"embeddable":true,"href":"https:\/\/agora.xtec.cat\/cfa-can-rull-sabadell\/wp-json\/wp\/v2\/pages\/3311"}],"wp:attachment":[{"href":"https:\/\/agora.xtec.cat\/cfa-can-rull-sabadell\/wp-json\/wp\/v2\/media?parent=3320"}],"curies":[{"name":"wp","href":"https:\/\/api.w.org\/{rel}","templated":true}]}}