{"id":3316,"date":"2025-06-11T16:52:43","date_gmt":"2025-06-11T14:52:43","guid":{"rendered":"https:\/\/agora.xtec.cat\/cfa-can-rull-sabadell\/?page_id=3316"},"modified":"2025-06-11T17:23:15","modified_gmt":"2025-06-11T15:23:15","slug":"a-cicles-formatius-de-grau-mitja","status":"publish","type":"page","link":"https:\/\/agora.xtec.cat\/cfa-can-rull-sabadell\/ensenyaments\/curs-dacces-directe-nou\/a-cicles-formatius-de-grau-mitja\/","title":{"rendered":"A cicles formatius de grau mitj\u00e0"},"content":{"rendered":"<p><span style=\"color: #000000;\">Aquests estudis donen acc\u00e9s directe als cicles de grau mitj\u00e0 de formaci\u00f3 professional, d\u2019arts pl\u00e0stiques i disseny i d\u2019ensenyaments esportius sense necessitat de fer la prova d\u2019acc\u00e9s.<\/span><\/p>\n<p><span style=\"color: #000000;\">La durada del curs d\u2019acc\u00e9s a grau mitj\u00e0 \u00e9s de 462 hores.<\/span><\/p>\n<p><span style=\"color: #000000;\"><b>Continguts<\/b>:<\/span><\/p>\n<ul>\n<li aria-level=\"1\"><span style=\"color: #000000;\">Compet\u00e8ncia en llengua catalana i castellana<\/span><\/li>\n<li aria-level=\"1\"><span style=\"color: #000000;\">Compet\u00e8ncia en llengua estrangera<\/span><\/li>\n<li aria-level=\"1\"><span style=\"color: #000000;\">Compet\u00e8ncia social i ciutadana<\/span><\/li>\n<li aria-level=\"1\"><span style=\"color: #000000;\">Compet\u00e8ncia matem\u00e0tica<\/span><\/li>\n<li aria-level=\"1\"><span style=\"color: #000000;\">Compet\u00e8ncia d&#8217;interacci\u00f3 amb el m\u00f3n f\u00edsic<\/span><\/li>\n<li aria-level=\"1\"><span style=\"color: #000000;\">Compet\u00e8ncia en tecnologies<\/span><\/li>\n<\/ul>\n<p><span style=\"color: #000000;\">Poden\u00a0 fer el CAM les persones que tinguin 16 any o que els facin abans del 31 de desembre de l\u2019any en qu\u00e8 es matriculen.<\/span><\/p>\n<p><span style=\"color: #000000;\"><b>HORARI ORIENTATIU:<\/b><\/span><\/p>\n<table class=\" aligncenter\" style=\"height: 59px; width: 63.835%; border-collapse: collapse; border-style: solid; border-color: #04d420; background-color: #dee388;\">\n<tbody>\n<tr>\n<td style=\"width: 37.7551%;\"><b>Curs d&#8217;acc\u00e9s a CFGM<\/b><\/td>\n<td style=\"width: 62.2449%;\">\n<ul>\n<li><b>de dilluns a divendres, de 15 a 18:00 h\u00a0<\/b><\/li>\n<\/ul>\n<\/td>\n<\/tr>\n<\/tbody>\n<\/table>\n<p>&nbsp;<\/p>\n<p><span style=\"color: #000000;\"><b>La superaci\u00f3 del curs t\u00e9 els efectes seg\u00fcents:<\/b><\/span><\/p>\n<ul>\n<li aria-level=\"1\"><span style=\"color: #000000;\">L\u2019acc\u00e9s a qualsevol cicle formatiu de grau mitj\u00e0.<\/span><\/li>\n<li aria-level=\"1\"><span style=\"color: #000000;\">En els ensenyaments d\u2019arts pl\u00e0stiques i disseny, equival a la part comuna de la prova d\u2019acc\u00e9s de grau superior, per\u00f2 no a la part espec\u00edfica, que caldr\u00e0 fer.<\/span><\/li>\n<li aria-level=\"1\"><span style=\"color: #000000;\">En els ensenyaments esportius, equival a la part comuna de la prova d\u2019acc\u00e9s de grau superior, per\u00f2 no a la part espec\u00edfica, que caldr\u00e0 fer.<\/span><\/li>\n<\/ul>\n","protected":false},"excerpt":{"rendered":"<p>Aquests estudis donen acc\u00e9s directe als cicles de grau mitj\u00e0 de formaci\u00f3 professional, d\u2019arts pl\u00e0stiques i disseny i d\u2019ensenyaments esportius sense necessitat de fer la prova d\u2019acc\u00e9s.<br \/>\nLa durada del curs d\u2019acc\u00e9s a grau mitj\u00e0 \u00e9s de 462 hores.<br \/>\nContinguts:<\/p>\n<ul>\n<li aria-level=\"1\">Compet\u00e8ncia en llengua catalana i castellana<\/li>\n<li aria-level=\"1\">Compet\u00e8ncia&hellip;  <a href=\"https:\/\/agora.xtec.cat\/cfa-can-rull-sabadell\/ensenyaments\/curs-dacces-directe-nou\/a-cicles-formatius-de-grau-mitja\/\" title=\"Read A cicles formatius de grau mitj\u00e0\">Llegeix m\u00e9s\u00bb<\/a><br \/>\n","protected":false},"author":1,"featured_media":0,"parent":3311,"menu_order":0,"comment_status":"closed","ping_status":"closed","template":"page-templates\/side-menu.php","meta":{"_bbp_topic_count":0,"_bbp_reply_count":0,"_bbp_total_topic_count":0,"_bbp_total_reply_count":0,"_bbp_voice_count":0,"_bbp_anonymous_reply_count":0,"_bbp_topic_count_hidden":0,"_bbp_reply_count_hidden":0,"_bbp_forum_subforum_count":0,"footnotes":""},"class_list":["post-3316","page","type-page","status-publish","hentry"],"post_mailing_queue_ids":[],"_links":{"self":[{"href":"https:\/\/agora.xtec.cat\/cfa-can-rull-sabadell\/wp-json\/wp\/v2\/pages\/3316","targetHints":{"allow":["GET"]}}],"collection":[{"href":"https:\/\/agora.xtec.cat\/cfa-can-rull-sabadell\/wp-json\/wp\/v2\/pages"}],"about":[{"href":"https:\/\/agora.xtec.cat\/cfa-can-rull-sabadell\/wp-json\/wp\/v2\/types\/page"}],"author":[{"embeddable":true,"href":"https:\/\/agora.xtec.cat\/cfa-can-rull-sabadell\/wp-json\/wp\/v2\/users\/1"}],"replies":[{"embeddable":true,"href":"https:\/\/agora.xtec.cat\/cfa-can-rull-sabadell\/wp-json\/wp\/v2\/comments?post=3316"}],"version-history":[{"count":6,"href":"https:\/\/agora.xtec.cat\/cfa-can-rull-sabadell\/wp-json\/wp\/v2\/pages\/3316\/revisions"}],"predecessor-version":[{"id":3330,"href":"https:\/\/agora.xtec.cat\/cfa-can-rull-sabadell\/wp-json\/wp\/v2\/pages\/3316\/revisions\/3330"}],"up":[{"embeddable":true,"href":"https:\/\/agora.xtec.cat\/cfa-can-rull-sabadell\/wp-json\/wp\/v2\/pages\/3311"}],"wp:attachment":[{"href":"https:\/\/agora.xtec.cat\/cfa-can-rull-sabadell\/wp-json\/wp\/v2\/media?parent=3316"}],"curies":[{"name":"wp","href":"https:\/\/api.w.org\/{rel}","templated":true}]}}