{"id":320,"date":"2015-01-28T11:35:13","date_gmt":"2015-01-28T10:35:13","guid":{"rendered":"http:\/\/agora.xtec.cat\/cfa-can-rull-sabadell\/?page_id=320"},"modified":"2025-06-26T08:09:13","modified_gmt":"2025-06-26T06:09:13","slug":"a-cicles-formatius-de-grau-superior","status":"publish","type":"page","link":"https:\/\/agora.xtec.cat\/cfa-can-rull-sabadell\/ensenyaments\/ensenyaments-per-a-la-preparacio-de-proves-dacces\/a-cicles-formatius-de-grau-superior\/","title":{"rendered":"A cicles formatius de grau superior"},"content":{"rendered":"<p style=\"text-align: justify;\"><span style=\"font-size: 16px; font-family: helvetica, arial, sans-serif;\"><img loading=\"lazy\" decoding=\"async\" class=\"size-full wp-image-1412 alignright\" src=\"https:\/\/agora.xtec.cat\/cfa-can-rull-sabadell\/wp-content\/uploads\/usu2059\/2021\/04\/CFGS-01.png\" alt=\"\" width=\"387\" height=\"278\" srcset=\"https:\/\/agora.xtec.cat\/cfa-can-rull-sabadell\/wp-content\/uploads\/usu2059\/2021\/04\/CFGS-01.png 387w, https:\/\/agora.xtec.cat\/cfa-can-rull-sabadell\/wp-content\/uploads\/usu2059\/2021\/04\/CFGS-01-300x216.png 300w\" sizes=\"auto, (max-width: 387px) 100vw, 387px\" \/>Aquests estudis preparen per presentar-se a les proves d&#8217;acc\u00e9s als cicles de grau superior de formaci\u00f3 professional, d&#8217;arts pl\u00e0stiques i disseny i d&#8217;ensenyaments esportius. L&#8217;alumnat pot preparar la part comuna de la prova i la part espec\u00edfica a trav\u00e9s de l&#8217;Institut Obert de Catalunya (IOC).<\/span><\/p>\n<p style=\"text-align: justify;\"><span style=\"font-size: 16px; font-family: helvetica, arial, sans-serif;\">La durada m\u00ednima per a la preparaci\u00f3 de les proves d&#8217;acc\u00e9s al grau superior \u00e9s de 300 hores per a la part comuna i de 99 hores per a les dues mat\u00e8ries de la part espec\u00edfica.<\/span><\/p>\n<p style=\"text-align: justify;\"><span style=\"font-size: 16px; font-family: helvetica, arial, sans-serif; color: #000000;\"><strong>Mat\u00e8ries de la part comuna<\/strong><\/span><\/p>\n<ul style=\"text-align: justify;\">\n<li style=\"list-style-type: none;\">\n<ul style=\"list-style-type: disc;\">\n<li><span style=\"font-size: 16px; font-family: helvetica, arial, sans-serif;\">Llengua catalana i castellana<\/span><\/li>\n<li><span style=\"font-size: 16px; font-family: helvetica, arial, sans-serif;\">Llengua estrangera (Angl\u00e8s)<\/span><\/li>\n<li><span style=\"font-size: 16px; font-family: helvetica, arial, sans-serif;\">Matem\u00e0tiques<\/span><\/li>\n<li><span style=\"font-size: 16px; font-family: helvetica, arial, sans-serif;\">Hist\u00f2ria (\u00e9s mat\u00e8ria comuna nom\u00e9s per a les persones que vulguin accedir als ensenyaments art\u00edstics)<\/span><\/li>\n<\/ul>\n<\/li>\n<\/ul>\n<p style=\"text-align: justify;\"><span style=\"font-size: 16px; font-family: helvetica, arial, sans-serif; color: #000000;\"><strong>Mat\u00e8ries de la part espec\u00edfica<\/strong><\/span><\/p>\n<p style=\"text-align: justify;\"><span style=\"font-size: 16px; font-family: helvetica, arial, sans-serif;\">Segons la fam\u00edlia professional o cicle al qual l&#8217;alumne vol accedir, cal escollir dues mat\u00e8ries de les opcions A, B, C o D.<\/span><\/p>\n<table style=\"border-collapse: collapse; width: 100%; height: 113px;\">\n<tbody>\n<tr style=\"height: 81px;\">\n<td style=\"width: 25%; text-align: center; height: 81px; border-style: solid; border-color: #080000; background-color: #f7d514;\"><strong>Opci\u00f3 A<\/strong><\/td>\n<td style=\"width: 25%; text-align: center; height: 81px; border-style: solid; border-color: #080000; background-color: #68f776;\"><strong>Opci\u00f3 B<\/strong><\/td>\n<td style=\"width: 25%; text-align: center; height: 81px; border-style: solid; border-color: #080000; background-color: #ebe4ea;\"><strong>Opci\u00f3 C<\/strong><\/td>\n<td style=\"width: 25%; text-align: center; height: 81px; border-style: solid; border-color: #080000; background-color: #2df7ed;\"><strong>Opci\u00f3 D <\/strong><\/p>\n<p>(Enseny. art\u00edstics)<\/td>\n<\/tr>\n<tr style=\"height: 32px;\">\n<td style=\"width: 25%; height: 32px; border-style: solid; border-color: #080000; background-color: #f7d514;\">F\u00edsica (IOC)<\/p>\n<p>Tecnologia industrial (IOC)<\/p>\n<p>Dibuix t\u00e8cnic (IOC)<\/td>\n<td style=\"width: 25%; height: 32px; border-style: solid; border-color: #080000; background-color: #68f776;\">Qu\u00edmica (IOC)<\/p>\n<p>Biologia (IOC)<\/p>\n<p>Ci\u00e8ncies de la terra (IOC)<\/p>\n<p>Educaci\u00f3 f\u00edsica (IOC)<\/td>\n<td style=\"width: 25%; height: 32px; border-style: solid; border-color: #080000; background-color: #ebe4ea;\">Economia\u00a0 i organitzaci\u00f3 (IOC)<\/p>\n<p>Geografia (IOC)<\/p>\n<p>Psicologia i sociologia (IOC)<\/p>\n<p>Segona llengua estrangera (IOC)<\/td>\n<td style=\"width: 25%; height: 32px; text-align: center; border-style: solid; border-color: #080000; background-color: #2df7ed;\">IOC<\/td>\n<\/tr>\n<\/tbody>\n<\/table>\n<p style=\"text-align: justify;\"><span style=\"font-size: 16px; font-family: helvetica, arial, sans-serif;\"><img loading=\"lazy\" decoding=\"async\" class=\"alignleft size-full wp-image-1413\" src=\"https:\/\/agora.xtec.cat\/cfa-can-rull-sabadell\/wp-content\/uploads\/usu2059\/2021\/04\/CFGS-02.png\" alt=\"\" width=\"366\" height=\"277\" srcset=\"https:\/\/agora.xtec.cat\/cfa-can-rull-sabadell\/wp-content\/uploads\/usu2059\/2021\/04\/CFGS-02.png 366w, https:\/\/agora.xtec.cat\/cfa-can-rull-sabadell\/wp-content\/uploads\/usu2059\/2021\/04\/CFGS-02-300x227.png 300w, https:\/\/agora.xtec.cat\/cfa-can-rull-sabadell\/wp-content\/uploads\/usu2059\/2021\/04\/CFGS-02-200x150.png 200w\" sizes=\"auto, (max-width: 366px) 100vw, 366px\" \/><\/span><\/p>\n<p>&nbsp;<\/p>\n<p style=\"text-align: justify;\"><span style=\"font-size: 16px; font-family: helvetica, arial, sans-serif;\">Poden accedir a aquests estudis les persones que tinguin m\u00e9s de 18 anys o els compleixen durant l&#8217;any natural en qu\u00e8 s&#8217;inicia la formaci\u00f3. Cal tenir en compte que per realitzar les proves d&#8217;acc\u00e9s als cicles formatius de grau superior s&#8217;han de tenir m\u00e9s de 19 anys o complir-los l&#8217;any natural en qu\u00e8 es realitza la prova.<\/span><\/p>\n<p>&nbsp;<\/p>\n<table style=\"border-collapse: collapse; width: 97.1552%;\">\n<tbody>\n<tr>\n<td style=\"width: 38.2319%; border-style: solid; border-color: #050505; background-color: #d8c5d9;\"><span style=\"font-size: 20px;\"><strong>Comunes torn de vespre<\/strong><\/span><\/td>\n<td style=\"width: 64.0138%; border-style: solid; border-color: #050505; background-color: #d8c5d9;\"><span style=\"font-size: 20px;\"><strong>\u21d2 de dilluns a dijous de 18:30 a 21:30h<\/strong><\/span><\/td>\n<\/tr>\n<\/tbody>\n<\/table>\n<p style=\"text-align: justify;\"><span style=\"font-size: 16px; font-family: helvetica, arial, sans-serif;\"><span style=\"color: #000080;\"><strong>Continu\u00eftat:<\/strong><\/span> La qualificaci\u00f3 que s&#8217;obt\u00e9 en aquesta formaci\u00f3 es multiplica pel coeficient <strong>0,20<\/strong> i se suma a la nota de la prova d&#8217;acc\u00e9s.<\/span><\/p>\n","protected":false},"excerpt":{"rendered":"<p>Aquests estudis preparen per presentar-se a les proves d&#8217;acc\u00e9s als cicles de grau superior de formaci\u00f3 professional, d&#8217;arts pl\u00e0stiques i disseny i d&#8217;ensenyaments esportius. L&#8217;alumnat pot preparar la part comuna de la prova i la part espec\u00edfica a trav\u00e9s de l&#8217;Institut Obert de Catalunya (IOC).<br \/>\nLa&hellip;  <a href=\"https:\/\/agora.xtec.cat\/cfa-can-rull-sabadell\/ensenyaments\/ensenyaments-per-a-la-preparacio-de-proves-dacces\/a-cicles-formatius-de-grau-superior\/\" title=\"Read A cicles formatius de grau superior\">Llegeix m\u00e9s\u00bb<\/a><\/p>\n","protected":false},"author":1,"featured_media":0,"parent":288,"menu_order":0,"comment_status":"closed","ping_status":"closed","template":"page-templates\/side-menu.php","meta":{"_bbp_topic_count":0,"_bbp_reply_count":0,"_bbp_total_topic_count":0,"_bbp_total_reply_count":0,"_bbp_voice_count":0,"_bbp_anonymous_reply_count":0,"_bbp_topic_count_hidden":0,"_bbp_reply_count_hidden":0,"_bbp_forum_subforum_count":0,"footnotes":""},"class_list":["post-320","page","type-page","status-publish","hentry"],"post_mailing_queue_ids":[],"_links":{"self":[{"href":"https:\/\/agora.xtec.cat\/cfa-can-rull-sabadell\/wp-json\/wp\/v2\/pages\/320","targetHints":{"allow":["GET"]}}],"collection":[{"href":"https:\/\/agora.xtec.cat\/cfa-can-rull-sabadell\/wp-json\/wp\/v2\/pages"}],"about":[{"href":"https:\/\/agora.xtec.cat\/cfa-can-rull-sabadell\/wp-json\/wp\/v2\/types\/page"}],"author":[{"embeddable":true,"href":"https:\/\/agora.xtec.cat\/cfa-can-rull-sabadell\/wp-json\/wp\/v2\/users\/1"}],"replies":[{"embeddable":true,"href":"https:\/\/agora.xtec.cat\/cfa-can-rull-sabadell\/wp-json\/wp\/v2\/comments?post=320"}],"version-history":[{"count":6,"href":"https:\/\/agora.xtec.cat\/cfa-can-rull-sabadell\/wp-json\/wp\/v2\/pages\/320\/revisions"}],"predecessor-version":[{"id":3344,"href":"https:\/\/agora.xtec.cat\/cfa-can-rull-sabadell\/wp-json\/wp\/v2\/pages\/320\/revisions\/3344"}],"up":[{"embeddable":true,"href":"https:\/\/agora.xtec.cat\/cfa-can-rull-sabadell\/wp-json\/wp\/v2\/pages\/288"}],"wp:attachment":[{"href":"https:\/\/agora.xtec.cat\/cfa-can-rull-sabadell\/wp-json\/wp\/v2\/media?parent=320"}],"curies":[{"name":"wp","href":"https:\/\/api.w.org\/{rel}","templated":true}]}}