{"id":318,"date":"2015-01-28T11:34:47","date_gmt":"2015-01-28T10:34:47","guid":{"rendered":"http:\/\/agora.xtec.cat\/cfa-can-rull-sabadell\/?page_id=318"},"modified":"2024-06-21T10:10:52","modified_gmt":"2024-06-21T08:10:52","slug":"a-cicles-formatius-de-grau-mitja","status":"publish","type":"page","link":"https:\/\/agora.xtec.cat\/cfa-can-rull-sabadell\/ensenyaments\/ensenyaments-per-a-la-preparacio-de-proves-dacces\/a-cicles-formatius-de-grau-mitja\/","title":{"rendered":"A cicles formatius de grau mitj\u00e0"},"content":{"rendered":"<p style=\"text-align: justify;\"><span style=\"font-family: helvetica, arial, sans-serif;\">Aquests estudis preparen per presentar-se a les proves d&#8217;acc\u00e9s als cicles de grau mitj\u00e0 de formaci\u00f3 professional, d&#8217;arts pl\u00e0stiques i disseny, i d&#8217;ensenyaments esportius.<\/span><\/p>\n<p style=\"text-align: justify;\"><span style=\"font-family: helvetica, arial, sans-serif;\">La durada m\u00ednima per a la preparaci\u00f3 de les proves d&#8217;acc\u00e9s a grau mitj\u00e0 \u00e9s de 330 hores.<\/span><\/p>\n<p style=\"text-align: justify; padding-left: 40px;\"><span style=\"font-family: helvetica, arial, sans-serif; color: #000000;\"><strong>Continguts<\/strong>:<\/span><\/p>\n<ul>\n<li style=\"list-style-type: none;\">\n<ul>\n<li style=\"list-style-type: none;\">\n<ul>\n<li style=\"list-style-type: none;\">\n<ul style=\"text-align: justify; list-style-type: disc;\">\n<li><span style=\"font-family: helvetica, arial, sans-serif;\">Compet\u00e8ncia en llengua catalana i castellana<\/span><\/li>\n<li><span style=\"font-family: helvetica, arial, sans-serif;\">Compet\u00e8ncia en llengua estrangera<\/span><\/li>\n<li><span style=\"font-family: helvetica, arial, sans-serif;\">Compet\u00e8ncia social i ciutadana<\/span><\/li>\n<li><span style=\"font-family: helvetica, arial, sans-serif;\">Compet\u00e8ncia matem\u00e0tica<\/span><\/li>\n<li><span style=\"font-family: helvetica, arial, sans-serif;\">Compet\u00e8ncia d&#8217;interacci\u00f3 amb el m\u00f3n f\u00edsic<\/span><\/li>\n<li><span style=\"font-family: helvetica, arial, sans-serif;\">Compet\u00e8ncia en tecnologies<\/span><\/li>\n<\/ul>\n<\/li>\n<\/ul>\n<\/li>\n<\/ul>\n<\/li>\n<\/ul>\n<p style=\"text-align: justify;\"><span style=\"font-family: helvetica, arial, sans-serif;\">Per inscriure\u2019s a la prova cal tenir 17 anys o m\u00e9s, o complir-los l&#8217;any natural en qu\u00e8 es realitza la prova.<\/span><\/p>\n<p style=\"text-align: justify;\"><span style=\"font-family: helvetica, arial, sans-serif;\">No poden inscriure\u2019s les persones que tenen la titulaci\u00f3 acad\u00e8mica o els ensenyaments que permeten l\u2019acc\u00e9s directe als cicles formatius de grau mitj\u00e0 (ESO o equivalent, el curs espec\u00edfic d\u2019acc\u00e9s, formaci\u00f3 professional b\u00e0sica o un PQPI).<\/span><\/p>\n<table style=\"border-collapse: collapse; width: 100%;\">\n<tbody>\n<tr>\n<td style=\"width: 38.3347%; background-color: #fff8a8; text-align: center;\"><strong><span style=\"font-family: arial, helvetica, sans-serif; font-size: 20px;\">Prova d&#8217;acc\u00e9s a CFGM<\/span><\/strong><\/td>\n<td style=\"width: 61.6653%; background-color: #98fb98; text-align: center;\">\n<p style=\"text-align: left;\"><span class=\"\" style=\"font-family: webdings; font-size: 28px;\">a<span style=\"font-size: 20px;\"><strong><span style=\"font-family: arial, helvetica, sans-serif;\">dilluns i dimecres de 15 a 18 h<\/span><\/strong><\/span><\/span><\/p>\n<p style=\"text-align: left;\"><span class=\"\" style=\"font-family: arial, helvetica, sans-serif; font-size: 20px;\"><strong><span class=\"\" style=\"font-family: webdings; font-size: 28px;\"> a<\/span>dimarts de 15 a 17 h<\/strong><\/span><\/p>\n<p style=\"text-align: left;\"><span class=\"\" style=\"font-family: arial, helvetica, sans-serif; font-size: 20px;\"><strong><span class=\"\" style=\"font-family: webdings; font-size: 28px;\">a<\/span>dijous i divendres de 15 a 16:30 h<\/strong><\/span><\/p>\n<\/td>\n<\/tr>\n<\/tbody>\n<\/table>\n<p>&nbsp;<\/p>\n<p style=\"text-align: justify;\"><span style=\"font-family: helvetica, arial, sans-serif;\"><strong><span style=\"color: #000080;\">Continu\u00eftat:<\/span><\/strong> La qualificaci\u00f3 que s&#8217;obt\u00e9 en aquesta formaci\u00f3 es multiplica pel coeficient 0,20 i se suma a la nota de la prova d&#8217;acc\u00e9s.<\/span><\/p>\n<p style=\"text-align: justify;\">\n","protected":false},"excerpt":{"rendered":"<p>Aquests estudis preparen per presentar-se a les proves d&#8217;acc\u00e9s als cicles de grau mitj\u00e0 de formaci\u00f3 professional, d&#8217;arts pl\u00e0stiques i disseny, i d&#8217;ensenyaments esportius.<br \/>\nLa durada m\u00ednima per a la preparaci\u00f3 de les proves d&#8217;acc\u00e9s a grau mitj\u00e0 \u00e9s de 330 hores.<br \/>\nContinguts:<\/p>\n<ul>\n<li style=\"list-style-type: none;\">\n<ul>\n<li style=\"list-style-type: none;\">\n<ul>\n<li&hellip;  <a href=\"https:\/\/agora.xtec.cat\/cfa-can-rull-sabadell\/ensenyaments\/ensenyaments-per-a-la-preparacio-de-proves-dacces\/a-cicles-formatius-de-grau-mitja\/\" title=\"Read A cicles formatius de grau mitj\u00e0\">Llegeix m\u00e9s\u00bb<\/a><\/p>\n","protected":false},"author":1,"featured_media":0,"parent":288,"menu_order":0,"comment_status":"closed","ping_status":"closed","template":"page-templates\/side-menu.php","meta":{"_bbp_topic_count":0,"_bbp_reply_count":0,"_bbp_total_topic_count":0,"_bbp_total_reply_count":0,"_bbp_voice_count":0,"_bbp_anonymous_reply_count":0,"_bbp_topic_count_hidden":0,"_bbp_reply_count_hidden":0,"_bbp_forum_subforum_count":0,"footnotes":""},"class_list":["post-318","page","type-page","status-publish","hentry"],"post_mailing_queue_ids":[],"_links":{"self":[{"href":"https:\/\/agora.xtec.cat\/cfa-can-rull-sabadell\/wp-json\/wp\/v2\/pages\/318","targetHints":{"allow":["GET"]}}],"collection":[{"href":"https:\/\/agora.xtec.cat\/cfa-can-rull-sabadell\/wp-json\/wp\/v2\/pages"}],"about":[{"href":"https:\/\/agora.xtec.cat\/cfa-can-rull-sabadell\/wp-json\/wp\/v2\/types\/page"}],"author":[{"embeddable":true,"href":"https:\/\/agora.xtec.cat\/cfa-can-rull-sabadell\/wp-json\/wp\/v2\/users\/1"}],"replies":[{"embeddable":true,"href":"https:\/\/agora.xtec.cat\/cfa-can-rull-sabadell\/wp-json\/wp\/v2\/comments?post=318"}],"version-history":[{"count":4,"href":"https:\/\/agora.xtec.cat\/cfa-can-rull-sabadell\/wp-json\/wp\/v2\/pages\/318\/revisions"}],"predecessor-version":[{"id":3042,"href":"https:\/\/agora.xtec.cat\/cfa-can-rull-sabadell\/wp-json\/wp\/v2\/pages\/318\/revisions\/3042"}],"up":[{"embeddable":true,"href":"https:\/\/agora.xtec.cat\/cfa-can-rull-sabadell\/wp-json\/wp\/v2\/pages\/288"}],"wp:attachment":[{"href":"https:\/\/agora.xtec.cat\/cfa-can-rull-sabadell\/wp-json\/wp\/v2\/media?parent=318"}],"curies":[{"name":"wp","href":"https:\/\/api.w.org\/{rel}","templated":true}]}}