{"id":3123,"date":"2024-12-12T10:58:43","date_gmt":"2024-12-12T09:58:43","guid":{"rendered":"https:\/\/agora.xtec.cat\/cfa-can-rull-sabadell\/?page_id=3123"},"modified":"2024-12-13T22:27:21","modified_gmt":"2024-12-13T21:27:21","slug":"cursos-de-capacitacio-digital","status":"publish","type":"page","link":"https:\/\/agora.xtec.cat\/cfa-can-rull-sabadell\/serveis\/cursos-de-capacitacio-digital\/","title":{"rendered":"Cursos de capacitaci\u00f3 digital"},"content":{"rendered":"<p>El Departament d\u2019Educaci\u00f3 ha creat una xarxa de centres de capacitaci\u00f3 digital, formada per instituts de formaci\u00f3 professional i escoles d\u2019adults d\u2019arreu de Catalunya que ofereixen un total de <span style=\"font-size: 20px;\"><strong>cinc cursos gratu\u00efts<\/strong><\/span>, des del nivell m\u00e9s b\u00e0sic fins a l\u2019\u00e0mbit professional.<\/p>\n<p>Les\u00a0aules de capacitaci\u00f3 digital tenen per objecte ser <strong>espais que permetin a la ciutadania formar-se en compet\u00e8ncies digitals transversals necess\u00e0ries per desenvolupar-se de forma quotidiana en una societat cada vegada m\u00e9s digitalitzada.<\/strong><\/p>\n<p><img loading=\"lazy\" decoding=\"async\" class=\"aligncenter size-large wp-image-3143\" src=\"https:\/\/agora.xtec.cat\/cfa-can-rull-sabadell\/wp-content\/uploads\/usu2059\/2024\/12\/cartell-web-A5_page-0001-722x1024.jpg\" alt=\"\" width=\"722\" height=\"1024\" srcset=\"https:\/\/agora.xtec.cat\/cfa-can-rull-sabadell\/wp-content\/uploads\/usu2059\/2024\/12\/cartell-web-A5_page-0001-722x1024.jpg 722w, https:\/\/agora.xtec.cat\/cfa-can-rull-sabadell\/wp-content\/uploads\/usu2059\/2024\/12\/cartell-web-A5_page-0001-212x300.jpg 212w, https:\/\/agora.xtec.cat\/cfa-can-rull-sabadell\/wp-content\/uploads\/usu2059\/2024\/12\/cartell-web-A5_page-0001-768x1089.jpg 768w, https:\/\/agora.xtec.cat\/cfa-can-rull-sabadell\/wp-content\/uploads\/usu2059\/2024\/12\/cartell-web-A5_page-0001.jpg 875w\" sizes=\"auto, (max-width: 722px) 100vw, 722px\" \/><\/p>\n<p><span style=\"color: #0000ff;\"><strong><span style=\"font-size: large;\">QUINS CURSOS P<\/span><\/strong><strong><span style=\"font-size: large;\">OTS<\/span><\/strong><strong><span style=\"font-size: large;\"> ESTUDIAR?<\/span><\/strong><\/span><\/p>\n<h2 class=\"western\"><span style=\"font-size: large;\">CURS 1: <span style=\"color: #000000;\">Descobrim el m\u00f3n digital<\/span><\/span><\/h2>\n<p>Adre\u00e7at a persones que fan un \u00fas espor\u00e0dic de les eines digitals: descobrim el m\u00f2bil, la primera trucada, la botiga d\u2019aplicacions, els meus contactes, instal\u00b7lar aplicacions, el WhatsApp, aspectes b\u00e0sics de configuraci\u00f3\u2026<br \/>\nDurada: <strong>15 hores<\/strong><\/p>\n<h2 class=\"western\"><span style=\"font-size: large;\">CURS 2: <span style=\"color: #000000;\">Ens movem pel m\u00f3n digital<\/span><\/span><\/h2>\n<p>Per a persones que utilitzen algunes eines digitals de forma regular, per\u00f2 que no s\u00f3n aut\u00f2nomes per donar-los nous usos: gesti\u00f3 del correu, faig fotos i v\u00eddeos, navegar a Internet, compte amb la seguretat\u2026<br \/>\nDurada: <strong>15 hores<\/strong><\/p>\n<h2 class=\"western\"><span style=\"font-size: large;\">CURS 3: <span style=\"color: #000000;\">Ens endinsem en el m\u00f3n digital<\/span><\/span><\/h2>\n<p>Per a persones amb autonomia digital que volen aprofundir en les seves compet\u00e8ncies: com puc anar a\u2026, tr\u00e0mits en l\u00ednia, comunicar-se amb l\u2019atenci\u00f3 sanit\u00e0ria, relacionar-se amb l\u2019Administraci\u00f3, tot a la butxaca, guardem i compartim, escoltem m\u00fasica\u2026<br \/>\nDurada: <strong>15 hores<\/strong><\/p>\n<h2 class=\"western\"><span style=\"font-size: large;\">CURS 4: <span style=\"color: #000000;\">Digitalitzaci\u00f3 aplicada l\u2019entorn professional<\/span><\/span><\/h2>\n<p>Adre\u00e7at a persones amb compet\u00e8ncies digitals en l\u2019\u00e0mbit personal que vulguin ampliar-les a l\u2019entorn professional. Aquest curs consta de dos m\u00f2duls:<br \/>\n\u2022 Gesti\u00f3 de dispositius i dades mitjan\u00e7ant tecnologies habilitadores digitals<br \/>\n\u2022 Gesti\u00f3 de continguts mitjan\u00e7ant tecnologies habilitadores digitals<br \/>\nDurada: <strong>30 hores<\/strong> (2 m\u00f2duls formatius de 15 hores)<\/p>\n<h2 class=\"western\"><span style=\"font-size: large;\">CURS 5: <span style=\"color: #000000;\">Digitalitzaci\u00f3 en la ind\u00fastria, els serveis i la comunicaci\u00f3<\/span><\/span><\/h2>\n<p>Adre\u00e7at a persones amb compet\u00e8ncies digitals en l\u2019\u00e0mbit personal que vulguin ampliar-les en els sectors de la ind\u00fastria, els serveis i la comunicaci\u00f3.<br \/>\nDurada: <strong>15 hores<\/strong><\/p>\n<p><span style=\"font-size: 20px;\">Si est\u00e0s interessat, pots trucar al <strong>centre<\/strong> i t\u2019informarem dels horaris.<\/span><\/p>\n<p><span style=\"font-size: 20px;\">Pots obtenir m\u00e9s informaci\u00f3 clicant <a href=\"https:\/\/agora.xtec.cat\/cfa-can-rull-sabadell\/wp-content\/uploads\/usu2059\/2024\/12\/guia.pdf\" target=\"_blank\" rel=\"noopener\">AQU\u00cd<\/a><\/span><\/p>\n<p><img loading=\"lazy\" decoding=\"async\" class=\"aligncenter wp-image-3140 size-large\" src=\"https:\/\/agora.xtec.cat\/cfa-can-rull-sabadell\/wp-content\/uploads\/usu2059\/2024\/12\/logo-aules-capacitacio-1024x125.jpg\" alt=\"\" width=\"1024\" height=\"125\" srcset=\"https:\/\/agora.xtec.cat\/cfa-can-rull-sabadell\/wp-content\/uploads\/usu2059\/2024\/12\/logo-aules-capacitacio-1024x125.jpg 1024w, https:\/\/agora.xtec.cat\/cfa-can-rull-sabadell\/wp-content\/uploads\/usu2059\/2024\/12\/logo-aules-capacitacio-300x37.jpg 300w, https:\/\/agora.xtec.cat\/cfa-can-rull-sabadell\/wp-content\/uploads\/usu2059\/2024\/12\/logo-aules-capacitacio-768x94.jpg 768w, https:\/\/agora.xtec.cat\/cfa-can-rull-sabadell\/wp-content\/uploads\/usu2059\/2024\/12\/logo-aules-capacitacio.jpg 1298w\" sizes=\"auto, (max-width: 1024px) 100vw, 1024px\" \/><\/p>\n<p>&nbsp;<\/p>\n","protected":false},"excerpt":{"rendered":"<p>El Departament d\u2019Educaci\u00f3 ha creat una xarxa de centres de capacitaci\u00f3 digital, formada per instituts de formaci\u00f3 professional i escoles d\u2019adults d\u2019arreu de Catalunya que ofereixen un total de cinc cursos gratu\u00efts, des del nivell m\u00e9s b\u00e0sic fins a l\u2019\u00e0mbit professional.<br \/>\nLes\u00a0aules de capacitaci\u00f3 digital tenen&hellip;  <a href=\"https:\/\/agora.xtec.cat\/cfa-can-rull-sabadell\/serveis\/cursos-de-capacitacio-digital\/\" title=\"Read Cursos de capacitaci\u00f3 digital\">Llegeix m\u00e9s\u00bb<\/a><\/p>\n","protected":false},"author":1,"featured_media":0,"parent":63,"menu_order":0,"comment_status":"closed","ping_status":"closed","template":"page-templates\/side-menu.php","meta":{"_bbp_topic_count":0,"_bbp_reply_count":0,"_bbp_total_topic_count":0,"_bbp_total_reply_count":0,"_bbp_voice_count":0,"_bbp_anonymous_reply_count":0,"_bbp_topic_count_hidden":0,"_bbp_reply_count_hidden":0,"_bbp_forum_subforum_count":0,"footnotes":""},"class_list":["post-3123","page","type-page","status-publish","hentry"],"post_mailing_queue_ids":[],"_links":{"self":[{"href":"https:\/\/agora.xtec.cat\/cfa-can-rull-sabadell\/wp-json\/wp\/v2\/pages\/3123","targetHints":{"allow":["GET"]}}],"collection":[{"href":"https:\/\/agora.xtec.cat\/cfa-can-rull-sabadell\/wp-json\/wp\/v2\/pages"}],"about":[{"href":"https:\/\/agora.xtec.cat\/cfa-can-rull-sabadell\/wp-json\/wp\/v2\/types\/page"}],"author":[{"embeddable":true,"href":"https:\/\/agora.xtec.cat\/cfa-can-rull-sabadell\/wp-json\/wp\/v2\/users\/1"}],"replies":[{"embeddable":true,"href":"https:\/\/agora.xtec.cat\/cfa-can-rull-sabadell\/wp-json\/wp\/v2\/comments?post=3123"}],"version-history":[{"count":6,"href":"https:\/\/agora.xtec.cat\/cfa-can-rull-sabadell\/wp-json\/wp\/v2\/pages\/3123\/revisions"}],"predecessor-version":[{"id":3148,"href":"https:\/\/agora.xtec.cat\/cfa-can-rull-sabadell\/wp-json\/wp\/v2\/pages\/3123\/revisions\/3148"}],"up":[{"embeddable":true,"href":"https:\/\/agora.xtec.cat\/cfa-can-rull-sabadell\/wp-json\/wp\/v2\/pages\/63"}],"wp:attachment":[{"href":"https:\/\/agora.xtec.cat\/cfa-can-rull-sabadell\/wp-json\/wp\/v2\/media?parent=3123"}],"curies":[{"name":"wp","href":"https:\/\/api.w.org\/{rel}","templated":true}]}}