{"id":3071,"date":"2024-09-18T10:32:39","date_gmt":"2024-09-18T08:32:39","guid":{"rendered":"https:\/\/agora.xtec.cat\/cfa-can-rull-sabadell\/?page_id=3071"},"modified":"2025-12-16T20:05:50","modified_gmt":"2025-12-16T19:05:50","slug":"servei-dacreditacio-de-competencies-professionals","status":"publish","type":"page","link":"https:\/\/agora.xtec.cat\/cfa-can-rull-sabadell\/serveis\/servei-dacreditacio-de-competencies-professionals\/","title":{"rendered":"Servei d\u2019Acreditaci\u00f3 de compet\u00e8ncies professionals"},"content":{"rendered":"<p>Si tens experi\u00e8ncia laboral i\/o formaci\u00f3 sense titulaci\u00f3 oficial, l\u2019acreditaci\u00f3 de compet\u00e8ncies \u00e9s una<br \/>\nbona manera d\u2019aconseguir que aquest aprenentatge tingui reconeixement.<\/p>\n<p><img loading=\"lazy\" decoding=\"async\" class=\"aligncenter wp-image-3077 size-full\" src=\"https:\/\/agora.xtec.cat\/cfa-can-rull-sabadell\/wp-content\/uploads\/usu2059\/2024\/09\/Banner-Acreditacio-1200x200-1.png\" alt=\"\" width=\"1821\" height=\"201\" srcset=\"https:\/\/agora.xtec.cat\/cfa-can-rull-sabadell\/wp-content\/uploads\/usu2059\/2024\/09\/Banner-Acreditacio-1200x200-1.png 1821w, https:\/\/agora.xtec.cat\/cfa-can-rull-sabadell\/wp-content\/uploads\/usu2059\/2024\/09\/Banner-Acreditacio-1200x200-1-300x33.png 300w, https:\/\/agora.xtec.cat\/cfa-can-rull-sabadell\/wp-content\/uploads\/usu2059\/2024\/09\/Banner-Acreditacio-1200x200-1-1024x113.png 1024w, https:\/\/agora.xtec.cat\/cfa-can-rull-sabadell\/wp-content\/uploads\/usu2059\/2024\/09\/Banner-Acreditacio-1200x200-1-768x85.png 768w, https:\/\/agora.xtec.cat\/cfa-can-rull-sabadell\/wp-content\/uploads\/usu2059\/2024\/09\/Banner-Acreditacio-1200x200-1-1536x170.png 1536w\" sizes=\"auto, (max-width: 1821px) 100vw, 1821px\" \/><\/p>\n<p>Participar en aquest procediment et permetr\u00e0 demostrar all\u00f2 que saps fer i que has apr\u00e8s al llarg de la teva vida professional i obtenir una acreditaci\u00f3 oficial.<\/p>\n<p>La inscripci\u00f3 \u00e9s gratu\u00efta i est\u00e0 oberta durant tot l\u2019any.<\/p>\n<p>Pots consultar tota la informaci\u00f3 oficial sobre el procediment d\u2019acreditaci\u00f3 de compet\u00e8ncies al web <span style=\"color: #ff0000;\"><strong><a style=\"color: #ff0000;\" href=\"https:\/\/fp.gencat.cat\/ca\/acreditacio\/em-vull-acreditar\/\" target=\"_blank\" rel=\"noopener\">Em<\/a><\/strong><\/span><br \/>\n<span style=\"color: #ff0000;\"><strong><a style=\"color: #ff0000;\" href=\"https:\/\/fp.gencat.cat\/ca\/acreditacio\/em-vull-acreditar\/\" target=\"_blank\" rel=\"noopener\">vull acreditar<\/a><\/strong><\/span> de l\u2019Ag\u00e8ncia P\u00fablica de Formaci\u00f3 i Qualificaci\u00f3 Professionals de Catalunya.<\/p>\n<p>Com a <strong><em>Punt d\u2019Informaci\u00f3 i orientaci\u00f3 del servei d\u2019Acreditaci\u00f3 de compet\u00e8ncies professionals<\/em><\/strong>, et podem explicar els requisits i les fases del proc\u00e9s, aix\u00ed com oferir-te suport en la inscripci\u00f3 telem\u00e0tica. Pots contactar amb nosaltres de dilluns a divendres, de 9:30 h a 19 h, trucant al <strong>937 274 344<\/strong>, enviant un correu electr\u00f2nic a <strong>a8057011@xtec.cat.<\/strong><\/p>\n<p><strong>M\u00e9s informaci\u00f3:<\/strong><\/p>\n<p><a href=\"https:\/\/fp.gencat.cat\/ca\/acreditacio\/em-vull-acreditar\/\"><strong>Orientaci\u00f3 professional &#8211;\u00a0Ag\u00e8ncia P\u00fablica de Formaci\u00f3 i Qualificaci\u00f3 Professionals de Catalunya<\/strong><\/a><\/p>\n","protected":false},"excerpt":{"rendered":"<p>Si tens experi\u00e8ncia laboral i\/o formaci\u00f3 sense titulaci\u00f3 oficial, l\u2019acreditaci\u00f3 de compet\u00e8ncies \u00e9s una<br \/>\nbona manera d\u2019aconseguir que aquest aprenentatge tingui reconeixement.<\/p>\n<p>Participar en aquest procediment et permetr\u00e0 demostrar all\u00f2 que saps fer i que has apr\u00e8s al llarg de la teva vida professional i obtenir una&hellip;  <a href=\"https:\/\/agora.xtec.cat\/cfa-can-rull-sabadell\/serveis\/servei-dacreditacio-de-competencies-professionals\/\" title=\"Read Servei d\u2019Acreditaci\u00f3 de compet\u00e8ncies professionals\">Llegeix m\u00e9s\u00bb<\/a><\/p>\n","protected":false},"author":1,"featured_media":0,"parent":63,"menu_order":0,"comment_status":"closed","ping_status":"closed","template":"page-templates\/side-menu.php","meta":{"_bbp_topic_count":0,"_bbp_reply_count":0,"_bbp_total_topic_count":0,"_bbp_total_reply_count":0,"_bbp_voice_count":0,"_bbp_anonymous_reply_count":0,"_bbp_topic_count_hidden":0,"_bbp_reply_count_hidden":0,"_bbp_forum_subforum_count":0,"footnotes":""},"class_list":["post-3071","page","type-page","status-publish","hentry"],"post_mailing_queue_ids":[],"_links":{"self":[{"href":"https:\/\/agora.xtec.cat\/cfa-can-rull-sabadell\/wp-json\/wp\/v2\/pages\/3071","targetHints":{"allow":["GET"]}}],"collection":[{"href":"https:\/\/agora.xtec.cat\/cfa-can-rull-sabadell\/wp-json\/wp\/v2\/pages"}],"about":[{"href":"https:\/\/agora.xtec.cat\/cfa-can-rull-sabadell\/wp-json\/wp\/v2\/types\/page"}],"author":[{"embeddable":true,"href":"https:\/\/agora.xtec.cat\/cfa-can-rull-sabadell\/wp-json\/wp\/v2\/users\/1"}],"replies":[{"embeddable":true,"href":"https:\/\/agora.xtec.cat\/cfa-can-rull-sabadell\/wp-json\/wp\/v2\/comments?post=3071"}],"version-history":[{"count":6,"href":"https:\/\/agora.xtec.cat\/cfa-can-rull-sabadell\/wp-json\/wp\/v2\/pages\/3071\/revisions"}],"predecessor-version":[{"id":3485,"href":"https:\/\/agora.xtec.cat\/cfa-can-rull-sabadell\/wp-json\/wp\/v2\/pages\/3071\/revisions\/3485"}],"up":[{"embeddable":true,"href":"https:\/\/agora.xtec.cat\/cfa-can-rull-sabadell\/wp-json\/wp\/v2\/pages\/63"}],"wp:attachment":[{"href":"https:\/\/agora.xtec.cat\/cfa-can-rull-sabadell\/wp-json\/wp\/v2\/media?parent=3071"}],"curies":[{"name":"wp","href":"https:\/\/api.w.org\/{rel}","templated":true}]}}