{"id":27,"date":"2014-09-17T16:24:03","date_gmt":"2014-09-17T16:24:03","guid":{"rendered":"http:\/\/agora.xtec.cat\/cfa-can-rull-sabadell\/?page_id=27"},"modified":"2021-06-07T01:23:42","modified_gmt":"2021-06-06T23:23:42","slug":"historia","status":"publish","type":"page","link":"https:\/\/agora.xtec.cat\/cfa-can-rull-sabadell\/el-centre\/historia\/","title":{"rendered":"Hist\u00f2ria"},"content":{"rendered":"<p>El <span style=\"color: #008000;\"><strong>5<\/strong><\/span> de <strong><span style=\"color: #008000;\">mar\u00e7<\/span><\/strong> de <strong><span style=\"color: #008000;\">1933<\/span><\/strong> el president <strong><span style=\"color: #0000ff;\">FRANCESC MACI\u00c0<\/span><\/strong> va venir a Sabadell i va col\u00b7locar la primera pedra del <strong><span style=\"color: #0000ff;\">Grup Escolar Can Rull<\/span><\/strong>.<\/p>\n<p><a href=\"https:\/\/agora.xtec.cat\/cfa-can-rull-sabadell\/wp-content\/uploads\/usu2059\/2019\/12\/macia-1a-pedra.jpg\"><img loading=\"lazy\" decoding=\"async\" class=\"aligncenter size-full wp-image-452\" src=\"https:\/\/agora.xtec.cat\/cfa-can-rull-sabadell\/wp-content\/uploads\/usu2059\/2019\/12\/macia-1a-pedra.jpg\" alt=\"\" width=\"380\" height=\"577\" srcset=\"https:\/\/agora.xtec.cat\/cfa-can-rull-sabadell\/wp-content\/uploads\/usu2059\/2019\/12\/macia-1a-pedra.jpg 380w, https:\/\/agora.xtec.cat\/cfa-can-rull-sabadell\/wp-content\/uploads\/usu2059\/2019\/12\/macia-1a-pedra-198x300.jpg 198w\" sizes=\"auto, (max-width: 380px) 100vw, 380px\" \/><\/a><\/p>\n<p>&nbsp;<\/p>\n<p>Si vols con\u00e8ixer m\u00e9s detalls sobre la hist\u00f2ria del CFA Can Rull, visualitza el seg\u00fcent v\u00eddeo<\/p>\n<p><center><iframe loading=\"lazy\" src=\"https:\/\/player.vimeo.com\/video\/558992871?badge=0&amp;autopause=0&amp;player_id=0&amp;app_id=58479\" width=\"793\" height=\"446\" frameborder=\"0\"><\/iframe><\/center><\/p>\n","protected":false},"excerpt":{"rendered":"<p>El 5 de mar\u00e7 de 1933 el president FRANCESC MACI\u00c0 va venir a Sabadell i va col\u00b7locar la primera pedra del Grup Escolar Can Rull.<br \/>\n<a href=\"https:\/\/agora.xtec.cat\/cfa-can-rull-sabadell\/wp-content\/uploads\/usu2059\/2019\/12\/macia-1a-pedra.jpg\"><\/a><br \/>\n&nbsp;<br \/>\nSi vols con\u00e8ixer m\u00e9s detalls sobre la hist\u00f2ria del CFA Can Rull, visualitza el seg\u00fcent v\u00eddeo<\/p>\n","protected":false},"author":1,"featured_media":0,"parent":261,"menu_order":20,"comment_status":"closed","ping_status":"closed","template":"page-templates\/side-menu.php","meta":{"_bbp_topic_count":0,"_bbp_reply_count":0,"_bbp_total_topic_count":0,"_bbp_total_reply_count":0,"_bbp_voice_count":0,"_bbp_anonymous_reply_count":0,"_bbp_topic_count_hidden":0,"_bbp_reply_count_hidden":0,"_bbp_forum_subforum_count":0,"footnotes":""},"class_list":["post-27","page","type-page","status-publish","hentry"],"post_mailing_queue_ids":[],"_links":{"self":[{"href":"https:\/\/agora.xtec.cat\/cfa-can-rull-sabadell\/wp-json\/wp\/v2\/pages\/27","targetHints":{"allow":["GET"]}}],"collection":[{"href":"https:\/\/agora.xtec.cat\/cfa-can-rull-sabadell\/wp-json\/wp\/v2\/pages"}],"about":[{"href":"https:\/\/agora.xtec.cat\/cfa-can-rull-sabadell\/wp-json\/wp\/v2\/types\/page"}],"author":[{"embeddable":true,"href":"https:\/\/agora.xtec.cat\/cfa-can-rull-sabadell\/wp-json\/wp\/v2\/users\/1"}],"replies":[{"embeddable":true,"href":"https:\/\/agora.xtec.cat\/cfa-can-rull-sabadell\/wp-json\/wp\/v2\/comments?post=27"}],"version-history":[{"count":3,"href":"https:\/\/agora.xtec.cat\/cfa-can-rull-sabadell\/wp-json\/wp\/v2\/pages\/27\/revisions"}],"predecessor-version":[{"id":1487,"href":"https:\/\/agora.xtec.cat\/cfa-can-rull-sabadell\/wp-json\/wp\/v2\/pages\/27\/revisions\/1487"}],"up":[{"embeddable":true,"href":"https:\/\/agora.xtec.cat\/cfa-can-rull-sabadell\/wp-json\/wp\/v2\/pages\/261"}],"wp:attachment":[{"href":"https:\/\/agora.xtec.cat\/cfa-can-rull-sabadell\/wp-json\/wp\/v2\/media?parent=27"}],"curies":[{"name":"wp","href":"https:\/\/api.w.org\/{rel}","templated":true}]}}