{"id":2226,"date":"2022-07-07T18:52:17","date_gmt":"2022-07-07T16:52:17","guid":{"rendered":"https:\/\/agora.xtec.cat\/cfa-can-rull-sabadell\/?page_id=2226"},"modified":"2025-07-16T17:27:06","modified_gmt":"2025-07-16T15:27:06","slug":"preinscripcio-i-matricula-llistes-22-23","status":"publish","type":"page","link":"https:\/\/agora.xtec.cat\/cfa-can-rull-sabadell\/preinscripcio-i-matricula-llistes-22-23\/","title":{"rendered":"Preinscripci\u00f3 i matr\u00edcula (Llistes) 25-26"},"content":{"rendered":"<p style=\"text-align: center;\"><span style=\"font-size: 32px; color: #0000ff;\"><strong>PREINSCRIPCI\u00d3 I MATR\u00cdCULA CURS 25\/26<\/strong><\/span><\/p>\n<p><img loading=\"lazy\" decoding=\"async\" class=\"alignnone wp-image-1496 size-full\" src=\"https:\/\/agora.xtec.cat\/cfa-can-rull-sabadell\/wp-content\/uploads\/usu2059\/2021\/06\/INFORMACIO.gif\" alt=\"\" width=\"412\" height=\"114\" \/><\/p>\n<p style=\"text-align: center;\"><span style=\"font-family: arial, helvetica, sans-serif;\"><strong><span style=\"color: #0000ff; font-size: 24px;\">LLISTES DE SOL\u00b7LICITUDS DE PREINSCRIPCI\u00d3 CURS 25\/26<\/span><\/strong><\/span><\/p>\n<p><span style=\"color: #ff0000; font-size: 24px; font-family: arial, helvetica, sans-serif;\"><strong>CALENDARI?<\/strong><\/span><\/p>\n<ul>\n<li style=\"list-style-type: none;\">\n<ul>\n<li style=\"list-style-type: none;\">\n<ul style=\"list-style-type: disc;\">\n<li><span style=\"color: #000000;\"><strong>Publicaci\u00f3 de la llista de sol\u00b7licituds de preinscripci\u00f3 al centre amb la puntuaci\u00f3<\/strong><\/span><span style=\"font-family: arial, helvetica, sans-serif; font-size: 1em;\">: 4 de juliol de 2025 a les 14 hores.<\/span><\/li>\n<\/ul>\n<\/li>\n<\/ul>\n<\/li>\n<\/ul>\n<p><a href=\"https:\/\/agora.xtec.cat\/cfa-can-rull-sabadell\/wp-content\/uploads\/usu2059\/2022\/07\/AJUT.png\"><img loading=\"lazy\" decoding=\"async\" class=\"aligncenter wp-image-2230 size-full\" src=\"https:\/\/agora.xtec.cat\/cfa-can-rull-sabadell\/wp-content\/uploads\/usu2059\/2022\/07\/AJUT.png\" alt=\"\" width=\"767\" height=\"360\" srcset=\"https:\/\/agora.xtec.cat\/cfa-can-rull-sabadell\/wp-content\/uploads\/usu2059\/2022\/07\/AJUT.png 767w, https:\/\/agora.xtec.cat\/cfa-can-rull-sabadell\/wp-content\/uploads\/usu2059\/2022\/07\/AJUT-300x141.png 300w\" sizes=\"auto, (max-width: 767px) 100vw, 767px\" \/><\/a><\/p>\n<p><em><strong><span style=\"color: #ff9900;\">*Recordeu que encara que hagis demanat horari de vespre, a les llistes sortir\u00e0 el grup de tarda.<\/span><\/strong><\/em><\/p>\n<p style=\"padding-left: 80px;\"><a href=\"https:\/\/drive.google.com\/file\/d\/1SuYjFaq9fQVo7mgHPhaqLoyORgkXVvdW\/view?usp=sharing\" target=\"_blank\" rel=\"noopener\"><strong style=\"font-family: inherit; font-size: 1em;\"><span style=\"color: #008000;\">Premeu aqu\u00ed per veure el llistat amb el barem provisional<\/span><\/strong><\/a><strong style=\"font-family: inherit; font-size: 1em;\"><img loading=\"lazy\" decoding=\"async\" class=\"alignnone wp-image-1645\" src=\"https:\/\/agora.xtec.cat\/cfa-can-rull-sabadell\/wp-content\/uploads\/usu2059\/2021\/07\/DIT-ESQUERRA-TRANSPARENT.gif\" alt=\"\" width=\"69\" height=\"45\" \/><\/strong><\/p>\n<ul>\n<li style=\"list-style-type: none;\">\n<ul>\n<li style=\"list-style-type: none;\">\n<ul>\n<li style=\"list-style-type: none;\">\n<ul>\n<li style=\"list-style-type: none;\">\n<ul style=\"list-style-type: disc;\">\n<li style=\"text-align: justify;\"><span style=\"font-family: arial, helvetica, sans-serif;\"><span style=\"color: #000000;\"><strong>Publicaci\u00f3, per activitats, de les llistes d\u2019admesos i exclosos i de la llista d\u2019espera<\/strong><\/span>: 16 de juliol de 2025 a les 14 hores.<\/span><\/li>\n<\/ul>\n<\/li>\n<\/ul>\n<\/li>\n<\/ul>\n<p style=\"padding-left: 80px;\"><a href=\"https:\/\/drive.google.com\/file\/d\/1LGDQ5VYzXkWO9lhFecN121DG100rXbL6\/view?usp=sharing\" target=\"_blank\" rel=\"noopener\"><strong><span style=\"color: #008000;\">Premeu aqu\u00ed per veure el llistat d&#8217;admesos<\/span><\/strong><\/a><strong><img loading=\"lazy\" decoding=\"async\" class=\"alignnone wp-image-1645\" src=\"https:\/\/agora.xtec.cat\/cfa-can-rull-sabadell\/wp-content\/uploads\/usu2059\/2021\/07\/DIT-ESQUERRA-TRANSPARENT.gif\" alt=\"\" width=\"69\" height=\"45\" \/><\/strong><\/p>\n<p style=\"padding-left: 80px;\"><a href=\"https:\/\/drive.google.com\/file\/d\/1woj8qJs0zWUVQxrxRKCQ_AEbpnBz4iEk\/view?usp=sharing\" target=\"_blank\" rel=\"noopener\"><span style=\"color: #008000;\"><strong>Premeu aqu\u00ed per veure el llistat d&#8217;espera<\/strong><\/span><\/a><strong><img loading=\"lazy\" decoding=\"async\" class=\"alignnone wp-image-1645\" src=\"https:\/\/agora.xtec.cat\/cfa-can-rull-sabadell\/wp-content\/uploads\/usu2059\/2021\/07\/DIT-ESQUERRA-TRANSPARENT.gif\" alt=\"\" width=\"69\" height=\"45\" \/><\/strong><\/p>\n<ul>\n<li style=\"list-style-type: none;\">\n<ul>\n<li style=\"list-style-type: none;\"><\/li>\n<\/ul>\n<\/li>\n<\/ul>\n<p><span style=\"font-family: arial, helvetica, sans-serif;\">Per a m\u00e9s informaci\u00f3 podeu consultar la seg\u00fcent p\u00e0gina web: <\/span><a href=\"https:\/\/preinscripcio.gencat.cat\/ca\/estudis\/educacio-adults\/inici\/\" target=\"_blank\" rel=\"noopener noreferrer\"><span style=\"text-decoration: underline;\"><strong><span style=\"color: #008000; text-decoration: underline;\">preinscripci\u00f3 2025<\/span><\/strong><\/span><\/a><\/li>\n<\/ul>\n<\/li>\n<\/ul>\n","protected":false},"excerpt":{"rendered":"<p>PREINSCRIPCI\u00d3 I MATR\u00cdCULA CURS 25\/26<\/p>\n<p>LLISTES DE SOL\u00b7LICITUDS DE PREINSCRIPCI\u00d3 CURS 25\/26<br \/>\nCALENDARI?<\/p>\n<ul>\n<li style=\"list-style-type: none;\">\n<ul>\n<li style=\"list-style-type: none;\">\n<ul style=\"list-style-type: disc;\">\n<li>Publicaci\u00f3 de la llista de sol\u00b7licituds de preinscripci\u00f3 al centre amb la puntuaci\u00f3: 4 de juliol de 2025 a les 14 hores.<\/li>\n<\/ul>\n<\/li>\n<\/ul>\n<\/li>\n<\/ul>\n<p><a href=\"https:\/\/agora.xtec.cat\/cfa-can-rull-sabadell\/wp-content\/uploads\/usu2059\/2022\/07\/AJUT.png\"><\/a><br \/>\n*Recordeu que encara que hagis demanat horari&hellip;  <a href=\"https:\/\/agora.xtec.cat\/cfa-can-rull-sabadell\/preinscripcio-i-matricula-llistes-22-23\/\" title=\"Read Preinscripci\u00f3 i matr\u00edcula (Llistes) 25-26\">Llegeix m\u00e9s\u00bb<\/a><\/p>\n","protected":false},"author":1,"featured_media":0,"parent":0,"menu_order":0,"comment_status":"closed","ping_status":"closed","template":"","meta":{"_bbp_topic_count":0,"_bbp_reply_count":0,"_bbp_total_topic_count":0,"_bbp_total_reply_count":0,"_bbp_voice_count":0,"_bbp_anonymous_reply_count":0,"_bbp_topic_count_hidden":0,"_bbp_reply_count_hidden":0,"_bbp_forum_subforum_count":0,"footnotes":""},"class_list":["post-2226","page","type-page","status-publish","hentry"],"post_mailing_queue_ids":[],"_links":{"self":[{"href":"https:\/\/agora.xtec.cat\/cfa-can-rull-sabadell\/wp-json\/wp\/v2\/pages\/2226","targetHints":{"allow":["GET"]}}],"collection":[{"href":"https:\/\/agora.xtec.cat\/cfa-can-rull-sabadell\/wp-json\/wp\/v2\/pages"}],"about":[{"href":"https:\/\/agora.xtec.cat\/cfa-can-rull-sabadell\/wp-json\/wp\/v2\/types\/page"}],"author":[{"embeddable":true,"href":"https:\/\/agora.xtec.cat\/cfa-can-rull-sabadell\/wp-json\/wp\/v2\/users\/1"}],"replies":[{"embeddable":true,"href":"https:\/\/agora.xtec.cat\/cfa-can-rull-sabadell\/wp-json\/wp\/v2\/comments?post=2226"}],"version-history":[{"count":6,"href":"https:\/\/agora.xtec.cat\/cfa-can-rull-sabadell\/wp-json\/wp\/v2\/pages\/2226\/revisions"}],"predecessor-version":[{"id":3379,"href":"https:\/\/agora.xtec.cat\/cfa-can-rull-sabadell\/wp-json\/wp\/v2\/pages\/2226\/revisions\/3379"}],"wp:attachment":[{"href":"https:\/\/agora.xtec.cat\/cfa-can-rull-sabadell\/wp-json\/wp\/v2\/media?parent=2226"}],"curies":[{"name":"wp","href":"https:\/\/api.w.org\/{rel}","templated":true}]}}