{"id":1322,"date":"2021-04-25T00:31:45","date_gmt":"2021-04-24T22:31:45","guid":{"rendered":"https:\/\/agora.xtec.cat\/cfa-can-rull-sabadell\/?page_id=1322"},"modified":"2025-03-24T11:47:23","modified_gmt":"2025-03-24T10:47:23","slug":"llengua-anglesa","status":"publish","type":"page","link":"https:\/\/agora.xtec.cat\/cfa-can-rull-sabadell\/ensenyaments\/ensenyaments-transprofessionals\/llengua-anglesa\/","title":{"rendered":"Llengua anglesa"},"content":{"rendered":"<p><img loading=\"lazy\" decoding=\"async\" class=\"aligncenter wp-image-1350 size-full\" src=\"https:\/\/agora.xtec.cat\/cfa-can-rull-sabadell\/wp-content\/uploads\/usu2059\/2021\/04\/ANG-01.jpg\" alt=\"\" width=\"476\" height=\"249\" srcset=\"https:\/\/agora.xtec.cat\/cfa-can-rull-sabadell\/wp-content\/uploads\/usu2059\/2021\/04\/ANG-01.jpg 476w, https:\/\/agora.xtec.cat\/cfa-can-rull-sabadell\/wp-content\/uploads\/usu2059\/2021\/04\/ANG-01-300x157.jpg 300w\" sizes=\"auto, (max-width: 476px) 100vw, 476px\" \/><\/p>\n<p style=\"text-align: justify;\"><span style=\"font-family: helvetica, arial, sans-serif;\">Aquests estudis permeten que les persones adultes assoleixin un grau de compet\u00e8ncia comunicativa b\u00e0sica en angl\u00e8s.<\/span><\/p>\n<p style=\"text-align: justify;\"><span style=\"font-family: helvetica, arial, sans-serif;\">Els ensenyaments estan distribu\u00efts en <strong><span style=\"color: #000000;\">tres nivells<\/span><\/strong>:<\/span><\/p>\n<ul style=\"text-align: justify;\">\n<li style=\"list-style-type: none;\">\n<ul style=\"list-style-type: disc;\">\n<li><span style=\"color: #000000; font-family: helvetica, arial, sans-serif; font-size: 20px;\"><strong>Angl\u00e8s 1<\/strong><\/span><\/li>\n<\/ul>\n<\/li>\n<\/ul>\n<p style=\"padding-left: 80px; text-align: justify;\"><span style=\"font-family: helvetica, arial, sans-serif;\">Nivell elemental per a alumnes que no tenen cap coneixement de la llengua. S\u2019adscriu dins el nivell A1 d\u2019usuari b\u00e0sic, de domini de la llengua, d\u2019acord amb el Marc europeu com\u00fa de refer\u00e8ncia per a l\u2019aprenentatge, l\u2019ensenyament i l\u2019avaluaci\u00f3 de les lleng\u00fces. Es capacita l\u2019alumne a poder-se comunicar en situacions quotidianes emprant expressions d\u2019\u00fas freq\u00fcent i utilitzant vocabulari molt elemental. Aquest curs t\u00e9 una durada de 105 hores.<\/span><\/p>\n<ul style=\"text-align: justify;\">\n<li style=\"list-style-type: none;\">\n<ul style=\"text-align: justify; list-style-type: disc;\">\n<li><span style=\"color: #000000; font-family: helvetica, arial, sans-serif; font-size: 20px;\"><strong>Angl\u00e8s 2<\/strong><\/span><\/li>\n<\/ul>\n<\/li>\n<\/ul>\n<p style=\"padding-left: 80px; text-align: justify;\"><span style=\"font-family: helvetica, arial, sans-serif;\">Adre\u00e7at a les persones que hagin superat el nivell inicial o que disposin dels coneixements corresponents per poder-lo seguir. S\u2019adscriu al nivell A2.1 del Marc europeu com\u00fa de refer\u00e8ncia, per a l\u2019aprenentatge, l\u2019ensenyament i l\u2019avaluaci\u00f3 de les lleng\u00fces. Aquest curs t\u00e9 una durada de 140 hores.<\/span><\/p>\n<ul style=\"text-align: justify;\">\n<li style=\"list-style-type: none;\">\n<ul style=\"text-align: justify; list-style-type: disc;\">\n<li><span style=\"color: #000000; font-size: 20px; font-family: helvetica, arial, sans-serif;\"><strong>Angl\u00e8s 3<\/strong><\/span><\/li>\n<\/ul>\n<\/li>\n<\/ul>\n<p style=\"padding-left: 80px; text-align: justify;\"><span style=\"font-family: helvetica, arial, sans-serif;\">S\u2019adre\u00e7a a refor\u00e7ar els coneixements adquirits en el segon nivell i consolidar l\u2019aprenentatge orientat a adquirir les compet\u00e8ncies pr\u00f2pies de l\u2019usuari b\u00e0sic. S\u2019adscriu dins del nivell A2.2 d\u2019usuari b\u00e0sic del Marc europeu. Aquest curs t\u00e9 una durada de 140 hores. En acabar i aprovar l\u2019avaluaci\u00f3 continuada, l\u2019alumnat hauria de fer una prova addicional. Un cop superada, obt\u00e9 un certificat que li dona acc\u00e9s directe al tercer curs de l\u2019escola oficial d\u2019idiomes, sense haver de fer prova de nivell\/acc\u00e9s a l\u2019EOI.<\/span><\/p>\n<p style=\"text-align: justify;\"><span style=\"font-family: helvetica, arial, sans-serif;\">Hi ha grups en <span style=\"color: #000000;\"><strong>horari<\/strong><\/span> de tarda\/vespre. Les classes s\u00f3n de dos dies a la setmana, durant tot el curs escolar.<\/span><\/p>\n<p style=\"text-align: justify;\"><span style=\"font-family: helvetica, arial, sans-serif;\">Poden accedir a aquests estudis totes les persones que tenen m\u00e9s de 18 anys o b\u00e9 els compleixen durant l&#8217;any natural en qu\u00e8 inicien la formaci\u00f3.<\/span><\/p>\n<p style=\"text-align: center;\"><span style=\"font-size: 20px;\"><strong>HORARIS<\/strong><\/span><\/p>\n<table class=\" aligncenter\" style=\"border-collapse: collapse; width: 67.1285%;\">\n<tbody>\n<tr>\n<td style=\"width: 22.209%; text-align: center; border-style: solid; border-color: #050000; background-color: #ebf08b;\"><strong>Angl\u00e8s nivell 1<\/strong><\/td>\n<td style=\"width: 46.0887%; text-align: left; border-style: solid; border-color: #050000; background-color: #ebf08b;\">Dimarts i dijous de 17 a 18:30 h<\/td>\n<\/tr>\n<tr>\n<td style=\"width: 22.209%; text-align: center; border-style: solid; border-color: #050000; background-color: #ebf08b;\"><strong>Angl\u00e8s nivell 2<\/strong><\/td>\n<td style=\"width: 46.0887%; text-align: left; border-style: solid; border-color: #050000; background-color: #ebf08b;\">Dilluns i dimecres de 17 a 19 h<\/td>\n<\/tr>\n<tr>\n<td style=\"width: 22.209%; text-align: center; border-style: solid; border-color: #050000; background-color: #ebf08b;\"><strong>Angl\u00e8s nivell 3<\/strong><\/td>\n<td style=\"width: 46.0887%; text-align: left; border-style: solid; border-color: #050000; background-color: #ebf08b;\">Dimarts de 18 a 20 h i dijous de 17:30 a 19:30 h<\/td>\n<\/tr>\n<\/tbody>\n<\/table>\n<p>&nbsp;<\/p>\n<p><span style=\"font-family: helvetica, arial, sans-serif;\"><strong><span style=\"color: #000080;\">Continu\u00eftat:<\/span><\/strong> Un cop finalitzats aquests estudis, es pot continuar la formaci\u00f3 en una escola oficial d&#8217;idiomes, accedint al nivell de 3r sense haver de superar una prova de nivell.<\/span><\/p>\n<p>&nbsp;<\/p>\n","protected":false},"excerpt":{"rendered":"<p>Aquests estudis permeten que les persones adultes assoleixin un grau de compet\u00e8ncia comunicativa b\u00e0sica en angl\u00e8s.<br \/>\nEls ensenyaments estan distribu\u00efts en tres nivells:<\/p>\n<ul style=\"text-align: justify;\">\n<li style=\"list-style-type: none;\">\n<ul style=\"list-style-type: disc;\">\n<li>Angl\u00e8s 1<\/li>\n<\/ul>\n<\/li>\n<\/ul>\n<p>Nivell elemental per a alumnes que no tenen cap coneixement de la llengua. S\u2019adscriu dins el nivell&hellip;  <a href=\"https:\/\/agora.xtec.cat\/cfa-can-rull-sabadell\/ensenyaments\/ensenyaments-transprofessionals\/llengua-anglesa\/\" title=\"Read Llengua anglesa\">Llegeix m\u00e9s\u00bb<\/a><\/p>\n","protected":false},"author":1,"featured_media":0,"parent":286,"menu_order":0,"comment_status":"closed","ping_status":"closed","template":"page-templates\/side-menu.php","meta":{"_bbp_topic_count":0,"_bbp_reply_count":0,"_bbp_total_topic_count":0,"_bbp_total_reply_count":0,"_bbp_voice_count":0,"_bbp_anonymous_reply_count":0,"_bbp_topic_count_hidden":0,"_bbp_reply_count_hidden":0,"_bbp_forum_subforum_count":0,"footnotes":""},"class_list":["post-1322","page","type-page","status-publish","hentry"],"post_mailing_queue_ids":[],"_links":{"self":[{"href":"https:\/\/agora.xtec.cat\/cfa-can-rull-sabadell\/wp-json\/wp\/v2\/pages\/1322","targetHints":{"allow":["GET"]}}],"collection":[{"href":"https:\/\/agora.xtec.cat\/cfa-can-rull-sabadell\/wp-json\/wp\/v2\/pages"}],"about":[{"href":"https:\/\/agora.xtec.cat\/cfa-can-rull-sabadell\/wp-json\/wp\/v2\/types\/page"}],"author":[{"embeddable":true,"href":"https:\/\/agora.xtec.cat\/cfa-can-rull-sabadell\/wp-json\/wp\/v2\/users\/1"}],"replies":[{"embeddable":true,"href":"https:\/\/agora.xtec.cat\/cfa-can-rull-sabadell\/wp-json\/wp\/v2\/comments?post=1322"}],"version-history":[{"count":6,"href":"https:\/\/agora.xtec.cat\/cfa-can-rull-sabadell\/wp-json\/wp\/v2\/pages\/1322\/revisions"}],"predecessor-version":[{"id":3229,"href":"https:\/\/agora.xtec.cat\/cfa-can-rull-sabadell\/wp-json\/wp\/v2\/pages\/1322\/revisions\/3229"}],"up":[{"embeddable":true,"href":"https:\/\/agora.xtec.cat\/cfa-can-rull-sabadell\/wp-json\/wp\/v2\/pages\/286"}],"wp:attachment":[{"href":"https:\/\/agora.xtec.cat\/cfa-can-rull-sabadell\/wp-json\/wp\/v2\/media?parent=1322"}],"curies":[{"name":"wp","href":"https:\/\/api.w.org\/{rel}","templated":true}]}}