{"id":1320,"date":"2021-04-25T01:17:49","date_gmt":"2021-04-24T23:17:49","guid":{"rendered":"https:\/\/agora.xtec.cat\/cfa-can-rull-sabadell\/?page_id=1320"},"modified":"2025-03-24T10:34:16","modified_gmt":"2025-03-24T09:34:16","slug":"competencia-digital-competic","status":"publish","type":"page","link":"https:\/\/agora.xtec.cat\/cfa-can-rull-sabadell\/ensenyaments\/ensenyaments-transprofessionals\/competencia-digital-competic\/","title":{"rendered":"Compet\u00e8ncia digital COMPETIC"},"content":{"rendered":"<p>El <strong>CFA Can Rull <\/strong>ofereix cursos d&#8217;Inform\u00e0tica <span style=\"color: #0000ff;\"><strong>COMPETIC (Inicial, 1, 2 i 3)<\/strong> <\/span>que s\u00f3n equiparables als certificats <strong><span style=\"color: #0000ff;\">ACTIC<\/span><\/strong> (Acreditaci\u00f3 de Compet\u00e8ncies de la Informaci\u00f3 i la Comunicaci\u00f3).<\/p>\n<p>Els ensenyaments d&#8217;inform\u00e0tica a l&#8217;educaci\u00f3 d&#8217;adults <strong><span style=\"color: #0000ff;\">-COMPETIC-<\/span><\/strong> tenen com objectiu facilitar l&#8217;adquisici\u00f3 de la compet\u00e8ncia digital, entesa com la combinaci\u00f3 de coneixements, habilitats i actituds en l&#8217;\u00e0mbit de les Tecnologies de la Informaci\u00f3 i la Comunicaci\u00f3 (TIC) per desenvolupar-se en la societat actual.<\/p>\n<p>Poden accedir a aquests estudis totes les persones que tenen m\u00e9s de 18 anys i les que els compleixen durant l&#8217;any natural en que s&#8217;inicia la formaci\u00f3.<\/p>\n<p>Les compet\u00e8ncies que s&#8217;hi treballen s\u00f3n les seg\u00fcents:<\/p>\n<p style=\"padding-left: 40px;\"><strong>C1: <\/strong>Cultura, participaci\u00f3 i civisme digital.<br \/>\n<strong>C2: <\/strong>Tecnologia digital, \u00fas de l&#8217;ordinador i del sistema operatiu.<br \/>\n<strong>C3: <\/strong>Navegaci\u00f3 i comunicaci\u00f3 en el m\u00f3n digital.<br \/>\n<strong>C4: <\/strong>Tractament de la informaci\u00f3 escrita.<br \/>\n<strong>C5: <\/strong>Tractament de la informaci\u00f3 gr\u00e0fica, sonora i de la imatge en moviment.<br \/>\n<strong>C6: <\/strong>Tractament de la informaci\u00f3 num\u00e8rica.<br \/>\n<strong>C7: <\/strong>Tractament de les dades.<br \/>\n<strong>C8: <\/strong>Presentaci\u00f3 de continguts.<\/p>\n<p>Les classes s\u00f3n de dos dies a la setmana, durant tot el curs escolar.<\/p>\n<hr \/>\n<p style=\"text-align: justify;\"><span style=\"font-family: helvetica, arial, sans-serif; color: #008080;\">Aquests ensenyaments s\u2019estructuren en quatre cursos, als quals s\u2019hi treballen les diferents compet\u00e8ncies d\u2019acord amb la distribuci\u00f3 seg\u00fcent:<\/span><\/p>\n<p style=\"text-align: justify;\"><span style=\"font-size: 20px;\"><strong><span style=\"font-family: helvetica, arial, sans-serif; color: #008080;\">COMPETIC Inicial<\/span><\/strong><\/span><\/p>\n<hr \/>\n<p style=\"font-family: 'Helvetica Neue', Helvetica, Helvetica, Arial, sans-serif; font-size: 14px; text-align: justify;\"><span style=\"font-family: helvetica, arial, sans-serif; font-size: 16px;\"><img loading=\"lazy\" decoding=\"async\" class=\"alignleft size-full wp-image-1384\" src=\"https:\/\/agora.xtec.cat\/cfa-can-rull-sabadell\/wp-content\/uploads\/usu2059\/2021\/04\/COMP-01.jpg\" alt=\"\" width=\"475\" height=\"349\" srcset=\"https:\/\/agora.xtec.cat\/cfa-can-rull-sabadell\/wp-content\/uploads\/usu2059\/2021\/04\/COMP-01.jpg 475w, https:\/\/agora.xtec.cat\/cfa-can-rull-sabadell\/wp-content\/uploads\/usu2059\/2021\/04\/COMP-01-300x220.jpg 300w\" sizes=\"auto, (max-width: 475px) 100vw, 475px\" \/>El nivell inicial d\u2019inform\u00e0tica (COMPETIC inicial) s\u2019adre\u00e7a a persones que volen assolir un domini b\u00e0sic de les tecnologies de la informaci\u00f3 i la comunicaci\u00f3 (TIC).<\/span><\/p>\n<p style=\"font-family: 'Helvetica Neue', Helvetica, Helvetica, Arial, sans-serif; font-size: 14px; text-align: justify;\"><span style=\"font-family: helvetica, arial, sans-serif; font-size: 16px;\">Recull tres de les sis compet\u00e8ncies del nivell b\u00e0sic de l\u2019acreditaci\u00f3 de compet\u00e8ncies en tecnologies de la informaci\u00f3 i la comunicaci\u00f3 (ACTIC):<\/span><\/p>\n<p style=\"font-family: 'Helvetica Neue', Helvetica, Helvetica, Arial, sans-serif; font-size: 16px; text-align: justify; padding-left: 40px;\"><span style=\"font-size: 16px;\"><span style=\"color: #000000;\"><strong style=\"font-family: helvetica, arial, sans-serif; background-color: #f9f9f9;\">C2<\/strong><\/span><span style=\"font-family: helvetica, arial, sans-serif; background-color: #f9f9f9;\">: Tecnologia digital, \u00fas de l\u2019ordinador i del sistema operatiu.<\/span><\/span><\/p>\n<p style=\"font-family: 'Helvetica Neue', Helvetica, Helvetica, Arial, sans-serif; font-size: 14px; background-color: #f9f9f9; padding-left: 40px;\"><span style=\"font-family: helvetica, arial, sans-serif; font-size: 16px;\"><span style=\"color: #000000;\"><strong>C4<\/strong><\/span>: Tractament de la informaci\u00f3 escrita.<\/span><\/p>\n<p style=\"font-family: 'Helvetica Neue', Helvetica, Helvetica, Arial, sans-serif; font-size: 14px; background-color: #f9f9f9; padding-left: 40px;\"><span style=\"font-family: helvetica, arial, sans-serif; font-size: 16px;\"><span style=\"color: #000000;\"><strong>C3<\/strong><\/span>: Navegaci\u00f3 i comunicaci\u00f3 en el m\u00f3n digital.<\/span><\/p>\n<p style=\"text-align: justify;\"><span style=\"font-size: 16px;\"><span style=\"font-family: helvetica, arial, sans-serif; background-color: #f9f9f9;\">El nivell de COMPETIC Inicial t\u00e9 una durada de 105 hores (3 hores setmanals).<\/span><\/span><\/p>\n<p>&nbsp;<\/p>\n<p style=\"text-align: justify;\"><span style=\"font-size: 20px;\"><strong><span style=\"font-family: helvetica, arial, sans-serif; color: #008080;\">COMPETIC 1<\/span><\/strong><\/span><strong style=\"font-size: 20px; font-family: inherit;\"><span style=\"font-family: helvetica, arial, sans-serif; color: #008080;\">\u00a0(equival a certificat ACTIC B\u00e0sic)<\/span><\/strong><\/p>\n<hr \/>\n<p style=\"text-align: justify;\"><span style=\"font-family: helvetica, arial, sans-serif;\">Recull les tres compet\u00e8ncies del nivell b\u00e0sic de l\u2019acreditaci\u00f3 de compet\u00e8ncies en tecnologies de la informaci\u00f3 i la comunicaci\u00f3 (ACTIC-B\u00e0sic). No recollides a la formaci\u00f3 Competic Inicial:<\/span><\/p>\n<p style=\"text-align: justify; padding-left: 40px;\"><span style=\"font-family: helvetica, arial, sans-serif;\"><span style=\"color: #000000;\"><strong>C6<\/strong><\/span>: Tractament de la informaci\u00f3 num\u00e8rica.<\/span><\/p>\n<p style=\"text-align: justify; padding-left: 40px;\"><span style=\"font-family: helvetica, arial, sans-serif;\"><span style=\"color: #000000;\"><strong>C5<\/strong><\/span>: Tractament de la informaci\u00f3 gr\u00e0fica, sonora i de la imatge en moviment.<\/span><\/p>\n<p style=\"text-align: justify; padding-left: 40px;\"><span style=\"font-family: helvetica, arial, sans-serif;\"><span style=\"color: #000000;\"><strong>C1<\/strong><\/span>: Cultura, participaci\u00f3 i civisme digital.<\/span><\/p>\n<p style=\"text-align: justify;\"><span style=\"font-family: helvetica, arial, sans-serif;\">El nivell de COMPETIC 1 t\u00e9 una durada de 105 hores (3 hores setmanals).<\/span><\/p>\n<p>&nbsp;<\/p>\n<p style=\"text-align: justify;\"><span style=\"font-size: 20px;\"><strong><span style=\"font-family: helvetica, arial, sans-serif; color: #008080;\">COMPETIC 2 (equival a certificat ACTIC Mitj\u00e0)<\/span><\/strong><\/span><\/p>\n<hr \/>\n<p style=\"text-align: justify;\"><span style=\"font-family: helvetica, arial, sans-serif;\">Recull les <strong>vuit compet\u00e8ncies<\/strong> del nivell mitj\u00e0 de l\u2019acreditaci\u00f3 de compet\u00e8ncies en tecnologies de la informaci\u00f3 i la comunicaci\u00f3 (ACTIC- Mitj\u00e0): compet\u00e8ncia de l\u2019<strong>1<\/strong> a la <strong>8<\/strong>.<\/span><\/p>\n<p style=\"text-align: justify;\"><span style=\"font-family: helvetica, arial, sans-serif;\">El nivell de COMPETIC 2 t\u00e9 una durada de 140 hores (4 hores setmanals) de forma semipresencial. Cal distribuir-les de forma equitativa entre les vuit compet\u00e8ncies que s\u2019hi treballen. Aix\u00f2 vol dir que s\u2019ha de procurar que al llarg del curs cal treballar tots els continguts assenyalats al curr\u00edculum per a cada compet\u00e8ncia de forma proporcional, ja que el treball espec\u00edfic de les compet\u00e8ncies C4, C5, C6, C7 i C8 a COMPETIC 3 est\u00e0 basat en el domini que s\u2019assoleix amb la superaci\u00f3 d\u2019aquest nivell.<\/span><\/p>\n<p>&nbsp;<\/p>\n<p style=\"text-align: justify;\"><strong><span style=\"font-family: helvetica, arial, sans-serif; font-size: 20px; color: #008080;\">COMPETIC 3 (equival a certificat ACTIC Avan\u00e7at)<\/span><\/strong><\/p>\n<hr \/>\n<p style=\"text-align: justify;\"><span style=\"font-family: helvetica, arial, sans-serif;\">Recull les cinc compet\u00e8ncies del nivell avan\u00e7at de l\u2019acreditaci\u00f3 de compet\u00e8ncies en tecnologies de la informaci\u00f3 i la comunicaci\u00f3 (ACTIC- Avan\u00e7at):<\/span><\/p>\n<p style=\"text-align: justify; padding-left: 40px;\"><span style=\"font-family: helvetica, arial, sans-serif;\"><span style=\"color: #000000;\"><strong>C4<\/strong><\/span>: Tractament de la informaci\u00f3 escrita.<\/span><\/p>\n<p style=\"text-align: justify; padding-left: 40px;\"><span style=\"font-family: helvetica, arial, sans-serif;\"><span style=\"color: #000000;\"><strong>C5<\/strong><\/span>: Tractament de la informaci\u00f3 gr\u00e0fica, sonora i de la imatge en moviment.<\/span><\/p>\n<p style=\"text-align: justify; padding-left: 40px;\"><span style=\"font-family: helvetica, arial, sans-serif;\"><span style=\"color: #000000;\"><strong>C6<\/strong>:<\/span> Tractament de la informaci\u00f3 num\u00e8rica.<\/span><\/p>\n<p style=\"text-align: justify; padding-left: 40px;\"><span style=\"font-family: helvetica, arial, sans-serif;\"><span style=\"color: #000000;\"><strong>C7<\/strong>:<\/span> Tractament de les dades.<\/span><\/p>\n<p style=\"text-align: justify; padding-left: 40px;\"><span style=\"font-family: helvetica, arial, sans-serif;\"><span style=\"color: #000000;\"><strong>C8<\/strong><\/span>: Presentaci\u00f3 de continguts.<\/span><\/p>\n<p style=\"text-align: justify;\"><span style=\"font-family: helvetica, arial, sans-serif;\"><em>Actualment el centre ofereix la <span style=\"color: #000000;\">C4 Tractament de la informaci\u00f3 escrita el primer trimestre, la C6 Tractament de la informaci\u00f3 num\u00e8rica el segon trimestre i la C8 Presentaci\u00f3 de continguts el tercer trimestre, totes elles de forma semipresencial.<\/span><br \/>\n<\/em><\/span><\/p>\n<p style=\"text-align: justify;\"><span style=\"font-family: helvetica, arial, sans-serif;\">Per tal d\u2019obtenir el certificat de COMPETIC 3 cal assolir <strong>dues<\/strong> de les <strong>cinc<\/strong> compet\u00e8ncies establertes, com a m\u00ednim.<\/span><\/p>\n<hr \/>\n<p style=\"text-align: justify;\"><span style=\"font-family: helvetica, arial, sans-serif;\">Tots els nivells s&#8217;avaluen mitjan\u00e7ant una <strong>avaluaci\u00f3 continuada (60%) i un projecte final (40%) <\/strong>que es realitza a final de curs.<\/span><\/p>\n<p style=\"text-align: justify;\"><span style=\"font-family: helvetica, arial, sans-serif;\">La superaci\u00f3 del curs comporta l\u2019obtenci\u00f3 de la titulaci\u00f3 COMPETIC que es convalida amb la titulaci\u00f3 ACTIC (Acreditaci\u00f3 de Compet\u00e8ncies en Tecnologies de la Informaci\u00f3 i Comunicaci\u00f3) equivalent.<\/span><\/p>\n<p style=\"text-align: justify;\"><span style=\"font-family: helvetica, arial, sans-serif;\">Per tal de situar cada persona al nivell adequat (Competic inicial, 1 i 2) i assegurar-nos que podr\u00e0 seguir i superar el curs, caldr\u00e0:<\/span><\/p>\n<ul>\n<li style=\"list-style-type: none;\">\n<ul style=\"text-align: justify; list-style-type: disc;\">\n<li><span style=\"font-family: helvetica, arial, sans-serif;\">Fer una entrevista pr\u00e8via per tal de descobrir les necessitats formatives de cadasc\u00fa.<\/span><\/li>\n<li><span style=\"font-family: helvetica, arial, sans-serif;\">Fer una prova de nivell.<\/span><\/li>\n<li><span style=\"font-family: helvetica, arial, sans-serif;\">Per accedir als ensenyaments de COMPETIC 3 cal tenir acreditat el COMPETIC 2 o l&#8217;ACTIC de nivell mitj\u00e0.<\/span><\/li>\n<\/ul>\n<\/li>\n<\/ul>\n<p>&nbsp;<\/p>\n<p style=\"text-align: center;\"><span style=\"font-size: 20px;\"><strong>HORARIS<\/strong><\/span><\/p>\n<table class=\" aligncenter\" style=\"height: 222px; width: 56.4402%; border-collapse: collapse; border-style: dotted; border-color: #050000;\">\n<tbody>\n<tr style=\"height: 79px;\">\n<td style=\"width: 21.0214%; border-style: solid; border-color: #030000; height: 79px;\"><strong>Competic inicial<\/strong><\/td>\n<td style=\"width: 46.5419%; border-style: solid; border-color: #030000; height: 79px;\">\n<ul>\n<li>Dilluns i dimecres de 15 a 16:30 h<\/li>\n<\/ul>\n<\/td>\n<\/tr>\n<tr style=\"height: 52px;\">\n<td style=\"width: 21.0214%; border-style: solid; border-color: #030000; height: 52px;\"><strong>Competic 1<\/strong><\/td>\n<td style=\"width: 46.5419%; border-style: solid; border-color: #030000; height: 52px;\">\n<ul>\n<li>Dimarts i dijous de 15 a 16:30 h<\/li>\n<li>Dimarts i dijous de 17 a 18:30 h<\/li>\n<\/ul>\n<\/td>\n<\/tr>\n<tr style=\"height: 29px;\">\n<td style=\"width: 21.0214%; border-style: solid; border-color: #030000; height: 29px;\"><strong>Competic 2*<\/strong><\/td>\n<td style=\"width: 46.5419%; border-style: solid; border-color: #030000; height: 29px;\">\u00a0\u00a0\u00a0 Dilluns o dimecres de 19:30 a 21:30 h<\/td>\n<\/tr>\n<tr style=\"height: 32px;\">\n<td style=\"width: 21.0214%; border-style: solid; border-color: #030000; height: 32px;\"><strong>Competic 3*<\/strong><\/td>\n<td style=\"width: 46.5419%; border-style: solid; border-color: #030000; height: 32px;\">\u00a0\u00a0\u00a0 Dimarts o dijous de 19 a 20:30 h<\/td>\n<\/tr>\n<\/tbody>\n<\/table>\n<p><span style=\"font-size: 12px;\"><strong>\u00a0\u00a0\u00a0\u00a0\u00a0\u00a0\u00a0\u00a0\u00a0\u00a0\u00a0\u00a0\u00a0\u00a0\u00a0\u00a0\u00a0\u00a0\u00a0\u00a0\u00a0\u00a0\u00a0\u00a0\u00a0\u00a0\u00a0\u00a0\u00a0\u00a0\u00a0\u00a0\u00a0\u00a0\u00a0\u00a0\u00a0\u00a0\u00a0\u00a0\u00a0\u00a0\u00a0\u00a0\u00a0\u00a0\u00a0\u00a0\u00a0\u00a0\u00a0\u00a0\u00a0\u00a0\u00a0\u00a0\u00a0\u00a0\u00a0\u00a0\u00a0\u00a0\u00a0\u00a0\u00a0\u00a0\u00a0\u00a0<\/strong><\/span><\/p>\n<p><span style=\"font-size: 12px;\"><strong>\u00a0 \u00a0 \u00a0 \u00a0 \u00a0 \u00a0 \u00a0 \u00a0 \u00a0 \u00a0 \u00a0 \u00a0 \u00a0 \u00a0 \u00a0 \u00a0 \u00a0 \u00a0 \u00a0 \u00a0 \u00a0 \u00a0 \u00a0 \u00a0 \u00a0 \u00a0 \u00a0 \u00a0 \u00a0 \u00a0 \u00a0 \u00a0 \u00a0 \u00a0 \u00a0 \u00a0 \u00a0 \u00a0 \u00a0 \u00a0 \u00a0 \u00a0 \u00a0 COMPETIC 2 i 3:<\/strong> semipresencial; l&#8217;alumne assistir\u00e0 a classe un dia.<\/span><\/p>\n","protected":false},"excerpt":{"rendered":"<p>El CFA Can Rull ofereix cursos d&#8217;Inform\u00e0tica COMPETIC (Inicial, 1, 2 i 3) que s\u00f3n equiparables als certificats ACTIC (Acreditaci\u00f3 de Compet\u00e8ncies de la Informaci\u00f3 i la Comunicaci\u00f3).<br \/>\nEls ensenyaments d&#8217;inform\u00e0tica a l&#8217;educaci\u00f3 d&#8217;adults -COMPETIC- tenen com objectiu facilitar l&#8217;adquisici\u00f3 de la compet\u00e8ncia digital, entesa com&hellip;  <a href=\"https:\/\/agora.xtec.cat\/cfa-can-rull-sabadell\/ensenyaments\/ensenyaments-transprofessionals\/competencia-digital-competic\/\" title=\"Read Compet\u00e8ncia digital COMPETIC\">Llegeix m\u00e9s\u00bb<\/a><\/p>\n","protected":false},"author":1,"featured_media":0,"parent":286,"menu_order":0,"comment_status":"closed","ping_status":"closed","template":"page-templates\/side-menu.php","meta":{"_bbp_topic_count":0,"_bbp_reply_count":0,"_bbp_total_topic_count":0,"_bbp_total_reply_count":0,"_bbp_voice_count":0,"_bbp_anonymous_reply_count":0,"_bbp_topic_count_hidden":0,"_bbp_reply_count_hidden":0,"_bbp_forum_subforum_count":0,"footnotes":""},"class_list":["post-1320","page","type-page","status-publish","hentry"],"post_mailing_queue_ids":[],"_links":{"self":[{"href":"https:\/\/agora.xtec.cat\/cfa-can-rull-sabadell\/wp-json\/wp\/v2\/pages\/1320","targetHints":{"allow":["GET"]}}],"collection":[{"href":"https:\/\/agora.xtec.cat\/cfa-can-rull-sabadell\/wp-json\/wp\/v2\/pages"}],"about":[{"href":"https:\/\/agora.xtec.cat\/cfa-can-rull-sabadell\/wp-json\/wp\/v2\/types\/page"}],"author":[{"embeddable":true,"href":"https:\/\/agora.xtec.cat\/cfa-can-rull-sabadell\/wp-json\/wp\/v2\/users\/1"}],"replies":[{"embeddable":true,"href":"https:\/\/agora.xtec.cat\/cfa-can-rull-sabadell\/wp-json\/wp\/v2\/comments?post=1320"}],"version-history":[{"count":7,"href":"https:\/\/agora.xtec.cat\/cfa-can-rull-sabadell\/wp-json\/wp\/v2\/pages\/1320\/revisions"}],"predecessor-version":[{"id":3224,"href":"https:\/\/agora.xtec.cat\/cfa-can-rull-sabadell\/wp-json\/wp\/v2\/pages\/1320\/revisions\/3224"}],"up":[{"embeddable":true,"href":"https:\/\/agora.xtec.cat\/cfa-can-rull-sabadell\/wp-json\/wp\/v2\/pages\/286"}],"wp:attachment":[{"href":"https:\/\/agora.xtec.cat\/cfa-can-rull-sabadell\/wp-json\/wp\/v2\/media?parent=1320"}],"curies":[{"name":"wp","href":"https:\/\/api.w.org\/{rel}","templated":true}]}}