{"id":1318,"date":"2021-04-25T00:32:54","date_gmt":"2021-04-24T22:32:54","guid":{"rendered":"https:\/\/agora.xtec.cat\/cfa-can-rull-sabadell\/?page_id=1318"},"modified":"2025-03-24T10:45:05","modified_gmt":"2025-03-24T09:45:05","slug":"formacio-instrumental","status":"publish","type":"page","link":"https:\/\/agora.xtec.cat\/cfa-can-rull-sabadell\/ensenyaments\/ensenyaments-inicials-i-formacio-basica\/formacio-instrumental\/","title":{"rendered":"Formaci\u00f3 instrumental"},"content":{"rendered":"<table style=\"border-style: solid; border-color: #080707; background-color: #e3e6e3;\">\n<tbody>\n<tr>\n<td style=\"width: 100%;\"><\/td>\n<\/tr>\n<\/tbody>\n<\/table>\n<p style=\"text-align: justify;\"><span style=\"font-size: 16px;\"><img loading=\"lazy\" decoding=\"async\" class=\"alignleft wp-image-1327 size-medium\" src=\"https:\/\/agora.xtec.cat\/cfa-can-rull-sabadell\/wp-content\/uploads\/usu2059\/2021\/04\/FI-01-300x228.png\" alt=\"\" width=\"300\" height=\"228\" srcset=\"https:\/\/agora.xtec.cat\/cfa-can-rull-sabadell\/wp-content\/uploads\/usu2059\/2021\/04\/FI-01-300x228.png 300w, https:\/\/agora.xtec.cat\/cfa-can-rull-sabadell\/wp-content\/uploads\/usu2059\/2021\/04\/FI-01.png 304w\" sizes=\"auto, (max-width: 300px) 100vw, 300px\" \/><\/span><\/p>\n<p>&nbsp;<\/p>\n<p style=\"text-align: justify;\"><span style=\"font-size: 16px; font-family: helvetica, arial, sans-serif;\">L&#8217;objectiu d&#8217;aquests estudis \u00e9s que les persones adultes aprenguin a llegir, escriure i fer c\u00e0lculs elementals.<\/span><\/p>\n<p style=\"text-align: justify;\"><span style=\"font-size: 16px; font-family: helvetica, arial, sans-serif;\">La superaci\u00f3 d&#8217;aquests estudis permet l&#8217;obtenci\u00f3 del certificat de formaci\u00f3 instrumental.<\/span><\/p>\n<p>&nbsp;<\/p>\n<p>&nbsp;<\/p>\n<p style=\"text-align: left;\"><span style=\"font-size: 16px; font-family: helvetica, arial, sans-serif;\">Els continguts d&#8217;aquesta formaci\u00f3 s&#8217;organitzen en<strong><span style=\"color: #000000;\"> nivells<\/span><\/strong>:<\/span><\/p>\n<p><img loading=\"lazy\" decoding=\"async\" class=\"size-full wp-image-1328 alignright\" src=\"https:\/\/agora.xtec.cat\/cfa-can-rull-sabadell\/wp-content\/uploads\/usu2059\/2021\/04\/FI-02.png\" alt=\"\" width=\"510\" height=\"392\" srcset=\"https:\/\/agora.xtec.cat\/cfa-can-rull-sabadell\/wp-content\/uploads\/usu2059\/2021\/04\/FI-02.png 510w, https:\/\/agora.xtec.cat\/cfa-can-rull-sabadell\/wp-content\/uploads\/usu2059\/2021\/04\/FI-02-300x231.png 300w\" sizes=\"auto, (max-width: 510px) 100vw, 510px\" \/><\/p>\n<p>&nbsp;<\/p>\n<ul style=\"list-style-type: disc;\">\n<li style=\"text-align: justify;\"><span style=\"font-size: 16px; font-family: helvetica, arial, sans-serif;\"><strong><span style=\"color: #000000;\">Primer nivell<\/span><\/strong>, en qu\u00e8 l&#8217;aprenentatge se centra en l&#8217;adquisici\u00f3 dels mecanismes fonamentals de lectura i escriptura i de c\u00e0lcul, a m\u00e9s de nocions elementals sobre l&#8217;entorn social i natural;<\/span><\/li>\n<li style=\"text-align: justify;\"><span style=\"font-family: helvetica, arial, sans-serif;\"><span style=\"color: #000000;\"><strong>Segon nivell<\/strong><\/span><span style=\"text-align: justify;\">, en qu\u00e8 l&#8217;objectiu central \u00e9s consolidar aquests mecanismes i els coneixements que expliquen l&#8217;entorn.<\/span><\/span><\/li>\n<\/ul>\n<p>&nbsp;<\/p>\n<p>&nbsp;<\/p>\n<p style=\"text-align: justify;\"><span style=\"font-size: 16px; font-family: helvetica, arial, sans-serif;\">Cada nivell inclou tres <span style=\"color: #000000;\"><strong>\u00e0rees de coneixement<\/strong><\/span>:<\/span><\/p>\n<p style=\"font-family: 'Helvetica Neue', Helvetica, Helvetica, Arial, sans-serif; font-size: 14px; text-align: justify;\"><span style=\"font-size: 16px;\"><img loading=\"lazy\" decoding=\"async\" class=\"alignleft size-full wp-image-1329\" src=\"https:\/\/agora.xtec.cat\/cfa-can-rull-sabadell\/wp-content\/uploads\/usu2059\/2021\/04\/FI-03.png\" alt=\"\" width=\"561\" height=\"319\" srcset=\"https:\/\/agora.xtec.cat\/cfa-can-rull-sabadell\/wp-content\/uploads\/usu2059\/2021\/04\/FI-03.png 561w, https:\/\/agora.xtec.cat\/cfa-can-rull-sabadell\/wp-content\/uploads\/usu2059\/2021\/04\/FI-03-300x171.png 300w\" sizes=\"auto, (max-width: 561px) 100vw, 561px\" \/><\/span><\/p>\n<p>&nbsp;<\/p>\n<p>&nbsp;<\/p>\n<p style=\"font-family: 'Helvetica Neue', Helvetica, Helvetica, Arial, sans-serif; font-size: 14px; text-align: justify;\"><span style=\"font-size: 16px;\"><span style=\"color: #000000;\">\u274f<\/span>\u00a0\u00a0\u00a0\u00a0 <span style=\"color: #333333;\"><strong><span style=\"color: #000000;\">Llengua<\/span><\/strong>,<\/span><\/span><\/p>\n<p style=\"font-family: 'Helvetica Neue', Helvetica, Helvetica, Arial, sans-serif; font-size: 14px; text-align: justify;\"><span style=\"font-size: 16px; color: #333333;\"><span style=\"color: #000000;\">\u274f<\/span>\u00a0\u00a0\u00a0\u00a0 <strong><span style=\"color: #000000;\">Matem\u00e0tiques<\/span><\/strong> i<\/span><\/p>\n<p style=\"font-family: 'Helvetica Neue', Helvetica, Helvetica, Arial, sans-serif; font-size: 14px; text-align: justify;\"><span style=\"font-size: 16px; color: #333333;\"><span style=\"color: #000000;\">\u274f\u00a0<\/span>\u00a0\u00a0\u00a0<span style=\"color: #000000;\"> <strong>Ci\u00e8ncies socials i naturals<\/strong><\/span>.<\/span><\/p>\n<p>&nbsp;<\/p>\n<p>&nbsp;<\/p>\n<p>&nbsp;<\/p>\n<p style=\"text-align: justify;\"><span style=\"font-size: 16px;\">La durada aproximada d&#8217;aquesta formaci\u00f3 \u00e9s de 1.100 hores. Aix\u00f2 no obstant, segons els coneixements previs, les necessitats formatives, i els ritmes d&#8217;aprenentatge de l&#8217;alumnat, la durada pot ser m\u00e9s llarga o menys.<\/span><\/p>\n<p style=\"text-align: justify;\"><span style=\"font-size: 16px;\">Poden accedir a aquests estudis totes les persones que tenen m\u00e9s de 18 anys o b\u00e9 els compleixen durant l&#8217;any natural en qu\u00e8 inicien la formaci\u00f3.<\/span><\/p>\n<p style=\"text-align: justify;\"><span style=\"font-size: 16px; font-family: helvetica, arial, sans-serif;\">El nostre centre ofereix el\u00a0<strong>primer<\/strong><strong><span style=\"color: #000000;\"> nivell <\/span><\/strong>(<strong><span style=\"color: #000000;\">CFI 1<\/span><\/strong>) i el <strong><span style=\"color: #000000;\">segon nivell <\/span><\/strong>(<strong><span style=\"color: #000000;\">CFI 2<\/span><\/strong>).<\/span><\/p>\n<table class=\" alignleft\" style=\"width: 68.6046%; border-collapse: collapse; border-color: #080707; background-color: #d4e0d3; border-style: inset;\">\n<tbody>\n<tr style=\"border-style: solid; border-color: #0a0a0a; background-color: #d5d9d4;\">\n<td style=\"width: 11.5697%; border-style: solid; border-color: #080707;\"><span style=\"font-size: 16px;\"><strong>CFI 1<\/strong><\/span><\/td>\n<td style=\"width: 54.1028%; border-style: solid; border-color: #080707;\">\n<ul style=\"list-style-type: square;\">\n<li><span style=\"font-size: 16px;\"><strong>De dilluns a dijous de 15 a 17 h<\/strong><\/span><\/li>\n<\/ul>\n<\/td>\n<\/tr>\n<tr style=\"border-style: solid; border-color: #0a0a0a; background-color: #d5d9d4;\">\n<td style=\"width: 11.5697%; border-style: solid; border-color: #080707;\"><span style=\"font-size: 16px;\"><strong>CFI 2<\/strong><\/span><\/td>\n<td style=\"width: 54.1028%; border-style: solid; border-color: #080707;\">\n<ul style=\"list-style-type: square;\">\n<li><span style=\"font-size: 16px;\"><strong>De dilluns a dimecres de 9:30 a 11:30 h<\/strong><\/span><\/li>\n<\/ul>\n<\/td>\n<\/tr>\n<\/tbody>\n<\/table>\n<p>&nbsp;<\/p>\n<p>&nbsp;<\/p>\n","protected":false},"excerpt":{"rendered":"<p>&nbsp;<br \/>\nL&#8217;objectiu d&#8217;aquests estudis \u00e9s que les persones adultes aprenguin a llegir, escriure i fer c\u00e0lculs elementals.<br \/>\nLa superaci\u00f3 d&#8217;aquests estudis permet l&#8217;obtenci\u00f3 del certificat de formaci\u00f3 instrumental.<br \/>\n&nbsp;<br \/>\n&nbsp;<br \/>\nEls continguts d&#8217;aquesta formaci\u00f3 s&#8217;organitzen en nivells:<\/p>\n<p>&nbsp;<\/p>\n<ul style=\"list-style-type: disc;\">\n<li style=\"text-align: justify;\">Primer nivell, en qu\u00e8 l&#8217;aprenentatge se centra en l&#8217;adquisici\u00f3 dels&hellip;  <a href=\"https:\/\/agora.xtec.cat\/cfa-can-rull-sabadell\/ensenyaments\/ensenyaments-inicials-i-formacio-basica\/formacio-instrumental\/\" title=\"Read Formaci\u00f3 instrumental\">Llegeix m\u00e9s\u00bb<\/a><br \/>\n","protected":false},"author":1,"featured_media":0,"parent":283,"menu_order":0,"comment_status":"closed","ping_status":"closed","template":"page-templates\/side-menu.php","meta":{"_bbp_topic_count":0,"_bbp_reply_count":0,"_bbp_total_topic_count":0,"_bbp_total_reply_count":0,"_bbp_voice_count":0,"_bbp_anonymous_reply_count":0,"_bbp_topic_count_hidden":0,"_bbp_reply_count_hidden":0,"_bbp_forum_subforum_count":0,"footnotes":""},"class_list":["post-1318","page","type-page","status-publish","hentry"],"post_mailing_queue_ids":[],"_links":{"self":[{"href":"https:\/\/agora.xtec.cat\/cfa-can-rull-sabadell\/wp-json\/wp\/v2\/pages\/1318","targetHints":{"allow":["GET"]}}],"collection":[{"href":"https:\/\/agora.xtec.cat\/cfa-can-rull-sabadell\/wp-json\/wp\/v2\/pages"}],"about":[{"href":"https:\/\/agora.xtec.cat\/cfa-can-rull-sabadell\/wp-json\/wp\/v2\/types\/page"}],"author":[{"embeddable":true,"href":"https:\/\/agora.xtec.cat\/cfa-can-rull-sabadell\/wp-json\/wp\/v2\/users\/1"}],"replies":[{"embeddable":true,"href":"https:\/\/agora.xtec.cat\/cfa-can-rull-sabadell\/wp-json\/wp\/v2\/comments?post=1318"}],"version-history":[{"count":5,"href":"https:\/\/agora.xtec.cat\/cfa-can-rull-sabadell\/wp-json\/wp\/v2\/pages\/1318\/revisions"}],"predecessor-version":[{"id":3226,"href":"https:\/\/agora.xtec.cat\/cfa-can-rull-sabadell\/wp-json\/wp\/v2\/pages\/1318\/revisions\/3226"}],"up":[{"embeddable":true,"href":"https:\/\/agora.xtec.cat\/cfa-can-rull-sabadell\/wp-json\/wp\/v2\/pages\/283"}],"wp:attachment":[{"href":"https:\/\/agora.xtec.cat\/cfa-can-rull-sabadell\/wp-json\/wp\/v2\/media?parent=1318"}],"curies":[{"name":"wp","href":"https:\/\/api.w.org\/{rel}","templated":true}]}}