{"id":1070,"date":"2021-03-16T01:12:35","date_gmt":"2021-03-16T00:12:35","guid":{"rendered":"https:\/\/agora.xtec.cat\/cfa-can-rull-sabadell\/?page_id=1070"},"modified":"2024-12-14T09:43:17","modified_gmt":"2024-12-14T08:43:17","slug":"estrategia-digital","status":"publish","type":"page","link":"https:\/\/agora.xtec.cat\/cfa-can-rull-sabadell\/estrategia-digital\/","title":{"rendered":"Estrat\u00e8gia Digital de Centre"},"content":{"rendered":"<p>L&#8217;estrat\u00e8gia digital de centre (EDC) defineix i concreta les l\u00ednies d&#8217;actuaci\u00f3 del centre que fan possible que docents, alumnat i centre assoleixin la compet\u00e8ncia digital. Per aconseguir aquesta compet\u00e8ncia digital, l&#8217;EDC compr\u00e8n tots els \u00e0mbits del centre: organitzatius, metodol\u00f2gics, curriculars i comunicatius, els quals s&#8217;han de veure necess\u00e0riament implicats i, si escau, transformats, des d\u2019una perspectiva d&#8217;innovaci\u00f3 i de millora cont\u00ednua.<\/p>\n<p>Podeu accedir a l<span style=\"font-size: 20px;\"><a href=\"https:\/\/sites.google.com\/xtec.cat\/estrategia-digital-cfa-canrull\/presentaci%C3%B3-del-centre\">&#8216;Estrat\u00e8gia Digital<\/a><\/span> del nostre centre CFA Can Rull.<\/p>\n","protected":false},"excerpt":{"rendered":"<p>L&#8217;estrat\u00e8gia digital de centre (EDC) defineix i concreta les l\u00ednies d&#8217;actuaci\u00f3 del centre que fan possible que docents, alumnat i centre assoleixin la compet\u00e8ncia digital. Per aconseguir aquesta compet\u00e8ncia digital, l&#8217;EDC compr\u00e8n tots els \u00e0mbits del centre: organitzatius, metodol\u00f2gics, curriculars i comunicatius, els quals s&#8217;han&hellip;  <a href=\"https:\/\/agora.xtec.cat\/cfa-can-rull-sabadell\/estrategia-digital\/\" title=\"Read Estrat\u00e8gia Digital de Centre\">Llegeix m\u00e9s\u00bb<\/a><\/p>\n","protected":false},"author":1,"featured_media":0,"parent":0,"menu_order":0,"comment_status":"closed","ping_status":"closed","template":"page-templates\/side-menu.php","meta":{"_bbp_topic_count":0,"_bbp_reply_count":0,"_bbp_total_topic_count":0,"_bbp_total_reply_count":0,"_bbp_voice_count":0,"_bbp_anonymous_reply_count":0,"_bbp_topic_count_hidden":0,"_bbp_reply_count_hidden":0,"_bbp_forum_subforum_count":0,"footnotes":""},"class_list":["post-1070","page","type-page","status-publish","hentry"],"post_mailing_queue_ids":[],"_links":{"self":[{"href":"https:\/\/agora.xtec.cat\/cfa-can-rull-sabadell\/wp-json\/wp\/v2\/pages\/1070","targetHints":{"allow":["GET"]}}],"collection":[{"href":"https:\/\/agora.xtec.cat\/cfa-can-rull-sabadell\/wp-json\/wp\/v2\/pages"}],"about":[{"href":"https:\/\/agora.xtec.cat\/cfa-can-rull-sabadell\/wp-json\/wp\/v2\/types\/page"}],"author":[{"embeddable":true,"href":"https:\/\/agora.xtec.cat\/cfa-can-rull-sabadell\/wp-json\/wp\/v2\/users\/1"}],"replies":[{"embeddable":true,"href":"https:\/\/agora.xtec.cat\/cfa-can-rull-sabadell\/wp-json\/wp\/v2\/comments?post=1070"}],"version-history":[{"count":5,"href":"https:\/\/agora.xtec.cat\/cfa-can-rull-sabadell\/wp-json\/wp\/v2\/pages\/1070\/revisions"}],"predecessor-version":[{"id":3152,"href":"https:\/\/agora.xtec.cat\/cfa-can-rull-sabadell\/wp-json\/wp\/v2\/pages\/1070\/revisions\/3152"}],"wp:attachment":[{"href":"https:\/\/agora.xtec.cat\/cfa-can-rull-sabadell\/wp-json\/wp\/v2\/media?parent=1070"}],"curies":[{"name":"wp","href":"https:\/\/api.w.org\/{rel}","templated":true}]}}