{"id":549,"date":"2016-11-04T10:00:58","date_gmt":"2016-11-04T09:00:58","guid":{"rendered":"http:\/\/agora.xtec.cat\/cfa-barbera\/?page_id=549"},"modified":"2020-03-06T09:27:54","modified_gmt":"2020-03-06T08:27:54","slug":"universitat-per-mes-grans-de-45-anys","status":"publish","type":"page","link":"https:\/\/agora.xtec.cat\/cfa-barbera\/oferta-formativa\/proves-dacces\/universitat-per-mes-grans-de-45-anys\/","title":{"rendered":"A la Universitat per m\u00e9s grans de 45 anys"},"content":{"rendered":"<p>Cal no posseir cap titulaci\u00f3 que habiliti per accedir a la Universitat (COU, FP2 o Cicles Formatius de Grau Superior) i tenir 45 anys en l&#8217;any natural en el qu\u00e8 es relitza la prova.<\/p>\n<p>Les classes comencen el mes de setembre i finalitzen la data en qu\u00e8 es relitza la prova.<\/p>\n<p>Les persones que vulguin realitzar la prova de m\u00e9s grans de 40 anys hauran d\u2019adre\u00e7ar-se a la Universitat per obtenir informaci\u00f3 sobre el proc\u00e9s.<\/p>\n","protected":false},"excerpt":{"rendered":"<p>Cal no posseir cap titulaci\u00f3 que habiliti per accedir a la Universitat (COU, FP2 o Cicles Formatius de Grau Superior) i tenir 45 anys en l&#8217;any natural en el qu\u00e8 es relitza la prova.<br \/>\nLes classes comencen el mes de setembre i finalitzen la data en&hellip;  <a href=\"https:\/\/agora.xtec.cat\/cfa-barbera\/oferta-formativa\/proves-dacces\/universitat-per-mes-grans-de-45-anys\/\" title=\"Read A la Universitat per m\u00e9s grans de 45 anys\">Llegeix m\u00e9s\u00bb<\/a><\/p>\n","protected":false},"author":1,"featured_media":0,"parent":490,"menu_order":30,"comment_status":"closed","ping_status":"closed","template":"page-templates\/side-menu.php","meta":{"_bbp_topic_count":0,"_bbp_reply_count":0,"_bbp_total_topic_count":0,"_bbp_total_reply_count":0,"_bbp_voice_count":0,"_bbp_anonymous_reply_count":0,"_bbp_topic_count_hidden":0,"_bbp_reply_count_hidden":0,"_bbp_forum_subforum_count":0,"footnotes":""},"class_list":["post-549","page","type-page","status-publish","hentry"],"post_mailing_queue_ids":[],"_links":{"self":[{"href":"https:\/\/agora.xtec.cat\/cfa-barbera\/wp-json\/wp\/v2\/pages\/549","targetHints":{"allow":["GET"]}}],"collection":[{"href":"https:\/\/agora.xtec.cat\/cfa-barbera\/wp-json\/wp\/v2\/pages"}],"about":[{"href":"https:\/\/agora.xtec.cat\/cfa-barbera\/wp-json\/wp\/v2\/types\/page"}],"author":[{"embeddable":true,"href":"https:\/\/agora.xtec.cat\/cfa-barbera\/wp-json\/wp\/v2\/users\/1"}],"replies":[{"embeddable":true,"href":"https:\/\/agora.xtec.cat\/cfa-barbera\/wp-json\/wp\/v2\/comments?post=549"}],"version-history":[{"count":3,"href":"https:\/\/agora.xtec.cat\/cfa-barbera\/wp-json\/wp\/v2\/pages\/549\/revisions"}],"predecessor-version":[{"id":1500,"href":"https:\/\/agora.xtec.cat\/cfa-barbera\/wp-json\/wp\/v2\/pages\/549\/revisions\/1500"}],"up":[{"embeddable":true,"href":"https:\/\/agora.xtec.cat\/cfa-barbera\/wp-json\/wp\/v2\/pages\/490"}],"wp:attachment":[{"href":"https:\/\/agora.xtec.cat\/cfa-barbera\/wp-json\/wp\/v2\/media?parent=549"}],"curies":[{"name":"wp","href":"https:\/\/api.w.org\/{rel}","templated":true}]}}