{"id":547,"date":"2016-11-04T10:00:27","date_gmt":"2016-11-04T09:00:27","guid":{"rendered":"http:\/\/agora.xtec.cat\/cfa-barbera\/?page_id=547"},"modified":"2020-03-06T09:26:56","modified_gmt":"2020-03-06T08:26:56","slug":"universitat-per-mes-grans-de-25-anys","status":"publish","type":"page","link":"https:\/\/agora.xtec.cat\/cfa-barbera\/oferta-formativa\/proves-dacces\/universitat-per-mes-grans-de-25-anys\/","title":{"rendered":"A la Universitat per m\u00e9s grans de 25 anys"},"content":{"rendered":"<p>Aquests estudis preparen les persones m\u00e9s grans de 25 anys per a les proves d\u2019acc\u00e9s a la universitat .<\/p>\n<p>Les persones que hi volen accedir no han de tenir superades les PAU (o equivalent), no han d\u2019estar en possessi\u00f3 d\u2019un t\u00edtol de t\u00e8cnic superior de formaci\u00f3 professional, d\u2019arts pl\u00e0stiques i disseny o d\u2019esports (o equivalent), ni tenir cap titulaci\u00f3 universit\u00e0ria.<\/p>\n<p>Cal tenir 25 anys en l&#8217;any natural en qu\u00e8 es realitza la prova i no haver superat les PAAU (selectivitat).<br \/>\nPer cursar aquest ensenyament cal formalitzar la preinscripci\u00f3 i la matr\u00edcula d\u2019acord amb els criteris fixats pel Departament d\u2019Ensenyament.<br \/>\nAquest estudi \u00e9s\u00a0<strong>gratu\u00eft<\/strong>\u00a0en els centres dependents del Departament d\u2019Ensenyament.<\/p>\n<p>Les classes comencen el mes de setembre i finalitzen la data en qu\u00e8 es realitza la prova.<\/p>\n","protected":false},"excerpt":{"rendered":"<p>Aquests estudis preparen les persones m\u00e9s grans de 25 anys per a les proves d\u2019acc\u00e9s a la universitat .<br \/>\nLes persones que hi volen accedir no han de tenir superades les PAU (o equivalent), no han d\u2019estar en possessi\u00f3 d\u2019un t\u00edtol de t\u00e8cnic superior de formaci\u00f3&hellip;  <a href=\"https:\/\/agora.xtec.cat\/cfa-barbera\/oferta-formativa\/proves-dacces\/universitat-per-mes-grans-de-25-anys\/\" title=\"Read A la Universitat per m\u00e9s grans de 25 anys\">Llegeix m\u00e9s\u00bb<\/a><\/p>\n","protected":false},"author":1,"featured_media":0,"parent":490,"menu_order":20,"comment_status":"closed","ping_status":"closed","template":"page-templates\/side-menu.php","meta":{"_bbp_topic_count":0,"_bbp_reply_count":0,"_bbp_total_topic_count":0,"_bbp_total_reply_count":0,"_bbp_voice_count":0,"_bbp_anonymous_reply_count":0,"_bbp_topic_count_hidden":0,"_bbp_reply_count_hidden":0,"_bbp_forum_subforum_count":0,"footnotes":""},"class_list":["post-547","page","type-page","status-publish","hentry"],"post_mailing_queue_ids":[],"_links":{"self":[{"href":"https:\/\/agora.xtec.cat\/cfa-barbera\/wp-json\/wp\/v2\/pages\/547","targetHints":{"allow":["GET"]}}],"collection":[{"href":"https:\/\/agora.xtec.cat\/cfa-barbera\/wp-json\/wp\/v2\/pages"}],"about":[{"href":"https:\/\/agora.xtec.cat\/cfa-barbera\/wp-json\/wp\/v2\/types\/page"}],"author":[{"embeddable":true,"href":"https:\/\/agora.xtec.cat\/cfa-barbera\/wp-json\/wp\/v2\/users\/1"}],"replies":[{"embeddable":true,"href":"https:\/\/agora.xtec.cat\/cfa-barbera\/wp-json\/wp\/v2\/comments?post=547"}],"version-history":[{"count":3,"href":"https:\/\/agora.xtec.cat\/cfa-barbera\/wp-json\/wp\/v2\/pages\/547\/revisions"}],"predecessor-version":[{"id":1499,"href":"https:\/\/agora.xtec.cat\/cfa-barbera\/wp-json\/wp\/v2\/pages\/547\/revisions\/1499"}],"up":[{"embeddable":true,"href":"https:\/\/agora.xtec.cat\/cfa-barbera\/wp-json\/wp\/v2\/pages\/490"}],"wp:attachment":[{"href":"https:\/\/agora.xtec.cat\/cfa-barbera\/wp-json\/wp\/v2\/media?parent=547"}],"curies":[{"name":"wp","href":"https:\/\/api.w.org\/{rel}","templated":true}]}}