{"id":490,"date":"2016-10-28T04:26:19","date_gmt":"2016-10-28T02:26:19","guid":{"rendered":"http:\/\/agora.xtec.cat\/cfa-barbera\/?page_id=490"},"modified":"2022-05-24T16:55:21","modified_gmt":"2022-05-24T14:55:21","slug":"proves-dacces","status":"publish","type":"page","link":"https:\/\/agora.xtec.cat\/cfa-barbera\/oferta-formativa\/proves-dacces\/","title":{"rendered":"PREPARACI\u00d3 PROVES D&#8217;ACC\u00c9S"},"content":{"rendered":"<p class=\"titol\"><span style=\"text-decoration: underline;\">A Cicles Formatius de Grau Superior<\/span><\/p>\n<ul>\n<li>Cal complir 19 anys durant l&#8217;any natural en qu\u00e8 es realitzar\u00e0 la prova o b\u00e9 fer 18 anys durant l&#8217;any natural de la prova i posseir la titulaci\u00f3 d&#8217;un CF de Grau Mitj\u00e0 del mateix grup d&#8217;itineraris.<\/li>\n<li>Les classes comencen el mes de setembre i finalitzen la data de la realitzaci\u00f3 de la prova, aproximadament el mes de maig.<\/li>\n<li>Per a m\u00e9s informaci\u00f3, <a href=\"https:\/\/universitats.gencat.cat\/ca\/acces-universitat\/acces-segons-perfils-estudiants\/estudiant-cicle-formatiu\/\" target=\"_blank\" rel=\"noopener\">fes clic aqu\u00ed<\/a>.<\/li>\n<\/ul>\n<p class=\"titol\"><span style=\"text-decoration: underline;\">A la Universitat per m\u00e9s grans de 25 anys<\/span><\/p>\n<ul>\n<li>Cal tenir 25 anys abans de l&#8217;1 d&#8217;octubre de l&#8217;any en qu\u00e8 es realitza la prova i no haver superat les PAAU (selectivitat).<\/li>\n<li>Les classes comencen el mes de setembre i finalitzen la data en qu\u00e8 es realitza la prova.<\/li>\n<li>Per a m\u00e9s informaci\u00f3, <a href=\"https:\/\/universitats.gencat.cat\/ca\/acces-universitat\/acces-segons-perfils-estudiants\/tinc-mes-25-anys\/\" target=\"_blank\" rel=\"noopener\">fes clic aqu\u00ed<\/a>.<\/li>\n<\/ul>\n<p class=\"titol\"><span style=\"text-decoration: underline;\">A la Universitat per m\u00e9s grans de 45 anys<\/span><\/p>\n<ul>\n<li>Cal no posseir cap titulaci\u00f3 que habiliti per accedir a la Universitat (COU, FP2 o Cicles Formatius de Grau Superior) i tenir 45 anys abans de l&#8217;1 d&#8217;octubre de l&#8217;any en qu\u00e8 es realitza la prova.<\/li>\n<li>Les classes comencen el mes de setembre i finalitzen la data en qu\u00e8 es realitza la prova.<\/li>\n<li>Per a m\u00e9s informaci\u00f3, <a href=\"https:\/\/universitats.gencat.cat\/ca\/acces-universitat\/acces-segons-perfils-estudiants\/tinc-mes-45-anys\/\" target=\"_blank\" rel=\"noopener\">fes clic aqu\u00ed<\/a>.<\/li>\n<\/ul>\n<p>Les persones que vulguin realitzar la prova de m\u00e9s grans de 40 anys hauran d&#8217;adre\u00e7ar-se a la Universitat per obtenir informaci\u00f3 sobre el proc\u00e9s. Per a m\u00e9s informaci\u00f3, <a href=\"https:\/\/universitats.gencat.cat\/ca\/acces-universitat\/acces-segons-perfils-estudiants\/tinc-mes-40-acreditacio-experiencia-laboral\/\" target=\"_blank\" rel=\"noopener\">fes clic aqu\u00ed<\/a>.<\/p>\n","protected":false},"excerpt":{"rendered":"<p>A Cicles Formatius de Grau Superior<\/p>\n<ul>\n<li>Cal complir 19 anys durant l&#8217;any natural en qu\u00e8 es realitzar\u00e0 la prova o b\u00e9 fer 18 anys durant l&#8217;any natural de la prova i posseir la titulaci\u00f3 d&#8217;un CF de Grau Mitj\u00e0 del mateix grup d&#8217;itineraris.<\/li>\n<li>Les classes comencen el&hellip;  <a href=\"https:\/\/agora.xtec.cat\/cfa-barbera\/oferta-formativa\/proves-dacces\/\" title=\"Read PREPARACI\u00d3 PROVES D&#8217;ACC\u00c9S\">Llegeix m\u00e9s\u00bb<\/a><br \/>\n","protected":false},"author":1,"featured_media":0,"parent":468,"menu_order":40,"comment_status":"closed","ping_status":"closed","template":"page-templates\/side-menu.php","meta":{"_bbp_topic_count":0,"_bbp_reply_count":0,"_bbp_total_topic_count":0,"_bbp_total_reply_count":0,"_bbp_voice_count":0,"_bbp_anonymous_reply_count":0,"_bbp_topic_count_hidden":0,"_bbp_reply_count_hidden":0,"_bbp_forum_subforum_count":0,"footnotes":""},"class_list":["post-490","page","type-page","status-publish","hentry"],"post_mailing_queue_ids":[],"_links":{"self":[{"href":"https:\/\/agora.xtec.cat\/cfa-barbera\/wp-json\/wp\/v2\/pages\/490","targetHints":{"allow":["GET"]}}],"collection":[{"href":"https:\/\/agora.xtec.cat\/cfa-barbera\/wp-json\/wp\/v2\/pages"}],"about":[{"href":"https:\/\/agora.xtec.cat\/cfa-barbera\/wp-json\/wp\/v2\/types\/page"}],"author":[{"embeddable":true,"href":"https:\/\/agora.xtec.cat\/cfa-barbera\/wp-json\/wp\/v2\/users\/1"}],"replies":[{"embeddable":true,"href":"https:\/\/agora.xtec.cat\/cfa-barbera\/wp-json\/wp\/v2\/comments?post=490"}],"version-history":[{"count":3,"href":"https:\/\/agora.xtec.cat\/cfa-barbera\/wp-json\/wp\/v2\/pages\/490\/revisions"}],"predecessor-version":[{"id":1835,"href":"https:\/\/agora.xtec.cat\/cfa-barbera\/wp-json\/wp\/v2\/pages\/490\/revisions\/1835"}],"up":[{"embeddable":true,"href":"https:\/\/agora.xtec.cat\/cfa-barbera\/wp-json\/wp\/v2\/pages\/468"}],"wp:attachment":[{"href":"https:\/\/agora.xtec.cat\/cfa-barbera\/wp-json\/wp\/v2\/media?parent=490"}],"curies":[{"name":"wp","href":"https:\/\/api.w.org\/{rel}","templated":true}]}}