{"id":2738,"date":"2024-02-16T12:22:27","date_gmt":"2024-02-16T11:22:27","guid":{"rendered":"https:\/\/agora.xtec.cat\/cfa-barbera\/?page_id=2738"},"modified":"2026-03-26T09:42:32","modified_gmt":"2026-03-26T08:42:32","slug":"qui-som","status":"publish","type":"page","link":"https:\/\/agora.xtec.cat\/cfa-barbera\/el-centre\/qui-som\/","title":{"rendered":"Qui som?"},"content":{"rendered":"<div class=\"titulo\">\n<h4><span style=\"color: #000080;\"><strong>DIRECCI\u00d3 I COORDINACI\u00d3<\/strong><\/span><\/h4>\n<\/div>\n<div class=\"equip\">\n<p><strong> Direcci\u00f3: <\/strong> Marta Albiac Camp\u00e0<\/p>\n<p><strong> Cap d&#8217;estudis: <\/strong> Mercedes Trigas Rodriguez<\/p>\n<p><strong> Secretari: <\/strong>\u00a0Albert Farr\u00e0s Miron<\/p>\n<p>&nbsp;<\/p>\n<p><strong> Coordinadora d&#8217;ensenyaments inicials: <\/strong> \u00c0ngels Arcas Torres<\/p>\n<p><strong> Coordinador d&#8217;ensenyaments b\u00e0sics: <\/strong> Joan Gonz\u00e1lez Leyva<\/p>\n<p><strong> Coordinadora de proves d&#8217;acc\u00e9s: <\/strong> Mar Franc\u00e8s Dom\u00e8nech<\/p>\n<p><strong> Coordinador de compet\u00e8ncies societat de la informaci\u00f3: <\/strong>\u00a0Miguel A. Mart\u00ednez<\/p>\n<p><strong>Coordinador de coeducaci\u00f3, conviv\u00e8ncia i benestar: <\/strong> Lloren\u00e7 Mart\u00ed Colomer<\/p>\n<p><strong>PAS:<\/strong> Ma. Jos\u00e9 Mu\u00f1oz<\/p>\n<\/div>\n<p>&nbsp;<\/p>\n<div class=\"titulo\">\n<h4><span style=\"color: #000080;\"><strong>ENSENYAMENTS<\/strong><\/span><\/h4>\n<\/div>\n<div class=\"equip\">\n<p><strong> Instrumental:<\/strong> \u00c0ngels Arcas Torres, Lloren\u00e7 Mart\u00ed Colomer, Joan Gonz\u00e1lez Leyva<\/p>\n<p><strong> Castell\u00e0:\u00a0 <\/strong>\u00c0ngels Arcas Torres, Miguel \u00c1ngel Mart\u00ednez Castilla, Albert Farras Mir\u00f3n<\/p>\n<p><strong>GESO:<\/strong>\u00a0 Lloren\u00e7 Mart\u00ed Colomer, \u00c0ngels Arcas Torres, Joan Gonz\u00e1lez Leyva, Mar Franc\u00e8s Dom\u00e8nech, Mercedes Trigas Rodriguez, Albert Farras Mir\u00f3n, Jes\u00fas Esteban Delgado<\/p>\n<p><strong>COMPETIC:\u00a0<\/strong> Jes\u00fas Esteban Delgado, Miguel \u00c1ngel Mart\u00ednez Castilla<\/p>\n<p><strong>Franc\u00e8s:<\/strong>\u00a0 Raquel Edo Capilla<\/p>\n<p><strong>Angl\u00e8s<\/strong>:\u00a0 Mar Franc\u00e8s Dom\u00e8nech, Mercedes Trigas Rodriguez, Lloren\u00e7 Mart\u00ed Colomer, Marta Albiac Camp\u00e0<\/p>\n<p><strong>GS:<\/strong>\u00a0 Mar Franc\u00e8s Dom\u00e8nech, Marta Albiac Camp\u00e0, Jes\u00fas Esteban Delgado, Albert Farras Mir\u00f3n<\/p>\n<p><strong>PAAU &gt;25<\/strong>: Mar Franc\u00e8s Dom\u00e8nech, Marta Albiac Camp\u00e0, Joan Gonz\u00e1lez Leyva, Jes\u00fas Esteban Delgado, Albert Farras Mir\u00f3n<\/p>\n<p>&nbsp;<\/p>\n<p>&nbsp;<\/p>\n<\/div>\n","protected":false},"excerpt":{"rendered":"<p>DIRECCI\u00d3 I COORDINACI\u00d3<\/p>\n<p> Direcci\u00f3:  Marta Albiac Camp\u00e0<br \/>\n Cap d&#8217;estudis:  Mercedes Trigas Rodriguez<br \/>\n Secretari: \u00a0Albert Farr\u00e0s Miron<br \/>\n&nbsp;<br \/>\n Coordinadora d&#8217;ensenyaments inicials:  \u00c0ngels Arcas Torres<br \/>\n Coordinador d&#8217;ensenyaments b\u00e0sics:  Joan Gonz\u00e1lez Leyva<br \/>\n Coordinadora de proves d&#8217;acc\u00e9s:  Mar Franc\u00e8s Dom\u00e8nech<br \/>\n Coordinador de compet\u00e8ncies societat de&hellip;  <a href=\"https:\/\/agora.xtec.cat\/cfa-barbera\/el-centre\/qui-som\/\" title=\"Read Qui som?\">Llegeix m\u00e9s\u00bb<\/a><\/p>\n","protected":false},"author":1,"featured_media":0,"parent":261,"menu_order":10,"comment_status":"closed","ping_status":"closed","template":"","meta":{"_bbp_topic_count":0,"_bbp_reply_count":0,"_bbp_total_topic_count":0,"_bbp_total_reply_count":0,"_bbp_voice_count":0,"_bbp_anonymous_reply_count":0,"_bbp_topic_count_hidden":0,"_bbp_reply_count_hidden":0,"_bbp_forum_subforum_count":0,"footnotes":""},"class_list":["post-2738","page","type-page","status-publish","hentry"],"post_mailing_queue_ids":[],"_links":{"self":[{"href":"https:\/\/agora.xtec.cat\/cfa-barbera\/wp-json\/wp\/v2\/pages\/2738","targetHints":{"allow":["GET"]}}],"collection":[{"href":"https:\/\/agora.xtec.cat\/cfa-barbera\/wp-json\/wp\/v2\/pages"}],"about":[{"href":"https:\/\/agora.xtec.cat\/cfa-barbera\/wp-json\/wp\/v2\/types\/page"}],"author":[{"embeddable":true,"href":"https:\/\/agora.xtec.cat\/cfa-barbera\/wp-json\/wp\/v2\/users\/1"}],"replies":[{"embeddable":true,"href":"https:\/\/agora.xtec.cat\/cfa-barbera\/wp-json\/wp\/v2\/comments?post=2738"}],"version-history":[{"count":6,"href":"https:\/\/agora.xtec.cat\/cfa-barbera\/wp-json\/wp\/v2\/pages\/2738\/revisions"}],"predecessor-version":[{"id":4302,"href":"https:\/\/agora.xtec.cat\/cfa-barbera\/wp-json\/wp\/v2\/pages\/2738\/revisions\/4302"}],"up":[{"embeddable":true,"href":"https:\/\/agora.xtec.cat\/cfa-barbera\/wp-json\/wp\/v2\/pages\/261"}],"wp:attachment":[{"href":"https:\/\/agora.xtec.cat\/cfa-barbera\/wp-json\/wp\/v2\/media?parent=2738"}],"curies":[{"name":"wp","href":"https:\/\/api.w.org\/{rel}","templated":true}]}}