{"id":1874,"date":"2022-07-01T11:43:27","date_gmt":"2022-07-01T09:43:27","guid":{"rendered":"https:\/\/agora.xtec.cat\/cfa-barbera\/?page_id=1874"},"modified":"2024-05-24T08:51:35","modified_gmt":"2024-05-24T06:51:35","slug":"matricula_curs_2022-23","status":"publish","type":"page","link":"https:\/\/agora.xtec.cat\/cfa-barbera\/matricula_curs_2022-23\/","title":{"rendered":"MATR\u00cdCULA CURS 2024-25"},"content":{"rendered":"<p><strong>Del 2 al 9 de setembre de 2022: matriculaci\u00f3<\/strong><\/p>\n<p>Un cop publicada la llista definitiva d&#8217;alumnes admesos al CFA Barber\u00e0, comen\u00e7a el per\u00edode de matriculaci\u00f3 dels alumnes preinscrits amb pla\u00e7a assignada.<\/p>\n<p>El per\u00edode de matr\u00edcula establert \u00e9s <strong>del 2 al 9 de setembre de 2022<\/strong> de manera <em>online<\/em>.<\/p>\n","protected":false},"excerpt":{"rendered":"<p>Del 2 al 9 de setembre de 2022: matriculaci\u00f3<br \/>\nUn cop publicada la llista definitiva d&#8217;alumnes admesos al CFA Barber\u00e0, comen\u00e7a el per\u00edode de matriculaci\u00f3 dels alumnes preinscrits amb pla\u00e7a assignada.<br \/>\nEl per\u00edode de matr\u00edcula establert \u00e9s del 2 al 9 de setembre de 2022 de manera&hellip;  <a href=\"https:\/\/agora.xtec.cat\/cfa-barbera\/matricula_curs_2022-23\/\" title=\"Read MATR\u00cdCULA CURS 2024-25\">Llegeix m\u00e9s\u00bb<\/a><\/p>\n","protected":false},"author":1,"featured_media":0,"parent":0,"menu_order":0,"comment_status":"closed","ping_status":"closed","template":"","meta":{"_bbp_topic_count":0,"_bbp_reply_count":0,"_bbp_total_topic_count":0,"_bbp_total_reply_count":0,"_bbp_voice_count":0,"_bbp_anonymous_reply_count":0,"_bbp_topic_count_hidden":0,"_bbp_reply_count_hidden":0,"_bbp_forum_subforum_count":0,"footnotes":""},"class_list":["post-1874","page","type-page","status-publish","hentry"],"post_mailing_queue_ids":[],"_links":{"self":[{"href":"https:\/\/agora.xtec.cat\/cfa-barbera\/wp-json\/wp\/v2\/pages\/1874","targetHints":{"allow":["GET"]}}],"collection":[{"href":"https:\/\/agora.xtec.cat\/cfa-barbera\/wp-json\/wp\/v2\/pages"}],"about":[{"href":"https:\/\/agora.xtec.cat\/cfa-barbera\/wp-json\/wp\/v2\/types\/page"}],"author":[{"embeddable":true,"href":"https:\/\/agora.xtec.cat\/cfa-barbera\/wp-json\/wp\/v2\/users\/1"}],"replies":[{"embeddable":true,"href":"https:\/\/agora.xtec.cat\/cfa-barbera\/wp-json\/wp\/v2\/comments?post=1874"}],"version-history":[{"count":4,"href":"https:\/\/agora.xtec.cat\/cfa-barbera\/wp-json\/wp\/v2\/pages\/1874\/revisions"}],"predecessor-version":[{"id":3198,"href":"https:\/\/agora.xtec.cat\/cfa-barbera\/wp-json\/wp\/v2\/pages\/1874\/revisions\/3198"}],"wp:attachment":[{"href":"https:\/\/agora.xtec.cat\/cfa-barbera\/wp-json\/wp\/v2\/media?parent=1874"}],"curies":[{"name":"wp","href":"https:\/\/api.w.org\/{rel}","templated":true}]}}