{"id":1046,"date":"2018-05-08T15:58:55","date_gmt":"2018-05-08T13:58:55","guid":{"rendered":"http:\/\/agora.xtec.cat\/cfa-barbera\/?page_id=1046"},"modified":"2018-05-11T14:35:53","modified_gmt":"2018-05-11T12:35:53","slug":"mobilitat-leeds-juliol-2018","status":"publish","type":"page","link":"https:\/\/agora.xtec.cat\/cfa-barbera\/erasmus\/mobilitat-leeds-juliol-2018\/","title":{"rendered":"Mobilitat Leeds &#8211; Juliol 2017"},"content":{"rendered":"<h5>\u00a0El dia 31 de Juliol comen\u00e7a el curs : &#8221;\u00a0English for Teachers\u00a0&#8221; , a la ciutat de Leeds .<\/h5>\n<p style=\"font-size: 14px; line-height: 21px; margin-top: 5px; margin-bottom: 16px; text-align: justify;\">Leeds \u00e9s un municipi del Regne Unit del comtat de Yorkshire, al nord d\u2019Anglaterra.El nom Leeds prov\u00e9 de Loidis, d&#8217;origen celta.<br \/>\nLeeds va comen\u00e7ar sent una vila amb mercat agr\u00edcola a l&#8217;edat mitjana i reb\u00e9 la primera carta de privilegis el 1207. A l&#8217;\u00e8poca Tudor Leeds era principalment una vila mercadera, que produ\u00efa teixits de llana i negociava amb Europa a trav\u00e9s del delta de l&#8217;Humber i el port de Kingston upon Hull. La poblaci\u00f3 cresqu\u00e9 dels 10.000 al final del segle XVII als 30.000 habitants al final del segle XVIII. Va haver un moment en qu\u00e8, gaireb\u00e9 la meitat de les exportacions angleses passaven per Leeds. La revoluci\u00f3 industrial havia produ\u00eft un creixement radical i la poblaci\u00f3 atenyia m\u00e9s de 150.000 habitants el 1840. La pujada econ\u00f2mica de la ciutat fou engegada per la construcci\u00f3 d&#8217;una xarxa navegable del riu Aire que enlla\u00e7ava mitjan\u00e7ant el canal Aire &amp; Calder Navigation el 1699, amb el canal de Leeds i Liverpool el 1816. El ferrocarril va arribar a Leeds el 1848.<br \/>\nEl 1893 Leeds va rebre la categoria de ciutat. Les ind\u00fastries desenvolupades a la revoluci\u00f3 industrial inclogueren el fer, maquin\u00e0ria per a refinar la llana, eines mecanitzades, motors de vapor a m\u00e9s de les ind\u00fastries basades en els teixits, qu\u00edmiques, cuir i cer\u00e0mica. Tamb\u00e9 s&#8217;extreia carb\u00f3 a l&#8217;engr\u00f2s. El Middleton Railway, la primera xarxa ferrovi\u00e0ria comercial al m\u00f3n, aportava el carb\u00f3 de les mines de Middleton.<br \/>\nAl segle XX comen\u00e7aren a apar\u00e8ixer institucions acad\u00e8miques de pes, la Universitat de Leeds, la Universitat Metropolitana de Leeds i Leeds Trinity &amp; All Saints. Tamb\u00e9 fou \u00e8poca d&#8217;aven\u00e7os m\u00e8dics, tal com l&#8217;hospital Leeds General Infirmary i St James&#8217;s University Hospital. Despr\u00e9s de la segona guerra mundial va comen\u00e7ar l&#8217;oc\u00e0s de les ind\u00fastries secund\u00e0ries.<br \/>\nAvui dia Leeds \u00e9s conegut com a una de les vuit ciutats principals, les que actuen com a focus en les seues respectives regions la ciutat m\u00e9s important de l&#8217;oest de Yorkshire, i la m\u00e9s important de Yorkshire.<\/p>\n<p>&nbsp;<\/p>\n<p style=\"text-align: center;\">llllllllllllllllllllllllllllllllllllllllllllllllllllllllllllllllllllllllllllllllllllllllllllllllllllllllllllllllllllllllllllllllllllllllllllllllllllllllllllllllllllllllllllllllllllllllllllllllllllllllllllllllllllllllllllllllllllllllllllllllllll<\/p>\n<p style=\"text-align: left;\"><strong>\u00a0M\u00c9S INFORMACI\u00d3\u00a0 A :<\/strong><\/p>\n<p style=\"text-align: center;\"><a href=\"https:\/\/www.visitbritain.com\/gb\/en\/england\/northern-england\/leeds#PPXzjMvJXuBSIV6W.97\" target=\"_blank\" rel=\"noopener noreferrer\"><img loading=\"lazy\" decoding=\"async\" class=\"alignnone size-full wp-image-1223\" src=\"http:\/\/agora.xtec.cat\/cfa-barbera\/wp-content\/uploads\/usu1348\/2018\/05\/button_leeds.png\" alt=\"\" width=\"195\" height=\"69\" \/><\/a>\u00a0 \u00a0 \u00a0 \u00a0 \u00a0 \u00a0 \u00a0 \u00a0 \u00a0 \u00a0 \u00a0 \u00a0 \u00a0 \u00a0 \u00a0 \u00a0 \u00a0 \u00a0 \u00a0 \u00a0 \u00a0 \u00a0 \u00a0 \u00a0 \u00a0 \u00a0 \u00a0 \u00a0 \u00a0 \u00a0 \u00a0 \u00a0\u00a0<a href=\"https:\/\/www.visitleeds.co.uk\/\" target=\"_blank\" rel=\"noopener noreferrer\"><img loading=\"lazy\" decoding=\"async\" class=\"alignnone size-full wp-image-1225\" src=\"http:\/\/agora.xtec.cat\/cfa-barbera\/wp-content\/uploads\/usu1348\/2018\/05\/button_visit-leeds.png\" alt=\"\" width=\"320\" height=\"69\" srcset=\"https:\/\/agora.xtec.cat\/cfa-barbera\/wp-content\/uploads\/usu1348\/2018\/05\/button_visit-leeds.png 320w, https:\/\/agora.xtec.cat\/cfa-barbera\/wp-content\/uploads\/usu1348\/2018\/05\/button_visit-leeds-300x65.png 300w\" sizes=\"auto, (max-width: 320px) 100vw, 320px\" \/><\/a><\/p>\n","protected":false},"excerpt":{"rendered":"<p>\u00a0El dia 31 de Juliol comen\u00e7a el curs : &#8221;\u00a0English for Teachers\u00a0&#8221; , a la ciutat de Leeds .<br \/>\nLeeds \u00e9s un municipi del Regne Unit del comtat de Yorkshire, al nord d\u2019Anglaterra.El nom Leeds prov\u00e9 de Loidis, d&#8217;origen celta.<br \/>\nLeeds va comen\u00e7ar sent una vila amb&hellip;  <a href=\"https:\/\/agora.xtec.cat\/cfa-barbera\/erasmus\/mobilitat-leeds-juliol-2018\/\" title=\"Read Mobilitat Leeds &#8211; Juliol 2017\">Llegeix m\u00e9s\u00bb<\/a><\/p>\n","protected":false},"author":1,"featured_media":0,"parent":1017,"menu_order":50,"comment_status":"closed","ping_status":"closed","template":"page-templates\/side-menu.php","meta":{"_bbp_topic_count":0,"_bbp_reply_count":0,"_bbp_total_topic_count":0,"_bbp_total_reply_count":0,"_bbp_voice_count":0,"_bbp_anonymous_reply_count":0,"_bbp_topic_count_hidden":0,"_bbp_reply_count_hidden":0,"_bbp_forum_subforum_count":0,"footnotes":""},"class_list":["post-1046","page","type-page","status-publish","hentry"],"post_mailing_queue_ids":[],"_links":{"self":[{"href":"https:\/\/agora.xtec.cat\/cfa-barbera\/wp-json\/wp\/v2\/pages\/1046","targetHints":{"allow":["GET"]}}],"collection":[{"href":"https:\/\/agora.xtec.cat\/cfa-barbera\/wp-json\/wp\/v2\/pages"}],"about":[{"href":"https:\/\/agora.xtec.cat\/cfa-barbera\/wp-json\/wp\/v2\/types\/page"}],"author":[{"embeddable":true,"href":"https:\/\/agora.xtec.cat\/cfa-barbera\/wp-json\/wp\/v2\/users\/1"}],"replies":[{"embeddable":true,"href":"https:\/\/agora.xtec.cat\/cfa-barbera\/wp-json\/wp\/v2\/comments?post=1046"}],"version-history":[{"count":4,"href":"https:\/\/agora.xtec.cat\/cfa-barbera\/wp-json\/wp\/v2\/pages\/1046\/revisions"}],"predecessor-version":[{"id":1234,"href":"https:\/\/agora.xtec.cat\/cfa-barbera\/wp-json\/wp\/v2\/pages\/1046\/revisions\/1234"}],"up":[{"embeddable":true,"href":"https:\/\/agora.xtec.cat\/cfa-barbera\/wp-json\/wp\/v2\/pages\/1017"}],"wp:attachment":[{"href":"https:\/\/agora.xtec.cat\/cfa-barbera\/wp-json\/wp\/v2\/media?parent=1046"}],"curies":[{"name":"wp","href":"https:\/\/api.w.org\/{rel}","templated":true}]}}