{"id":1027,"date":"2016-06-22T16:14:45","date_gmt":"2016-06-22T14:14:45","guid":{"rendered":"http:\/\/agora.xtec.cat\/cfa-barbera\/?page_id=1027"},"modified":"2018-05-25T14:05:15","modified_gmt":"2018-05-25T12:05:15","slug":"iii-encuentro-de-proyectos-erasmus-en-cadiz","status":"publish","type":"page","link":"https:\/\/agora.xtec.cat\/cfa-barbera\/erasmus\/iii-encuentro-de-proyectos-erasmus-en-cadiz\/","title":{"rendered":"III ENCUENTRO DE PROYECTOS ERASMUS + EN C\u00c1DIZ"},"content":{"rendered":"<p align=\"justify\"><span lang=\"es-ES\">Los d\u00edas 20 y 21 de junio\u00a0 de 2016 se celebr\u00f3 en C\u00e1diz el tercer Encuentro Nacional de Movilidad para el aprendizaje del personal de educaci\u00f3n escolar (KA 101) y del personal para la educaci\u00f3n de personas adultas ( KA 104) donde se enmarca el proyecto que nuestra escuela va a llevar a cabo: \u201cMejora del ingl\u00e9s e implementaci\u00f3n del franc\u00e9s en CFA Barber\u00e0 \u201c.<\/span><\/p>\n<p align=\"justify\"><span lang=\"es-ES\">Durante la primera jornada se habl\u00f3 del objetivo final de la realizaci\u00f3n de un proyecto ERASMUS +: la internacionalizaci\u00f3n del centro; adem\u00e1s del impacto que tendr\u00e1 en los alumnos y en la instituci\u00f3n se pretende que la difusi\u00f3n de los resultados haga posible un intercambio de pr\u00e1cticas educativas entre diferentes pa\u00edses.<\/span><\/p>\n<p align=\"justify\"><span lang=\"es-ES\">Hubo una informaci\u00f3n exhaustiva sobre los aspectos a tener en cuenta para gestionar el proyecto;\u00a0a continuaci\u00f3n se crearon grupos de trabajo para discutir sobre aspectos clave del proyecto y finalmente, nos propusieron una visita guiada por C\u00e1diz<\/span><\/p>\n<p align=\"justify\"><span lang=\"es-ES\">La segunda jornada comenz\u00f3 con la presentaci\u00f3n de los controles aplicables a los proyectos y se nos ofreci\u00f3 una amplia informaci\u00f3n sobre las plataformas Erasmus+ que nos permitir\u00e1n la difusi\u00f3n y visibilidad de nuestro proyecto. Tambi\u00e9n dieron a conocer otras iniciativas de apoyo entre las que destaca EPALE, dedicada exclusivamente a la educaci\u00f3n de Personas Adultas, donde podemos encontrar Centros de Recursos,\u00a0ayudas para Centros de Formaci\u00f3n de Adultos, blogs, socios para posibles intercambios, etc.<\/span><\/p>\n<p align=\"justify\"><span lang=\"es-ES\">Las jornadas terminaron con las conclusiones de los grupos de trabajo y con la resoluci\u00f3n de dudas por parte de los ponentes.<\/span><\/p>\n<p align=\"justify\"><span lang=\"es-ES\">Este encuentro ha sido muy interesante porque adem\u00e1s de la informaci\u00f3n recibida, ha permitido el intercambio de experiencias entre centros que presentan proyectos Erasmus+ en toda Espa\u00f1a.<\/span><\/p>\n<p>Asistencia a las Jornadas Informativas del Proyecto Erasmus+ en C\u00e1diz<\/p>\n<p><a href=\"https:\/\/www.flickr.com\/gp\/158107144@N08\/9o0Ba7\"><img loading=\"lazy\" decoding=\"async\" class=\"aligncenter size-full wp-image-1375\" src=\"http:\/\/agora.xtec.cat\/cfa-barbera\/wp-content\/uploads\/usu1348\/2016\/06\/button_fotos-curso-cadiz.png\" alt=\"\" width=\"364\" height=\"54\" srcset=\"https:\/\/agora.xtec.cat\/cfa-barbera\/wp-content\/uploads\/usu1348\/2016\/06\/button_fotos-curso-cadiz.png 364w, https:\/\/agora.xtec.cat\/cfa-barbera\/wp-content\/uploads\/usu1348\/2016\/06\/button_fotos-curso-cadiz-300x45.png 300w\" sizes=\"auto, (max-width: 364px) 100vw, 364px\" \/><\/a><\/p>\n<p>&nbsp;<\/p>\n<p>&nbsp;<\/p>\n","protected":false},"excerpt":{"rendered":"<p>Los d\u00edas 20 y 21 de junio\u00a0 de 2016 se celebr\u00f3 en C\u00e1diz el tercer Encuentro Nacional de Movilidad para el aprendizaje del personal de educaci\u00f3n escolar (KA 101) y del personal para la educaci\u00f3n de personas adultas ( KA 104) donde se enmarca el&hellip;  <a href=\"https:\/\/agora.xtec.cat\/cfa-barbera\/erasmus\/iii-encuentro-de-proyectos-erasmus-en-cadiz\/\" title=\"Read III ENCUENTRO DE PROYECTOS ERASMUS + EN C\u00c1DIZ\">Llegeix m\u00e9s\u00bb<\/a><\/p>\n","protected":false},"author":1,"featured_media":0,"parent":1017,"menu_order":20,"comment_status":"closed","ping_status":"closed","template":"page-templates\/side-menu.php","meta":{"_bbp_topic_count":0,"_bbp_reply_count":0,"_bbp_total_topic_count":0,"_bbp_total_reply_count":0,"_bbp_voice_count":0,"_bbp_anonymous_reply_count":0,"_bbp_topic_count_hidden":0,"_bbp_reply_count_hidden":0,"_bbp_forum_subforum_count":0,"footnotes":""},"class_list":["post-1027","page","type-page","status-publish","hentry"],"post_mailing_queue_ids":[],"_links":{"self":[{"href":"https:\/\/agora.xtec.cat\/cfa-barbera\/wp-json\/wp\/v2\/pages\/1027","targetHints":{"allow":["GET"]}}],"collection":[{"href":"https:\/\/agora.xtec.cat\/cfa-barbera\/wp-json\/wp\/v2\/pages"}],"about":[{"href":"https:\/\/agora.xtec.cat\/cfa-barbera\/wp-json\/wp\/v2\/types\/page"}],"author":[{"embeddable":true,"href":"https:\/\/agora.xtec.cat\/cfa-barbera\/wp-json\/wp\/v2\/users\/1"}],"replies":[{"embeddable":true,"href":"https:\/\/agora.xtec.cat\/cfa-barbera\/wp-json\/wp\/v2\/comments?post=1027"}],"version-history":[{"count":4,"href":"https:\/\/agora.xtec.cat\/cfa-barbera\/wp-json\/wp\/v2\/pages\/1027\/revisions"}],"predecessor-version":[{"id":1379,"href":"https:\/\/agora.xtec.cat\/cfa-barbera\/wp-json\/wp\/v2\/pages\/1027\/revisions\/1379"}],"up":[{"embeddable":true,"href":"https:\/\/agora.xtec.cat\/cfa-barbera\/wp-json\/wp\/v2\/pages\/1017"}],"wp:attachment":[{"href":"https:\/\/agora.xtec.cat\/cfa-barbera\/wp-json\/wp\/v2\/media?parent=1027"}],"curies":[{"name":"wp","href":"https:\/\/api.w.org\/{rel}","templated":true}]}}