{"id":972,"date":"2020-05-16T17:11:02","date_gmt":"2020-05-16T15:11:02","guid":{"rendered":"https:\/\/agora.xtec.cat\/cfa-anoia\/?page_id=972"},"modified":"2026-01-16T17:31:29","modified_gmt":"2026-01-16T16:31:29","slug":"competic-2","status":"publish","type":"page","link":"https:\/\/agora.xtec.cat\/cfa-anoia\/ensenyaments\/ensenyaments-transprofessionals\/competic-2\/","title":{"rendered":"Compet\u00e8ncia digital COMPETIC 2"},"content":{"rendered":"<p>Els ensenyaments d&#8217;inform\u00e0tica tenen com objectiu facilitar l&#8217;adquisici\u00f3 de la compet\u00e8ncia digital, entesa com la combinaci\u00f3 de coneixements, habilitats i actituds en l&#8217;\u00e0mbit de les tecnologies de la informaci\u00f3 i la comunicaci\u00f3 (TIC) per desenvolupar-se en la societat actual.<\/p>\n<p>Al <strong>CFA ANOIA <\/strong>s&#8217;imparteix el <strong>COMPETIC 2<\/strong> (equival al certificat de <strong>nivell mitj\u00e0 de l&#8217;ACTIC), <\/strong>certificat que pot computar com a m\u00e8rit en els processos selectius a l&#8217;Administraci\u00f3 p\u00fablica i que demostra coneixement de les tecnologies de la informaci\u00f3 i de la comunicaci\u00f3 a l&#8217;hora de buscar feina.<\/p>\n<p>Les compet\u00e8ncies que\u00a0s\u2019hi treballen s\u00f3n les seg\u00fcents:<\/p>\n<table>\n<tbody>\n<tr>\n<td>C1: Cultura, participaci\u00f3 i civisme digital.<\/td>\n<\/tr>\n<tr>\n<td>C2: Tecnologia digital, \u00fas de l\u2019ordinador i del sistema operatiu.<\/td>\n<\/tr>\n<tr>\n<td>C3: Navegaci\u00f3 i comunicaci\u00f3 en el m\u00f3n digital.<\/td>\n<\/tr>\n<tr>\n<td>C4: Tractament de la informaci\u00f3 escrita.<\/td>\n<\/tr>\n<tr>\n<td>C5: Tractament de la informaci\u00f3 gr\u00e0fica, sonora i de la imatge en moviment.<\/td>\n<\/tr>\n<tr>\n<td>C6: Tractament de la informaci\u00f3 num\u00e8rica.<\/td>\n<\/tr>\n<tr>\n<td>C7: Tractament de les dades.<\/td>\n<\/tr>\n<tr>\n<td>C8: Presentaci\u00f3 de continguts.<\/td>\n<\/tr>\n<\/tbody>\n<\/table>\n<p><span lang=\"CA\">El nivell de COMPETIC 2 t\u00e9 una durada de 140 hores (4 hores setmanals). Cal distribuir-les de forma equitativa entre les vuit compet\u00e8ncies que s\u2019hi treballen.\u00a0<\/span>Aix\u00f2 vol dir que s\u2019ha de procurar que al llarg del curs cal treballar tots els continguts assenyalats al curr\u00edculum per a cada compet\u00e8ncia de\u00a0forma proporcional, ja que el treball espec\u00edfic de les compet\u00e8ncies C4, C5, C6, C7 i C8 a COMPETIC 3 est\u00e0 basat en el domini que s\u2019assoleix amb la superaci\u00f3 d\u2019aquest nivell.<\/p>\n<p>Podeu trobar m\u00e9s informaci\u00f3 sobre com fem aquest curs a la nostra escola clicant en el seg\u00fcent enlla\u00e7:<strong><a href=\"https:\/\/agora.xtec.cat\/cfa-anoia\/contacte\/\"> Informaci\u00f3 COMPETIC 2.<\/a><\/strong><\/p>\n<p>&nbsp;<\/p>\n<p>&nbsp;<\/p>\n","protected":false},"excerpt":{"rendered":"<p>Els ensenyaments d&#8217;inform\u00e0tica tenen com objectiu facilitar l&#8217;adquisici\u00f3 de la compet\u00e8ncia digital, entesa com la combinaci\u00f3 de coneixements, habilitats i actituds en l&#8217;\u00e0mbit de les tecnologies de la informaci\u00f3 i la comunicaci\u00f3 (TIC) per desenvolupar-se en la societat actual.<br \/>\nAl CFA ANOIA s&#8217;imparteix el COMPETIC 2&hellip;  <a href=\"https:\/\/agora.xtec.cat\/cfa-anoia\/ensenyaments\/ensenyaments-transprofessionals\/competic-2\/\" title=\"Read Compet\u00e8ncia digital COMPETIC 2\">Llegeix m\u00e9s\u00bb<\/a><\/p>\n","protected":false},"author":1,"featured_media":0,"parent":286,"menu_order":0,"comment_status":"closed","ping_status":"closed","template":"","meta":{"_bbp_topic_count":0,"_bbp_reply_count":0,"_bbp_total_topic_count":0,"_bbp_total_reply_count":0,"_bbp_voice_count":0,"_bbp_anonymous_reply_count":0,"_bbp_topic_count_hidden":0,"_bbp_reply_count_hidden":0,"_bbp_forum_subforum_count":0,"footnotes":""},"class_list":["post-972","page","type-page","status-publish","hentry"],"post_mailing_queue_ids":[],"_links":{"self":[{"href":"https:\/\/agora.xtec.cat\/cfa-anoia\/wp-json\/wp\/v2\/pages\/972","targetHints":{"allow":["GET"]}}],"collection":[{"href":"https:\/\/agora.xtec.cat\/cfa-anoia\/wp-json\/wp\/v2\/pages"}],"about":[{"href":"https:\/\/agora.xtec.cat\/cfa-anoia\/wp-json\/wp\/v2\/types\/page"}],"author":[{"embeddable":true,"href":"https:\/\/agora.xtec.cat\/cfa-anoia\/wp-json\/wp\/v2\/users\/1"}],"replies":[{"embeddable":true,"href":"https:\/\/agora.xtec.cat\/cfa-anoia\/wp-json\/wp\/v2\/comments?post=972"}],"version-history":[{"count":7,"href":"https:\/\/agora.xtec.cat\/cfa-anoia\/wp-json\/wp\/v2\/pages\/972\/revisions"}],"predecessor-version":[{"id":2907,"href":"https:\/\/agora.xtec.cat\/cfa-anoia\/wp-json\/wp\/v2\/pages\/972\/revisions\/2907"}],"up":[{"embeddable":true,"href":"https:\/\/agora.xtec.cat\/cfa-anoia\/wp-json\/wp\/v2\/pages\/286"}],"wp:attachment":[{"href":"https:\/\/agora.xtec.cat\/cfa-anoia\/wp-json\/wp\/v2\/media?parent=972"}],"curies":[{"name":"wp","href":"https:\/\/api.w.org\/{rel}","templated":true}]}}