{"id":7,"date":"2014-09-12T10:14:31","date_gmt":"2014-09-12T10:14:31","guid":{"rendered":"http:\/\/agora.xtec.cat\/cfa-anoia\/?page_id=7"},"modified":"2021-03-01T18:34:32","modified_gmt":"2021-03-01T17:34:32","slug":"pagines-dinici","status":"publish","type":"page","link":"https:\/\/agora.xtec.cat\/cfa-anoia\/pagines-dinici\/","title":{"rendered":"+ INFORMACI\u00d3"},"content":{"rendered":"<p>Si voleu saber m\u00e9s informaci\u00f3 sobre els Centres de Formaci\u00f3 d&#8217;Adults i quines activitats podeu fer, consulteu el seg\u00fcent enlla\u00e7: <a href=\"http:\/\/queestudiar.gencat.cat\/ca\/estudis\/adults\/\">Escola d&#8217;Adults<\/a><\/p>\n<p>O podeu veure el seg\u00fcent v\u00eddeo informatiu:<\/p>\n<!--[if lt IE 9]><script>document.createElement('video');<\/script><![endif]-->\n\t<div class=\"wp-playlist wp-video-playlist wp-playlist-light\">\n\t\t<video controls=\"controls\" preload=\"none\" width=\"640\"\n\t\t height=\"640\"\t><\/video>\n\t<div class=\"wp-playlist-next\"><\/div>\n\t<div class=\"wp-playlist-prev\"><\/div>\n\t<noscript>\n\t<ol>\n\t\t<li><a href='https:\/\/agora.xtec.cat\/cfa-anoia\/wp-content\/uploads\/usu1962\/2021\/03\/V\u00eddeo-informatiu.mp4'>V\u00eddeo informatiu<\/a><\/li>\t<\/ol>\n\t<\/noscript>\n\t<script type=\"application\/json\" class=\"wp-playlist-script\">{\"type\":\"video\",\"tracklist\":true,\"tracknumbers\":true,\"images\":true,\"artists\":true,\"tracks\":[{\"src\":\"https:\\\/\\\/agora.xtec.cat\\\/cfa-anoia\\\/wp-content\\\/uploads\\\/usu1962\\\/2021\\\/03\\\/V\\u00eddeo-informatiu.mp4\",\"type\":\"video\\\/mp4\",\"title\":\"V\\u00eddeo informatiu\",\"caption\":\"\",\"description\":\"\",\"meta\":{\"length_formatted\":\"0:15\"},\"dimensions\":{\"original\":{\"width\":640,\"height\":640},\"resized\":{\"width\":640,\"height\":640}},\"image\":{\"src\":\"https:\\\/\\\/agora.xtec.cat\\\/cfa-anoia\\\/wp-includes\\\/images\\\/media\\\/video.svg\",\"width\":48,\"height\":64},\"thumb\":{\"src\":\"https:\\\/\\\/agora.xtec.cat\\\/cfa-anoia\\\/wp-includes\\\/images\\\/media\\\/video.svg\",\"width\":48,\"height\":64}}]}<\/script>\n<\/div>\n\t\n","protected":false},"excerpt":{"rendered":"<p>Si voleu saber m\u00e9s informaci\u00f3 sobre els Centres de Formaci\u00f3 d&#8217;Adults i quines activitats podeu fer, consulteu el seg\u00fcent enlla\u00e7: <a href=\"http:\/\/queestudiar.gencat.cat\/ca\/estudis\/adults\/\">Escola d&#8217;Adults<\/a><br \/>\nO podeu veure el seg\u00fcent v\u00eddeo informatiu:<\/p>\n<ol>\n<li><a href='https:\/\/agora.xtec.cat\/cfa-anoia\/wp-content\/uploads\/usu1962\/2021\/03\/V\u00eddeo-informatiu.mp4'>V\u00eddeo informatiu<\/a><\/li>\n<\/ol>\n","protected":false},"author":1,"featured_media":0,"parent":0,"menu_order":0,"comment_status":"closed","ping_status":"closed","template":"","meta":{"_bbp_topic_count":0,"_bbp_reply_count":0,"_bbp_total_topic_count":0,"_bbp_total_reply_count":0,"_bbp_voice_count":0,"_bbp_anonymous_reply_count":0,"_bbp_topic_count_hidden":0,"_bbp_reply_count_hidden":0,"_bbp_forum_subforum_count":0,"footnotes":""},"class_list":["post-7","page","type-page","status-publish","hentry"],"post_mailing_queue_ids":[],"_links":{"self":[{"href":"https:\/\/agora.xtec.cat\/cfa-anoia\/wp-json\/wp\/v2\/pages\/7","targetHints":{"allow":["GET"]}}],"collection":[{"href":"https:\/\/agora.xtec.cat\/cfa-anoia\/wp-json\/wp\/v2\/pages"}],"about":[{"href":"https:\/\/agora.xtec.cat\/cfa-anoia\/wp-json\/wp\/v2\/types\/page"}],"author":[{"embeddable":true,"href":"https:\/\/agora.xtec.cat\/cfa-anoia\/wp-json\/wp\/v2\/users\/1"}],"replies":[{"embeddable":true,"href":"https:\/\/agora.xtec.cat\/cfa-anoia\/wp-json\/wp\/v2\/comments?post=7"}],"version-history":[{"count":1,"href":"https:\/\/agora.xtec.cat\/cfa-anoia\/wp-json\/wp\/v2\/pages\/7\/revisions"}],"predecessor-version":[{"id":1548,"href":"https:\/\/agora.xtec.cat\/cfa-anoia\/wp-json\/wp\/v2\/pages\/7\/revisions\/1548"}],"wp:attachment":[{"href":"https:\/\/agora.xtec.cat\/cfa-anoia\/wp-json\/wp\/v2\/media?parent=7"}],"curies":[{"name":"wp","href":"https:\/\/api.w.org\/{rel}","templated":true}]}}