{"id":439,"date":"2019-10-25T17:09:30","date_gmt":"2019-10-25T15:09:30","guid":{"rendered":"https:\/\/agora.xtec.cat\/cfa-anoia\/?page_id=439"},"modified":"2020-01-22T18:44:38","modified_gmt":"2020-01-22T17:44:38","slug":"projecte-educatiu-de-centre-pec","status":"publish","type":"page","link":"https:\/\/agora.xtec.cat\/cfa-anoia\/el-centre\/projecte-educatiu-de-centre-pec\/","title":{"rendered":"Projecte educatiu de centre (PEC)"},"content":{"rendered":"<p><img loading=\"lazy\" decoding=\"async\" class=\" wp-image-593 alignright\" src=\"https:\/\/agora.xtec.cat\/cfa-anoia\/wp-content\/uploads\/usu1962\/2019\/12\/PEC_ICON.png\" alt=\"\" width=\"159\" height=\"159\" srcset=\"https:\/\/agora.xtec.cat\/cfa-anoia\/wp-content\/uploads\/usu1962\/2019\/12\/PEC_ICON.png 200w, https:\/\/agora.xtec.cat\/cfa-anoia\/wp-content\/uploads\/usu1962\/2019\/12\/PEC_ICON-150x150.png 150w\" sizes=\"auto, (max-width: 159px) 100vw, 159px\" \/>El projecte educatiu de centre (PEC) \u00e9s un document que inclou els trets d&#8217;identitat del centre, els principis pedag\u00f2gics, els principis organitzatius i el projecte ling\u00fc\u00edstic.<\/p>\n<p>En aquest document s&#8217;especifiquen els valors, els objectius i les prioritats d&#8217;actuaci\u00f3 del centre, la concreci\u00f3 dels curr\u00edculums que s&#8217;imparteixen i el tractament transversal en les \u00e0rees, mat\u00e8ries o m\u00f2duls de l&#8217;educaci\u00f3 en valors i altres ensenyaments.<\/p>\n<p>Podeu consultar el <strong>PEC<\/strong> del <strong>CFA Anoia<\/strong> si cliqueu sobre el seg\u00fcent enlla\u00e7:<\/p>\n<p><a href=\"https:\/\/agora.xtec.cat\/cfa-anoia\/wp-content\/uploads\/usu1962\/2020\/01\/PEC-CFA-Anoia.pdf\">PEC CFA Anoia<\/a><\/p>\n","protected":false},"excerpt":{"rendered":"<p>El projecte educatiu de centre (PEC) \u00e9s un document que inclou els trets d&#8217;identitat del centre, els principis pedag\u00f2gics, els principis organitzatius i el projecte ling\u00fc\u00edstic.<br \/>\nEn aquest document s&#8217;especifiquen els valors, els objectius i les prioritats d&#8217;actuaci\u00f3 del centre, la concreci\u00f3 dels curr\u00edculums que s&#8217;imparteixen&hellip;  <a href=\"https:\/\/agora.xtec.cat\/cfa-anoia\/el-centre\/projecte-educatiu-de-centre-pec\/\" title=\"Read Projecte educatiu de centre (PEC)\">Llegeix m\u00e9s\u00bb<\/a><\/p>\n","protected":false},"author":1,"featured_media":0,"parent":261,"menu_order":40,"comment_status":"closed","ping_status":"closed","template":"page-templates\/side-menu.php","meta":{"_bbp_topic_count":0,"_bbp_reply_count":0,"_bbp_total_topic_count":0,"_bbp_total_reply_count":0,"_bbp_voice_count":0,"_bbp_anonymous_reply_count":0,"_bbp_topic_count_hidden":0,"_bbp_reply_count_hidden":0,"_bbp_forum_subforum_count":0,"footnotes":""},"class_list":["post-439","page","type-page","status-publish","hentry"],"post_mailing_queue_ids":[],"_links":{"self":[{"href":"https:\/\/agora.xtec.cat\/cfa-anoia\/wp-json\/wp\/v2\/pages\/439","targetHints":{"allow":["GET"]}}],"collection":[{"href":"https:\/\/agora.xtec.cat\/cfa-anoia\/wp-json\/wp\/v2\/pages"}],"about":[{"href":"https:\/\/agora.xtec.cat\/cfa-anoia\/wp-json\/wp\/v2\/types\/page"}],"author":[{"embeddable":true,"href":"https:\/\/agora.xtec.cat\/cfa-anoia\/wp-json\/wp\/v2\/users\/1"}],"replies":[{"embeddable":true,"href":"https:\/\/agora.xtec.cat\/cfa-anoia\/wp-json\/wp\/v2\/comments?post=439"}],"version-history":[{"count":3,"href":"https:\/\/agora.xtec.cat\/cfa-anoia\/wp-json\/wp\/v2\/pages\/439\/revisions"}],"predecessor-version":[{"id":688,"href":"https:\/\/agora.xtec.cat\/cfa-anoia\/wp-json\/wp\/v2\/pages\/439\/revisions\/688"}],"up":[{"embeddable":true,"href":"https:\/\/agora.xtec.cat\/cfa-anoia\/wp-json\/wp\/v2\/pages\/261"}],"wp:attachment":[{"href":"https:\/\/agora.xtec.cat\/cfa-anoia\/wp-json\/wp\/v2\/media?parent=439"}],"curies":[{"name":"wp","href":"https:\/\/api.w.org\/{rel}","templated":true}]}}