{"id":320,"date":"2015-01-28T11:35:13","date_gmt":"2015-01-28T10:35:13","guid":{"rendered":"http:\/\/agora.xtec.cat\/cfa-anoia\/?page_id=320"},"modified":"2026-01-16T17:25:00","modified_gmt":"2026-01-16T16:25:00","slug":"a-cicles-formatius-de-grau-superior","status":"publish","type":"page","link":"https:\/\/agora.xtec.cat\/cfa-anoia\/ensenyaments\/ensenyaments-per-a-la-preparacio-de-proves-dacces\/a-cicles-formatius-de-grau-superior\/","title":{"rendered":"A cicles formatius de grau superior"},"content":{"rendered":"<p>L\u2019objectiu del curs \u00e9s que els aspirants a la prova d\u2019acc\u00e9s a cicles formatius de grau superior adquireixin les capacitats, els coneixements i les habilitats suficients per poder superar la prova d\u2019acc\u00e9s i cursar, amb aprofitament, el cicle formatiu al qual optin.<\/p>\n<p>La prova consta de dues parts, una comuna i una espec\u00edfica, segons el cicle formatiu al qual es vulgui accedir. L\u2019alumnat que disposi d\u2019un t\u00edtol de t\u00e8cnic (Grau Mitj\u00e0) no ha de presentar-se a la prova oficial, per\u00f2 la superaci\u00f3 del curs li donar\u00e0 una millor puntuaci\u00f3 per accedir a un cicle de Grau Superior.<\/p>\n<p>Al nostre centre es porten a terme les classes presencials de la part comuna (10 hores lectives setmanals i un total de 300h). La part <strong>comuna<\/strong> consta de les seg\u00fcents mat\u00e8ries: llengua <strong>catalana<\/strong>, llengua <strong>castellana<\/strong>, llengua <strong>anglesa<\/strong> i <strong>matem\u00e0tiques<\/strong>.<\/p>\n<p>De les mat\u00e8ries de la part <strong>espec\u00edfica<\/strong>, ofertem les mat\u00e8ries de Geografia, Psicologia i Sociologia. Si l\u2019alumne vol fer alguna altra mat\u00e8ria la pot fer per mitj\u00e0 de l\u2019<a href=\"https:\/\/ioc.xtec.cat\/educacio\/\" target=\"_blank\" rel=\"noopener noreferrer\"><strong>IOC<\/strong><\/a>.<\/p>\n<p>La qualificaci\u00f3 de la formaci\u00f3 per a la prova d&#8217;acc\u00e9s es multiplica pel coeficient 0,20 i s&#8217;afegeix a la qualificaci\u00f3 global obtinguda en la prova d&#8217;acc\u00e9s.<\/p>\n<p>L\u2019\u00fanic requisit per accedir a aquesta formaci\u00f3 \u00e9s complir els 19 anys l\u2019any de les proves, tot i aix\u00ed es recomana tenir un nivell acad\u00e8mic adient.<\/p>\n<p>Si voleu m\u00e9s informaci\u00f3 sobre com fem aquest curs en la nostra escola, cliqueu en el seg\u00fcent enlla\u00e7:<strong><a href=\"https:\/\/agora.xtec.cat\/cfa-anoia\/contacte\/\"> Informaci\u00f3<\/a><\/strong><\/p>\n<p>Per m\u00e9s informaci\u00f3, podeu clicar en el seg\u00fcent enlla\u00e7: <a href=\"https:\/\/triaeducativa.gencat.cat\/ca\/proves\/proves-acces\/fp\/fp-gs\/\"><strong>Proves acc\u00e9s grau superior.<\/strong><\/a><\/p>\n","protected":false},"excerpt":{"rendered":"<p>L\u2019objectiu del curs \u00e9s que els aspirants a la prova d\u2019acc\u00e9s a cicles formatius de grau superior adquireixin les capacitats, els coneixements i les habilitats suficients per poder superar la prova d\u2019acc\u00e9s i cursar, amb aprofitament, el cicle formatiu al qual optin.<br \/>\nLa prova consta de&hellip;  <a href=\"https:\/\/agora.xtec.cat\/cfa-anoia\/ensenyaments\/ensenyaments-per-a-la-preparacio-de-proves-dacces\/a-cicles-formatius-de-grau-superior\/\" title=\"Read A cicles formatius de grau superior\">Llegeix m\u00e9s\u00bb<\/a><\/p>\n","protected":false},"author":1,"featured_media":0,"parent":288,"menu_order":0,"comment_status":"closed","ping_status":"closed","template":"page-templates\/side-menu.php","meta":{"_bbp_topic_count":0,"_bbp_reply_count":0,"_bbp_total_topic_count":0,"_bbp_total_reply_count":0,"_bbp_voice_count":0,"_bbp_anonymous_reply_count":0,"_bbp_topic_count_hidden":0,"_bbp_reply_count_hidden":0,"_bbp_forum_subforum_count":0,"footnotes":""},"class_list":["post-320","page","type-page","status-publish","hentry"],"post_mailing_queue_ids":[],"_links":{"self":[{"href":"https:\/\/agora.xtec.cat\/cfa-anoia\/wp-json\/wp\/v2\/pages\/320","targetHints":{"allow":["GET"]}}],"collection":[{"href":"https:\/\/agora.xtec.cat\/cfa-anoia\/wp-json\/wp\/v2\/pages"}],"about":[{"href":"https:\/\/agora.xtec.cat\/cfa-anoia\/wp-json\/wp\/v2\/types\/page"}],"author":[{"embeddable":true,"href":"https:\/\/agora.xtec.cat\/cfa-anoia\/wp-json\/wp\/v2\/users\/1"}],"replies":[{"embeddable":true,"href":"https:\/\/agora.xtec.cat\/cfa-anoia\/wp-json\/wp\/v2\/comments?post=320"}],"version-history":[{"count":6,"href":"https:\/\/agora.xtec.cat\/cfa-anoia\/wp-json\/wp\/v2\/pages\/320\/revisions"}],"predecessor-version":[{"id":1107,"href":"https:\/\/agora.xtec.cat\/cfa-anoia\/wp-json\/wp\/v2\/pages\/320\/revisions\/1107"}],"up":[{"embeddable":true,"href":"https:\/\/agora.xtec.cat\/cfa-anoia\/wp-json\/wp\/v2\/pages\/288"}],"wp:attachment":[{"href":"https:\/\/agora.xtec.cat\/cfa-anoia\/wp-json\/wp\/v2\/media?parent=320"}],"curies":[{"name":"wp","href":"https:\/\/api.w.org\/{rel}","templated":true}]}}