{"id":312,"date":"2015-01-28T11:32:38","date_gmt":"2015-01-28T10:32:38","guid":{"rendered":"http:\/\/agora.xtec.cat\/cfa-anoia\/?page_id=312"},"modified":"2026-01-16T17:29:11","modified_gmt":"2026-01-16T16:29:11","slug":"llengua-anglesa","status":"publish","type":"page","link":"https:\/\/agora.xtec.cat\/cfa-anoia\/ensenyaments\/ensenyaments-transprofessionals\/llengua-anglesa\/","title":{"rendered":"Llengua anglesa"},"content":{"rendered":"<p>Aquest ensenyament permet iniciar i\/o continuar el proc\u00e9s d\u2019aprenentatge en llengua estrangera i t\u00e9 com a finalitat formar parlants que siguin capa\u00e7os de comunicar-se en situacions quotidianes, familiars i habituals (senzilles o complexes), encaminades a satisfer les primeres necessitats, les necessitats m\u00e9s immediates i accedir al coneixement en un entorn multiling\u00fce i multicultural.<\/p>\n<p>En l\u2019aprenentatge d\u2019una llengua estrangera s\u2019ha de prioritzar l\u2019ensenyament i l\u2019aprenentatge de l\u2019expressi\u00f3 oral, el desenvolupament de la capacitat comunicativa ha de prevaler sobre el desenvolupament de la capacitat ling\u00fc\u00edstica.<\/p>\n<p>S\u2019ofereixen tres nivells:<\/p>\n<ul>\n<li><strong>Angl\u00e8s 1.<\/strong> Correspon al Nivell B\u00e0sic A.1. d\u2019acord amb el MERC<\/li>\n<li><strong>Angl\u00e8s 2.<\/strong> Correspon al Nivell B\u00e0sic A.2.1. d\u2019acord amb el MERC<\/li>\n<li><strong>Angl\u00e8s 3.<\/strong>\u00a0Correspon al Nivell B\u00e0sic A.2.2 d\u2019acord amb el MERC. Si se supera aquest curs es podr\u00e0 <strong>accedir al 3r curs de l\u2019EOI<\/strong> durant dos anys sense necessitat de fer la prova de nivell oficial.<\/li>\n<\/ul>\n<p>Per a m\u00e9s informaci\u00f3 podeu clicar en el seg\u00fcent enlla\u00e7:<strong><a href=\"https:\/\/agora.xtec.cat\/cfa-anoia\/contacte\/\"> Informaci\u00f3.<\/a><\/strong><\/p>\n","protected":false},"excerpt":{"rendered":"<p>Aquest ensenyament permet iniciar i\/o continuar el proc\u00e9s d\u2019aprenentatge en llengua estrangera i t\u00e9 com a finalitat formar parlants que siguin capa\u00e7os de comunicar-se en situacions quotidianes, familiars i habituals (senzilles o complexes), encaminades a satisfer les primeres necessitats, les necessitats m\u00e9s immediates i accedir&hellip;  <a href=\"https:\/\/agora.xtec.cat\/cfa-anoia\/ensenyaments\/ensenyaments-transprofessionals\/llengua-anglesa\/\" title=\"Read Llengua anglesa\">Llegeix m\u00e9s\u00bb<\/a><\/p>\n","protected":false},"author":1,"featured_media":0,"parent":286,"menu_order":0,"comment_status":"closed","ping_status":"closed","template":"page-templates\/side-menu.php","meta":{"_bbp_topic_count":0,"_bbp_reply_count":0,"_bbp_total_topic_count":0,"_bbp_total_reply_count":0,"_bbp_voice_count":0,"_bbp_anonymous_reply_count":0,"_bbp_topic_count_hidden":0,"_bbp_reply_count_hidden":0,"_bbp_forum_subforum_count":0,"footnotes":""},"class_list":["post-312","page","type-page","status-publish","hentry"],"post_mailing_queue_ids":[],"_links":{"self":[{"href":"https:\/\/agora.xtec.cat\/cfa-anoia\/wp-json\/wp\/v2\/pages\/312","targetHints":{"allow":["GET"]}}],"collection":[{"href":"https:\/\/agora.xtec.cat\/cfa-anoia\/wp-json\/wp\/v2\/pages"}],"about":[{"href":"https:\/\/agora.xtec.cat\/cfa-anoia\/wp-json\/wp\/v2\/types\/page"}],"author":[{"embeddable":true,"href":"https:\/\/agora.xtec.cat\/cfa-anoia\/wp-json\/wp\/v2\/users\/1"}],"replies":[{"embeddable":true,"href":"https:\/\/agora.xtec.cat\/cfa-anoia\/wp-json\/wp\/v2\/comments?post=312"}],"version-history":[{"count":7,"href":"https:\/\/agora.xtec.cat\/cfa-anoia\/wp-json\/wp\/v2\/pages\/312\/revisions"}],"predecessor-version":[{"id":2903,"href":"https:\/\/agora.xtec.cat\/cfa-anoia\/wp-json\/wp\/v2\/pages\/312\/revisions\/2903"}],"up":[{"embeddable":true,"href":"https:\/\/agora.xtec.cat\/cfa-anoia\/wp-json\/wp\/v2\/pages\/286"}],"wp:attachment":[{"href":"https:\/\/agora.xtec.cat\/cfa-anoia\/wp-json\/wp\/v2\/media?parent=312"}],"curies":[{"name":"wp","href":"https:\/\/api.w.org\/{rel}","templated":true}]}}