{"id":27,"date":"2014-09-17T16:24:03","date_gmt":"2014-09-17T16:24:03","guid":{"rendered":"http:\/\/agora.xtec.cat\/cfa-anoia\/?page_id=27"},"modified":"2020-01-24T13:30:45","modified_gmt":"2020-01-24T12:30:45","slug":"historia","status":"publish","type":"page","link":"https:\/\/agora.xtec.cat\/cfa-anoia\/el-centre\/historia\/","title":{"rendered":"Hist\u00f2ria"},"content":{"rendered":"<p>L\u2019educaci\u00f3 d\u2019adults a la comarca de l\u2019Anoia t\u00e9 m\u00e9s de 40 anys d\u2019hist\u00f2ria. Un per\u00edode en qu\u00e8 hi ha hagut una s\u00e8rie de transformacions.<\/p>\n<p><strong>Primera etapa: Inicis.<\/strong><\/p>\n<p>Des del gener de 1978 (any en qu\u00e8 un grup d\u2019alumnes van assistir a les classes que uns mestres impartien a l\u2019escola Gabriel Castell\u00e0) fins al 1996. Els ensenyaments estan centrats en l\u2019alfabetitzaci\u00f3, noelectors i l\u2019obtenci\u00f3 del certificat i graduat escolar (EGB). L\u2019any 1996 \u00e9s l\u2019\u00faltim en qu\u00e8 s\u2019imparteix classe a la poblaci\u00f3 de Santa Margarida de Montbui, de manera que l\u2019Aula d\u2019Adults queda adscrita definitivament a la poblaci\u00f3 d\u2019Igualada. Durant el curs 1988-89 es passa a dependre del Departament de Benestar Social i de la Direcci\u00f3 General d\u2019Afers Socials, sense que aix\u00f2 impliqui cap canvi d\u2019espai ni de punt de vista pedag\u00f2gic.<\/p>\n<p><strong>Segona etapa: Consolidaci\u00f3.<\/strong><\/p>\n<p>Des del 1996 fins al 2015. Instal\u00b7lats a l\u2019escola Gabriel Castell\u00e0, ubicada en el barri de Montserrat d\u2019Igualada. Es caracteritza per l\u2019ampliaci\u00f3 d\u2019estudis: s\u2019oferta el Curs de preparaci\u00f3 per a les proves d\u2019acc\u00e9s a\u00a0grau mitj\u00e0, el Curs de preparaci\u00f3 per a les proves d\u2019acc\u00e9s a grau superior, el curs semipresencial de GES amb l\u2019IOC com a suport, els tres cursos d\u2019Angl\u00e8s b\u00e0sic, els cursos de llengua oral i escrita per a nouvinguts i els cursos d\u2019alfabetitzaci\u00f3 digital (COMPETIC actual). Tamb\u00e9 \u00e9s el moment\u00a0en qu\u00e8 hi ha m\u00e9s plantilla (5 places docents i \u00bd pla\u00e7a d\u2019auxiliar administrativa). El curs 2012-13 t\u00e9 lloc la transformaci\u00f3 d\u2019aula a centre: es deixa de ser Aula de Formaci\u00f3 d\u2019Adults Verge de Montserrat per ser Centre de Formaci\u00f3 d\u2019Adults Anoia.<\/p>\n<p><strong>Tercera etapa: Mobilitat.<\/strong><\/p>\n<p>Des del 2015 fins al 2017. Nova ubicaci\u00f3 provisional al centre d\u2019Igualada: trasllat a l\u2019antic edifici de la Teneria. Encara que provisional, es produeix una millora principalment en espais. S\u2019aconsegueixen dues aules m\u00e9s, una sala de professors espaiosa i un espai per a la direcci\u00f3 i la secretaria adient per al desenvolupament de les tasques. Tamb\u00e9 comporta una millora en equipaments TIC, la compra d\u2019un can\u00f3 digital i una pissarra tamb\u00e9 digital, fet que permet poder treballar en millors condicions.<br \/>\nDes del 2017 fins a l\u2019actualitat. Es torna a canviar d\u2019ubicaci\u00f3 i actualment compartim espai amb l\u2019INS Pere Vives Vich, en horari de tarda\/vespre. Tamb\u00e9 es modifica l\u2019oferta educativa i es comencen a impartir el Curs de preparaci\u00f3 per a les proves d\u2019acc\u00e9s a la universitat (PAU) per a majors de 25 anys i el Cicle de Formaci\u00f3 Instrumental 1 i 2.<\/p>\n<p>&nbsp;<\/p>\n","protected":false},"excerpt":{"rendered":"<p>L\u2019educaci\u00f3 d\u2019adults a la comarca de l\u2019Anoia t\u00e9 m\u00e9s de 40 anys d\u2019hist\u00f2ria. Un per\u00edode en qu\u00e8 hi ha hagut una s\u00e8rie de transformacions.<br \/>\nPrimera etapa: Inicis.<br \/>\nDes del gener de 1978 (any en qu\u00e8 un grup d\u2019alumnes van assistir a les classes que uns mestres impartien&hellip;  <a href=\"https:\/\/agora.xtec.cat\/cfa-anoia\/el-centre\/historia\/\" title=\"Read Hist\u00f2ria\">Llegeix m\u00e9s\u00bb<\/a><\/p>\n","protected":false},"author":1,"featured_media":0,"parent":261,"menu_order":20,"comment_status":"closed","ping_status":"closed","template":"page-templates\/side-menu.php","meta":{"_bbp_topic_count":0,"_bbp_reply_count":0,"_bbp_total_topic_count":0,"_bbp_total_reply_count":0,"_bbp_voice_count":0,"_bbp_anonymous_reply_count":0,"_bbp_topic_count_hidden":0,"_bbp_reply_count_hidden":0,"_bbp_forum_subforum_count":0,"footnotes":""},"class_list":["post-27","page","type-page","status-publish","hentry"],"post_mailing_queue_ids":[],"_links":{"self":[{"href":"https:\/\/agora.xtec.cat\/cfa-anoia\/wp-json\/wp\/v2\/pages\/27","targetHints":{"allow":["GET"]}}],"collection":[{"href":"https:\/\/agora.xtec.cat\/cfa-anoia\/wp-json\/wp\/v2\/pages"}],"about":[{"href":"https:\/\/agora.xtec.cat\/cfa-anoia\/wp-json\/wp\/v2\/types\/page"}],"author":[{"embeddable":true,"href":"https:\/\/agora.xtec.cat\/cfa-anoia\/wp-json\/wp\/v2\/users\/1"}],"replies":[{"embeddable":true,"href":"https:\/\/agora.xtec.cat\/cfa-anoia\/wp-json\/wp\/v2\/comments?post=27"}],"version-history":[{"count":3,"href":"https:\/\/agora.xtec.cat\/cfa-anoia\/wp-json\/wp\/v2\/pages\/27\/revisions"}],"predecessor-version":[{"id":716,"href":"https:\/\/agora.xtec.cat\/cfa-anoia\/wp-json\/wp\/v2\/pages\/27\/revisions\/716"}],"up":[{"embeddable":true,"href":"https:\/\/agora.xtec.cat\/cfa-anoia\/wp-json\/wp\/v2\/pages\/261"}],"wp:attachment":[{"href":"https:\/\/agora.xtec.cat\/cfa-anoia\/wp-json\/wp\/v2\/media?parent=27"}],"curies":[{"name":"wp","href":"https:\/\/api.w.org\/{rel}","templated":true}]}}