{"id":265,"date":"2015-01-27T17:28:56","date_gmt":"2015-01-27T16:28:56","guid":{"rendered":"http:\/\/agora.xtec.cat\/cfa-anoia\/?page_id=265"},"modified":"2026-01-08T17:19:59","modified_gmt":"2026-01-08T16:19:59","slug":"organitzacio-interna","status":"publish","type":"page","link":"https:\/\/agora.xtec.cat\/cfa-anoia\/el-centre\/organitzacio-interna\/","title":{"rendered":"Organitzaci\u00f3 interna"},"content":{"rendered":"<p><strong>EQUIP DIRECTIU<\/strong><\/p>\n<ul>\n<li>Director: Josep M. Colom\u00e9 Castellv\u00ed<\/li>\n<li>Secret\u00e0ria: Anna Enrich Mayoral<\/li>\n<\/ul>\n<p><strong>EQUIP DOCENT<\/strong><\/p>\n<ul>\n<li>Prim\u00e0ria: Miquel Mart\u00edn Raja<\/li>\n<li>Secund\u00e0ria &#8211; \u00c0mbit de la comunicaci\u00f3: Anna Enrich Mayoral i Francesc L\u00f3pez<\/li>\n<li>Secund\u00e0ria &#8211; \u00c0mbit cientificotecnol\u00f2gic: Josep M. Colom\u00e9 Castellv\u00ed i Joan Marin\u00e9<\/li>\n<li>Secund\u00e0ria &#8211; \u00c0mbit social: Marc Guevara<\/li>\n<\/ul>\n<p><strong>COORDINACIONS<\/strong><\/p>\n<ul>\n<li>Ensenyaments Inicials: Miquel Mart\u00edn<\/li>\n<li>Ensenyaments B\u00e0sics: Francesc L\u00f3pez<\/li>\n<li>Societat de la Informaci\u00f3: Josep M. Colom\u00e9<\/li>\n<li>Proves d\u2019Acc\u00e9s: Anna Enrich<\/li>\n<\/ul>\n<p><b>TUTORIES<\/b><\/p>\n<ul>\n<li>Llengua catalana 1: Francesc L\u00f3pez i Joan Marin\u00e9<\/li>\n<li>Llengua catalana 2: Miquel Mart\u00edn<\/li>\n<li>Llengua castellana 1: Miquel Mart\u00edn i Francesc L\u00f3pez<\/li>\n<li>Llengua castellana 2: Miquel Mart\u00edn i Marc Guevara<\/li>\n<li>GES 1: Francesc L\u00f3pez<\/li>\n<li>GES 2 \/ Curs de preparaci\u00f3 per a les proves d&#8217;acc\u00e9s als CFGM: Marc Guevara<\/li>\n<li>GES a dist\u00e0ncia de l\u2019IOC (centre col\u00b7laborador): Anna Enrich<\/li>\n<li>Angl\u00e8s 1 i 2: Anna Enrich<\/li>\n<li>Angl\u00e8s 3: Miquel Mart\u00edn<\/li>\n<li>COMPETIC 2 i 3: Josep M. Colom\u00e9<\/li>\n<li>Curs de preparaci\u00f3 per a les proves d\u2019acc\u00e9s als CFGS: Anna Enrich<\/li>\n<li>Curs de preparaci\u00f3 per a les proves d&#8217;acc\u00e9s a la universitat +25\/+45 anys: Anna Enrich<\/li>\n<\/ul>\n<p><strong>PAS<\/strong><\/p>\n<ul>\n<li>Administrativa: Marisol Cos<\/li>\n<li><span style=\"font-family: inherit; font-size: 1em;\">Conserge: \u00d3scar Garc\u00eda<\/span><\/li>\n<\/ul>\n<p>&nbsp;<\/p>\n","protected":false},"excerpt":{"rendered":"<p>EQUIP DIRECTIU<\/p>\n<ul>\n<li>Director: Josep M. Colom\u00e9 Castellv\u00ed<\/li>\n<li>Secret\u00e0ria: Anna Enrich Mayoral<\/li>\n<\/ul>\n<p>EQUIP DOCENT<\/p>\n<ul>\n<li>Prim\u00e0ria: Miquel Mart\u00edn Raja<\/li>\n<li>Secund\u00e0ria &#8211; \u00c0mbit de la comunicaci\u00f3: Anna Enrich Mayoral i Francesc L\u00f3pez<\/li>\n<li>Secund\u00e0ria &#8211; \u00c0mbit cientificotecnol\u00f2gic: Josep M. Colom\u00e9 Castellv\u00ed i Joan Marin\u00e9<\/li>\n<li>Secund\u00e0ria &#8211; \u00c0mbit social: Marc Guevara<\/li>\n<\/ul>\n<p>COORDINACIONS<\/p>\n<ul>\n<li>Ensenyaments Inicials: Miquel Mart\u00edn<\/li>\n<li>Ensenyaments B\u00e0sics: Francesc L\u00f3pez<\/li>\n<li>Societat&hellip;  <a href=\"https:\/\/agora.xtec.cat\/cfa-anoia\/el-centre\/organitzacio-interna\/\" title=\"Read Organitzaci\u00f3 interna\">Llegeix m\u00e9s\u00bb<\/a><br \/>\n","protected":false},"author":1,"featured_media":0,"parent":261,"menu_order":40,"comment_status":"closed","ping_status":"closed","template":"page-templates\/side-menu.php","meta":{"_bbp_topic_count":0,"_bbp_reply_count":0,"_bbp_total_topic_count":0,"_bbp_total_reply_count":0,"_bbp_voice_count":0,"_bbp_anonymous_reply_count":0,"_bbp_topic_count_hidden":0,"_bbp_reply_count_hidden":0,"_bbp_forum_subforum_count":0,"footnotes":""},"class_list":["post-265","page","type-page","status-publish","hentry"],"post_mailing_queue_ids":[],"_links":{"self":[{"href":"https:\/\/agora.xtec.cat\/cfa-anoia\/wp-json\/wp\/v2\/pages\/265","targetHints":{"allow":["GET"]}}],"collection":[{"href":"https:\/\/agora.xtec.cat\/cfa-anoia\/wp-json\/wp\/v2\/pages"}],"about":[{"href":"https:\/\/agora.xtec.cat\/cfa-anoia\/wp-json\/wp\/v2\/types\/page"}],"author":[{"embeddable":true,"href":"https:\/\/agora.xtec.cat\/cfa-anoia\/wp-json\/wp\/v2\/users\/1"}],"replies":[{"embeddable":true,"href":"https:\/\/agora.xtec.cat\/cfa-anoia\/wp-json\/wp\/v2\/comments?post=265"}],"version-history":[{"count":6,"href":"https:\/\/agora.xtec.cat\/cfa-anoia\/wp-json\/wp\/v2\/pages\/265\/revisions"}],"predecessor-version":[{"id":2890,"href":"https:\/\/agora.xtec.cat\/cfa-anoia\/wp-json\/wp\/v2\/pages\/265\/revisions\/2890"}],"up":[{"embeddable":true,"href":"https:\/\/agora.xtec.cat\/cfa-anoia\/wp-json\/wp\/v2\/pages\/261"}],"wp:attachment":[{"href":"https:\/\/agora.xtec.cat\/cfa-anoia\/wp-json\/wp\/v2\/media?parent=265"}],"curies":[{"name":"wp","href":"https:\/\/api.w.org\/{rel}","templated":true}]}}