{"id":2218,"date":"2023-05-16T10:58:51","date_gmt":"2023-05-16T08:58:51","guid":{"rendered":"https:\/\/agora.xtec.cat\/cfa-anoia\/?page_id=2218"},"modified":"2024-07-15T11:59:55","modified_gmt":"2024-07-15T09:59:55","slug":"preinscripcio-i-matricula-2023-2024","status":"publish","type":"page","link":"https:\/\/agora.xtec.cat\/cfa-anoia\/preinscripcio-i-matricula-2023-2024\/","title":{"rendered":"PREINSCRIPCI\u00d3 i MATR\u00cdCULA CURS 2024-2025"},"content":{"rendered":"<p>Consulta aqu\u00ed tot el proc\u00e9s de <a href=\"https:\/\/preinscripcio.gencat.cat\/ca\/estudis\/educacio-adults\/inici\/\">preinscripci\u00f3 i matr\u00edcula<\/a> per al curs 2024-2025.<\/p>\n<p><strong>Preinscripci\u00f3: Del 20 al 28 de juny.<\/strong><\/p>\n<p><strong>I despr\u00e8s de la preinscripci\u00f3, qu\u00e8?<\/strong><\/p>\n<p>Has de tenir present el seg\u00fcent calendari:<\/p>\n<ul>\n<li>4 de juliol de 2024 (a partir de les 16 hores): <a href=\"https:\/\/agora.xtec.cat\/cfa-anoia\/wp-content\/uploads\/usu1962\/2024\/06\/Llistes-barem-provisional-preinscripcio-curs-2024-25.pdf\">Llistes barem provisional preinscripcio\u0301 curs 2024-25<\/a><\/li>\n<li>4 al 10 de juliol del 2024: Presentaci\u00f3 de reclamacions si escau al correu <a href=\"mailto:preinscripcionscfaanoia@gmail.com\">preinscripcionscfaanoia<span class=\"\">@gmail.com<\/span><\/a><\/li>\n<li>5 de juliol del 2024: sorteig del n\u00famero de desempat. El n\u00famero \u00e9s: <strong>17439 \u00a0<\/strong><\/li>\n<li>11 de juliol de 2024, a partir de les 16 hores: <a href=\"https:\/\/agora.xtec.cat\/cfa-anoia\/wp-content\/uploads\/usu1962\/2024\/06\/Llistes-baremacio-definitiva-CFA-ANOIA.pdf\">Llistes baremacio\u0301 definitiva<\/a> amb la puntuaci\u00f3 un cop resoltes les reclamacions<\/li>\n<li>15 de juliol de 2024, a partir de les 16 hores: <a href=\"https:\/\/agora.xtec.cat\/cfa-anoia\/wp-content\/uploads\/usu1962\/2024\/07\/Llista-dadmesos-per-ensenyament.pdf\">Llista d&#8217;admesos per ensenyament<\/a> i <a href=\"https:\/\/agora.xtec.cat\/cfa-anoia\/wp-content\/uploads\/usu1962\/2024\/07\/Llista-despera.pdf\">Llista d&#8217;espera<\/a><\/li>\n<\/ul>\n<p><strong>Matr\u00edcula (setembre)<\/strong><\/p>\n<ul>\n<li>Alumnes preinscrits amb pla\u00e7a assignada, alumnes amb reserva de pla\u00e7a i vacants: Del <strong>4 al 9 de setembre<\/strong>.<\/li>\n<li>Alumnes en llista d&#8217;espera i vacants:<strong> A partir del 10 de setembre.<\/strong><\/li>\n<\/ul>\n<p><strong>Quina documentaci\u00f3 has de presentar?<\/strong><\/p>\n<ul>\n<li><a href=\"https:\/\/agora.xtec.cat\/cfa-anoia\/wp-content\/uploads\/usu1962\/2024\/05\/Sollicitud_preinscripcio_2024-2025.pdf\">Sol\u00b7licitud_preinscripci\u00f3_2024-2025<\/a><\/li>\n<li>DNI, NIE o Passaport (original i fotoc\u00f2pia)<\/li>\n<li>Una fotografia de carnet<\/li>\n<li><strong>Si fas el GES:<\/strong> Certificat de notes de l&#8217;\u00faltim curs d&#8217;ESO realitzat o llibre d&#8217;escolaritat.<\/li>\n<li><strong>Si vols fer COMPETIC:<\/strong>\n<ul>\n<li>COMPETIC 2: Superar la prova de nivell o certificat ACTIC inicial.<\/li>\n<li>COMPETIC 3: Certificat ACTIC mitj\u00e0 o b\u00e9 certificat COMPETIC 2 superat.<\/li>\n<\/ul>\n<\/li>\n<li><strong>Si encara no heu fet els 18 anys per\u00f2 els feu abans del 31\/12\/2024, necessiteu emplenar la seg\u00fcent documentaci\u00f3:\u00a0<\/strong>\n<ul>\n<li><a href=\"https:\/\/drive.google.com\/file\/d\/1JQcRwIX8zGI_TqPdpvVT73Vp__X8MU43\/view?usp=sharing\">Autoritzaci\u00f3 a menors d&#8217;edat per cursar ensenyaments d&#8217;educaci\u00f3 adults\u00a0 OBLIGATORI<\/a><\/li>\n<li><a href=\"https:\/\/drive.google.com\/file\/d\/1mypYkDQC3k9cua3bfxzsoJk2b3t03XSM\/view?usp=sharing\"> Sol\u00b7licitud de menors d&#8217;edat per cursar ensenyaments d&#8217;educaci\u00f3 d&#8217;adults\u00a0 OBLIGATORI<\/a><\/li>\n<\/ul>\n<\/li>\n<\/ul>\n<p>&nbsp;<\/p>\n","protected":false},"excerpt":{"rendered":"<p>Consulta aqu\u00ed tot el proc\u00e9s de <a href=\"https:\/\/preinscripcio.gencat.cat\/ca\/estudis\/educacio-adults\/inici\/\">preinscripci\u00f3 i matr\u00edcula<\/a> per al curs 2024-2025.<br \/>\nPreinscripci\u00f3: Del 20 al 28 de juny.<br \/>\nI despr\u00e8s de la preinscripci\u00f3, qu\u00e8?<br \/>\nHas de tenir present el seg\u00fcent calendari:<\/p>\n<ul>\n<li>4 de juliol de 2024 (a partir de les 16 hores): <a href=\"https:\/\/agora.xtec.cat\/cfa-anoia\/wp-content\/uploads\/usu1962\/2024\/06\/Llistes-barem-provisional-preinscripcio-curs-2024-25.pdf\">Llistes barem provisional&hellip;  <a href=\"https:\/\/agora.xtec.cat\/cfa-anoia\/preinscripcio-i-matricula-2023-2024\/\" title=\"Read PREINSCRIPCI\u00d3 i MATR\u00cdCULA CURS 2024-2025\">Llegeix m\u00e9s\u00bb<\/a><br \/>\n","protected":false},"author":1,"featured_media":0,"parent":0,"menu_order":0,"comment_status":"closed","ping_status":"closed","template":"","meta":{"_bbp_topic_count":0,"_bbp_reply_count":0,"_bbp_total_topic_count":0,"_bbp_total_reply_count":0,"_bbp_voice_count":0,"_bbp_anonymous_reply_count":0,"_bbp_topic_count_hidden":0,"_bbp_reply_count_hidden":0,"_bbp_forum_subforum_count":0,"footnotes":""},"class_list":["post-2218","page","type-page","status-publish","hentry"],"post_mailing_queue_ids":[],"_links":{"self":[{"href":"https:\/\/agora.xtec.cat\/cfa-anoia\/wp-json\/wp\/v2\/pages\/2218","targetHints":{"allow":["GET"]}}],"collection":[{"href":"https:\/\/agora.xtec.cat\/cfa-anoia\/wp-json\/wp\/v2\/pages"}],"about":[{"href":"https:\/\/agora.xtec.cat\/cfa-anoia\/wp-json\/wp\/v2\/types\/page"}],"author":[{"embeddable":true,"href":"https:\/\/agora.xtec.cat\/cfa-anoia\/wp-json\/wp\/v2\/users\/1"}],"replies":[{"embeddable":true,"href":"https:\/\/agora.xtec.cat\/cfa-anoia\/wp-json\/wp\/v2\/comments?post=2218"}],"version-history":[{"count":6,"href":"https:\/\/agora.xtec.cat\/cfa-anoia\/wp-json\/wp\/v2\/pages\/2218\/revisions"}],"predecessor-version":[{"id":2540,"href":"https:\/\/agora.xtec.cat\/cfa-anoia\/wp-json\/wp\/v2\/pages\/2218\/revisions\/2540"}],"wp:attachment":[{"href":"https:\/\/agora.xtec.cat\/cfa-anoia\/wp-json\/wp\/v2\/media?parent=2218"}],"curies":[{"name":"wp","href":"https:\/\/api.w.org\/{rel}","templated":true}]}}