{"id":2129,"date":"2022-09-17T09:05:30","date_gmt":"2022-09-17T07:05:30","guid":{"rendered":"https:\/\/agora.xtec.cat\/cfa-anoia\/?page_id=2129"},"modified":"2026-01-16T17:34:55","modified_gmt":"2026-01-16T16:34:55","slug":"a-cicles-formatius-de-grau-mitja","status":"publish","type":"page","link":"https:\/\/agora.xtec.cat\/cfa-anoia\/ensenyaments\/ensenyaments-per-a-la-preparacio-de-proves-dacces\/a-cicles-formatius-de-grau-mitja\/","title":{"rendered":"A cicles formatius de grau mitj\u00e0"},"content":{"rendered":"<p><strong>Que \u00e9s la prova d\u2019acc\u00e9s?<\/strong><\/p>\n<p>\u00c9s una prova que permet accedir a la formaci\u00f3 professional a aquelles persones que no tenen els requisits exigits per accedir-hi directament.<\/p>\n<p>La prova d\u2019acc\u00e9s a grau mitj\u00e0 acredita que la persona interessada t\u00e9 els coneixements i habilitats suficients per poder cursar amb aprofitament un cicle formatiu de grau mitj\u00e0.<\/p>\n<p><strong>Qui pot fer les proves d\u2019acc\u00e9s?<\/strong><\/p>\n<p>Per poder inscriure\u2019t a la prova d\u2019acc\u00e9s has de complir els requisits seg\u00fcents:<br \/>\n&#8211; No tenir cap altre requisit per accedir als cicles de grau mitj\u00e0.<br \/>\n&#8211; Complir 17 anys o m\u00e9s l\u2019any de fer la prova.<br \/>\n&#8211; Les persones que hagin superat amb anterioritat la prova d\u2019acc\u00e9s a grau mitj\u00e0 i les que tenguin l\u2019exempci\u00f3 de fer totes les parts de la prova es poden tornar a presentar amb la finalitat de millorar la seva qualificaci\u00f3.<\/p>\n<p><strong>Cada quan es convoca la prova d\u2019acc\u00e9s?<\/strong><\/p>\n<p>Es convocar\u00e0, almenys una vegada a l&#8217;any. La matr\u00edcula sol ser el mes de mar\u00e7 i les proves al maig, per\u00f2 s\u2019ha d\u2019estar atent a les dates de cada any.<\/p>\n<p>Per a m\u00e9s informaci\u00f3 sobre aquesta prova podeu clicar en el seg\u00fcent enlla\u00e7:<a href=\"https:\/\/triaeducativa.gencat.cat\/ca\/proves\/proves-acces\/fp\/fp-gm\/\"> Formaci\u00f3 professional (grau mitj\u00e0).<\/a><\/p>\n<p>Tamb\u00e9 podeu trobar m\u00e9s informaci\u00f3 en el seg\u00fcent enlla\u00e7: <strong><a href=\"https:\/\/agora.xtec.cat\/cfa-anoia\/contacte\/\">Informaci\u00f3<\/a><\/strong><\/p>\n","protected":false},"excerpt":{"rendered":"<p>Que \u00e9s la prova d\u2019acc\u00e9s?<br \/>\n\u00c9s una prova que permet accedir a la formaci\u00f3 professional a aquelles persones que no tenen els requisits exigits per accedir-hi directament.<br \/>\nLa prova d\u2019acc\u00e9s a grau mitj\u00e0 acredita que la persona interessada t\u00e9 els coneixements i habilitats suficients per poder cursar&hellip;  <a href=\"https:\/\/agora.xtec.cat\/cfa-anoia\/ensenyaments\/ensenyaments-per-a-la-preparacio-de-proves-dacces\/a-cicles-formatius-de-grau-mitja\/\" title=\"Read A cicles formatius de grau mitj\u00e0\">Llegeix m\u00e9s\u00bb<\/a><\/p>\n","protected":false},"author":1,"featured_media":0,"parent":288,"menu_order":0,"comment_status":"closed","ping_status":"closed","template":"","meta":{"_bbp_topic_count":0,"_bbp_reply_count":0,"_bbp_total_topic_count":0,"_bbp_total_reply_count":0,"_bbp_voice_count":0,"_bbp_anonymous_reply_count":0,"_bbp_topic_count_hidden":0,"_bbp_reply_count_hidden":0,"_bbp_forum_subforum_count":0,"footnotes":""},"class_list":["post-2129","page","type-page","status-publish","hentry"],"post_mailing_queue_ids":[],"_links":{"self":[{"href":"https:\/\/agora.xtec.cat\/cfa-anoia\/wp-json\/wp\/v2\/pages\/2129","targetHints":{"allow":["GET"]}}],"collection":[{"href":"https:\/\/agora.xtec.cat\/cfa-anoia\/wp-json\/wp\/v2\/pages"}],"about":[{"href":"https:\/\/agora.xtec.cat\/cfa-anoia\/wp-json\/wp\/v2\/types\/page"}],"author":[{"embeddable":true,"href":"https:\/\/agora.xtec.cat\/cfa-anoia\/wp-json\/wp\/v2\/users\/1"}],"replies":[{"embeddable":true,"href":"https:\/\/agora.xtec.cat\/cfa-anoia\/wp-json\/wp\/v2\/comments?post=2129"}],"version-history":[{"count":6,"href":"https:\/\/agora.xtec.cat\/cfa-anoia\/wp-json\/wp\/v2\/pages\/2129\/revisions"}],"predecessor-version":[{"id":2913,"href":"https:\/\/agora.xtec.cat\/cfa-anoia\/wp-json\/wp\/v2\/pages\/2129\/revisions\/2913"}],"up":[{"embeddable":true,"href":"https:\/\/agora.xtec.cat\/cfa-anoia\/wp-json\/wp\/v2\/pages\/288"}],"wp:attachment":[{"href":"https:\/\/agora.xtec.cat\/cfa-anoia\/wp-json\/wp\/v2\/media?parent=2129"}],"curies":[{"name":"wp","href":"https:\/\/api.w.org\/{rel}","templated":true}]}}