{"id":1921,"date":"2022-03-11T16:20:10","date_gmt":"2022-03-11T15:20:10","guid":{"rendered":"https:\/\/agora.xtec.cat\/cfa-anoia\/?page_id=1921"},"modified":"2024-11-06T17:53:36","modified_gmt":"2024-11-06T16:53:36","slug":"pla-dacollida","status":"publish","type":"page","link":"https:\/\/agora.xtec.cat\/cfa-anoia\/el-centre\/pla-dacollida\/","title":{"rendered":"Pla d&#8217;Acci\u00f3 d&#8217;Orientaci\u00f3 Educativa (POE) i Pla d&#8217;acollida"},"content":{"rendered":"<p><span style=\"font-weight: 400;\">Aquest document (POE) t\u00e9 com a objectiu servir de guia a tots els membres de la comunitat educativa del CFA Anoia pel que fa al proc\u00e9s d\u2019orientaci\u00f3. En aquest sentit, aquest pla va en conson\u00e0ncia amb el PAT i el PEC del centre, \u00e9s a dir, amb la finalitat de millorar l\u2019acollida i l\u2019acompanyament tant de l\u2019alumnat com del professorat, aix\u00ed com atendre la diversitat, Oferir una millor orientaci\u00f3 acad\u00e8mica i professional i ajudar l\u2019alumnat a dissenyar el seu pla de futur. Tamb\u00e9, aquest pla ha de servir per millorar el benestar emocional, el clima i la cohesi\u00f3 grupal del centre. <\/span><\/p>\n<p>Aqu\u00ed podeu consultar una infografia sobre les l\u00ednies fonamentals d&#8217;aquesta orientaci\u00f3: <a href=\"https:\/\/view.genial.ly\/6464a30f16a9670010ce72a1\/interactive-content-infografia-orientacio-alumant\">orientaci\u00f3 educativa<\/a>.<\/p>\n<p>El document el podeu consultar en el seg\u00fcent enlla\u00e7: <a href=\"https:\/\/agora.xtec.cat\/cfa-anoia\/wp-content\/uploads\/usu1962\/2023\/06\/Pla-dAccio\u0301-Orientacio\u0301-Educativa-CFA-ANOIA-2022-2023.pdf\">Pla d&#8217;Accio\u0301 Orientacio\u0301 Educativa CFA ANOIA<\/a><\/p>\n<p>Al seg\u00fcent enlla\u00e7 podeu consultar el nostre pla d&#8217;acollida: <a href=\"https:\/\/drive.google.com\/file\/d\/1Qt6gd5onMZSjy-xe8mGPJb1SgojMEw9V\/view?usp=sharing\">Pla d&#8217;acollida<\/a>.<\/p>\n","protected":false},"excerpt":{"rendered":"<p>Aquest document (POE) t\u00e9 com a objectiu servir de guia a tots els membres de la comunitat educativa del CFA Anoia pel que fa al proc\u00e9s d\u2019orientaci\u00f3. En aquest sentit, aquest pla va en conson\u00e0ncia amb el PAT i el PEC del centre, \u00e9s a&hellip;  <a href=\"https:\/\/agora.xtec.cat\/cfa-anoia\/el-centre\/pla-dacollida\/\" title=\"Read Pla d&#8217;Acci\u00f3 d&#8217;Orientaci\u00f3 Educativa (POE) i Pla d&#8217;acollida\">Llegeix m\u00e9s\u00bb<\/a><\/p>\n","protected":false},"author":1,"featured_media":0,"parent":261,"menu_order":0,"comment_status":"closed","ping_status":"closed","template":"","meta":{"_bbp_topic_count":0,"_bbp_reply_count":0,"_bbp_total_topic_count":0,"_bbp_total_reply_count":0,"_bbp_voice_count":0,"_bbp_anonymous_reply_count":0,"_bbp_topic_count_hidden":0,"_bbp_reply_count_hidden":0,"_bbp_forum_subforum_count":0,"footnotes":""},"class_list":["post-1921","page","type-page","status-publish","hentry"],"post_mailing_queue_ids":[],"_links":{"self":[{"href":"https:\/\/agora.xtec.cat\/cfa-anoia\/wp-json\/wp\/v2\/pages\/1921","targetHints":{"allow":["GET"]}}],"collection":[{"href":"https:\/\/agora.xtec.cat\/cfa-anoia\/wp-json\/wp\/v2\/pages"}],"about":[{"href":"https:\/\/agora.xtec.cat\/cfa-anoia\/wp-json\/wp\/v2\/types\/page"}],"author":[{"embeddable":true,"href":"https:\/\/agora.xtec.cat\/cfa-anoia\/wp-json\/wp\/v2\/users\/1"}],"replies":[{"embeddable":true,"href":"https:\/\/agora.xtec.cat\/cfa-anoia\/wp-json\/wp\/v2\/comments?post=1921"}],"version-history":[{"count":4,"href":"https:\/\/agora.xtec.cat\/cfa-anoia\/wp-json\/wp\/v2\/pages\/1921\/revisions"}],"predecessor-version":[{"id":2585,"href":"https:\/\/agora.xtec.cat\/cfa-anoia\/wp-json\/wp\/v2\/pages\/1921\/revisions\/2585"}],"up":[{"embeddable":true,"href":"https:\/\/agora.xtec.cat\/cfa-anoia\/wp-json\/wp\/v2\/pages\/261"}],"wp:attachment":[{"href":"https:\/\/agora.xtec.cat\/cfa-anoia\/wp-json\/wp\/v2\/media?parent=1921"}],"curies":[{"name":"wp","href":"https:\/\/api.w.org\/{rel}","templated":true}]}}