{"id":1914,"date":"2022-02-21T16:54:13","date_gmt":"2022-02-21T15:54:13","guid":{"rendered":"https:\/\/agora.xtec.cat\/cfa-anoia\/?page_id=1914"},"modified":"2026-01-16T17:32:46","modified_gmt":"2026-01-16T16:32:46","slug":"competencia-digital-competic-3","status":"publish","type":"page","link":"https:\/\/agora.xtec.cat\/cfa-anoia\/ensenyaments\/ensenyaments-transprofessionals\/competencia-digital-competic-3\/","title":{"rendered":"Compet\u00e8ncia Digital COMPETIC 3"},"content":{"rendered":"<p>Els ensenyaments d\u2019inform\u00e0tica tenen com objectiu facilitar l\u2019adquisici\u00f3 de la compet\u00e8ncia digital, entesa com la combinaci\u00f3 de coneixements, habilitats i actituds en l\u2019\u00e0mbit de les tecnologies de la informaci\u00f3 i la comunicaci\u00f3 (TIC) per desenvolupar-se en la societat actual.<\/p>\n<p>Al\u00a0<strong>CFA ANOIA\u00a0<\/strong>s\u2019imparteix el\u00a0<strong>COMPETIC 3<\/strong>\u00a0(equival al certificat de\u00a0<strong>nivell avan\u00e7at de l\u2019ACTIC), <\/strong>certificat que pot computar com a m\u00e8rit en els processos selectius a l\u2019Administraci\u00f3 p\u00fablica i que demostra coneixement de les tecnologies de la informaci\u00f3 i de la comunicaci\u00f3 a l\u2019hora de buscar feina.<\/p>\n<p>Les compet\u00e8ncies que es treballen i s&#8217;aprofundeix s\u00f3n:<\/p>\n<table>\n<tbody>\n<tr>\n<td>C4: Tractament de la informaci\u00f3 escrita.<\/td>\n<\/tr>\n<tr>\n<td>C5: Tractament de la informaci\u00f3 gr\u00e0fica, sonora i de la imatge en moviment.<\/td>\n<\/tr>\n<tr>\n<td>C6: Tractament de la informaci\u00f3 num\u00e8rica.<\/td>\n<\/tr>\n<\/tbody>\n<\/table>\n<p>Per assolir aquest t\u00edtol s&#8217;ha de superar dues de les tres compet\u00e8ncies treballades.<\/p>\n<p><strong>Important: per poder fer aquest curs \u00e9s necessari tenir superat el COMPETIC 2 o b\u00e9 el certificat de nivell mitj\u00e0 de l&#8217;ACTIC<\/strong><\/p>\n<p>Per tenir m\u00e9s informaci\u00f3 de com fem aquest curs en la nostra escola, cliqueu en el seg\u00fcent enlla\u00e7: <a href=\"https:\/\/agora.xtec.cat\/cfa-anoia\/contacte\/\"><strong>Informaci\u00f3.<\/strong><\/a><\/p>\n<p>&nbsp;<\/p>\n","protected":false},"excerpt":{"rendered":"<p>Els ensenyaments d\u2019inform\u00e0tica tenen com objectiu facilitar l\u2019adquisici\u00f3 de la compet\u00e8ncia digital, entesa com la combinaci\u00f3 de coneixements, habilitats i actituds en l\u2019\u00e0mbit de les tecnologies de la informaci\u00f3 i la comunicaci\u00f3 (TIC) per desenvolupar-se en la societat actual.<br \/>\nAl\u00a0CFA ANOIA\u00a0s\u2019imparteix el\u00a0COMPETIC 3\u00a0(equival al certificat de\u00a0nivell&hellip;  <a href=\"https:\/\/agora.xtec.cat\/cfa-anoia\/ensenyaments\/ensenyaments-transprofessionals\/competencia-digital-competic-3\/\" title=\"Read Compet\u00e8ncia Digital COMPETIC 3\">Llegeix m\u00e9s\u00bb<\/a><\/p>\n","protected":false},"author":1,"featured_media":0,"parent":286,"menu_order":0,"comment_status":"closed","ping_status":"closed","template":"","meta":{"_bbp_topic_count":0,"_bbp_reply_count":0,"_bbp_total_topic_count":0,"_bbp_total_reply_count":0,"_bbp_voice_count":0,"_bbp_anonymous_reply_count":0,"_bbp_topic_count_hidden":0,"_bbp_reply_count_hidden":0,"_bbp_forum_subforum_count":0,"footnotes":""},"class_list":["post-1914","page","type-page","status-publish","hentry"],"post_mailing_queue_ids":[],"_links":{"self":[{"href":"https:\/\/agora.xtec.cat\/cfa-anoia\/wp-json\/wp\/v2\/pages\/1914","targetHints":{"allow":["GET"]}}],"collection":[{"href":"https:\/\/agora.xtec.cat\/cfa-anoia\/wp-json\/wp\/v2\/pages"}],"about":[{"href":"https:\/\/agora.xtec.cat\/cfa-anoia\/wp-json\/wp\/v2\/types\/page"}],"author":[{"embeddable":true,"href":"https:\/\/agora.xtec.cat\/cfa-anoia\/wp-json\/wp\/v2\/users\/1"}],"replies":[{"embeddable":true,"href":"https:\/\/agora.xtec.cat\/cfa-anoia\/wp-json\/wp\/v2\/comments?post=1914"}],"version-history":[{"count":7,"href":"https:\/\/agora.xtec.cat\/cfa-anoia\/wp-json\/wp\/v2\/pages\/1914\/revisions"}],"predecessor-version":[{"id":2909,"href":"https:\/\/agora.xtec.cat\/cfa-anoia\/wp-json\/wp\/v2\/pages\/1914\/revisions\/2909"}],"up":[{"embeddable":true,"href":"https:\/\/agora.xtec.cat\/cfa-anoia\/wp-json\/wp\/v2\/pages\/286"}],"wp:attachment":[{"href":"https:\/\/agora.xtec.cat\/cfa-anoia\/wp-json\/wp\/v2\/media?parent=1914"}],"curies":[{"name":"wp","href":"https:\/\/api.w.org\/{rel}","templated":true}]}}