{"id":1617,"date":"2021-05-27T16:42:53","date_gmt":"2021-05-27T14:42:53","guid":{"rendered":"https:\/\/agora.xtec.cat\/cfa-anoia\/?page_id=1617"},"modified":"2022-07-15T15:56:36","modified_gmt":"2022-07-15T13:56:36","slug":"catala-nivell-c1","status":"publish","type":"page","link":"https:\/\/agora.xtec.cat\/cfa-anoia\/catala-nivell-c1\/","title":{"rendered":"PREINSCRIPCI\u00d3 2022-2023"},"content":{"rendered":"<p>Aqu\u00ed podeu consulta les llistes de la preinscripci\u00f3:<\/p>\n<ol>\n<li>OFERTA VACANTS CURS 22\/23:<\/li>\n<\/ol>\n<p><a href=\"https:\/\/drive.google.com\/file\/d\/1xlmQo-NfC_H5vkjgUMwsMJBIX57zgTFK\/view?usp=sharing\" target=\"_blank\" rel=\"noopener\">OFERTA VACANTS<\/a><\/p>\n<p>2. LLISTES DE SOL\u00b7LICITUDS AMB PUNTUACI\u00d3 PROVISIONAL (6 DE JULIOL):<\/p>\n<p><a href=\"https:\/\/agora.xtec.cat\/cfa-anoia\/wp-content\/uploads\/usu1962\/2022\/07\/Llistes-baremacio-provisional.pdf\">LLISTES BAREMACI\u00d3 PROVISIONAL<\/a><\/p>\n<p>3. PRESENTACI\u00d3 DE RECLAMACIONS (DEL 6 AL 12 DE JULIOL TELEM\u00c0TICAMENT AL CORREU ELECTR\u00d2NIC\u00a0 <a href=\"mailto:preinscripcionscfaanoia@gmail.com\">preinscripcionscfaanoia@gmail.com<\/a>).<\/p>\n<p>4.LLISTA ORDENADA DEFINITIVA (13 DE JULIOL A PARTIR DE LES 15 H):<\/p>\n<p><a href=\"https:\/\/drive.google.com\/file\/d\/1Xh6bZ3b7S3cqrINPkNLWZtmuqgqUruvZ\/view?usp=sharing\">Barem definitiu preinscripcions<\/a><\/p>\n<p>5. LLISTA D&#8217;ALUMNES ADMESOS I EXCLOSOS (PER CURSOS) I LLISTA D&#8217;ESPERA (15 DE JULIOL A PARTIR DE LES 15 H)<\/p>\n<p><a href=\"https:\/\/drive.google.com\/file\/d\/1v7O8Ji-KsVw_CkSEP1LFQ9gbgbPsD40D\/view?usp=sharing\">Preinscripci\u00f3. Activitats assignades<\/a><\/p>\n<p><a href=\"https:\/\/drive.google.com\/file\/d\/1MN3zacMgizciczz0hqwZTcUoT-s5QFBx\/view?usp=sharing\">Preinscripci\u00f3. Llista espera<\/a><\/p>\n<p>&nbsp;<\/p>\n","protected":false},"excerpt":{"rendered":"<p>Aqu\u00ed podeu consulta les llistes de la preinscripci\u00f3:<\/p>\n<ol>\n<li>OFERTA VACANTS CURS 22\/23:<\/li>\n<\/ol>\n<p><a href=\"https:\/\/drive.google.com\/file\/d\/1xlmQo-NfC_H5vkjgUMwsMJBIX57zgTFK\/view?usp=sharing\" target=\"_blank\" rel=\"noopener\">OFERTA VACANTS<\/a><br \/>\n2. LLISTES DE SOL\u00b7LICITUDS AMB PUNTUACI\u00d3 PROVISIONAL (6 DE JULIOL):<br \/>\n<a href=\"https:\/\/agora.xtec.cat\/cfa-anoia\/wp-content\/uploads\/usu1962\/2022\/07\/Llistes-baremacio-provisional.pdf\">LLISTES BAREMACI\u00d3 PROVISIONAL<\/a><br \/>\n3. PRESENTACI\u00d3 DE RECLAMACIONS (DEL 6 AL 12 DE JULIOL TELEM\u00c0TICAMENT AL CORREU ELECTR\u00d2NIC\u00a0 <a href=\"mailto:preinscripcionscfaanoia@gmail.com\">preinscripcionscfaanoia@gmail.com<\/a>).<br \/>\n4.LLISTA ORDENADA DEFINITIVA (13&hellip;  <a href=\"https:\/\/agora.xtec.cat\/cfa-anoia\/catala-nivell-c1\/\" title=\"Read PREINSCRIPCI\u00d3 2022-2023\">Llegeix m\u00e9s\u00bb<\/a><\/p>\n","protected":false},"author":1,"featured_media":0,"parent":0,"menu_order":0,"comment_status":"closed","ping_status":"closed","template":"","meta":{"_bbp_topic_count":0,"_bbp_reply_count":0,"_bbp_total_topic_count":0,"_bbp_total_reply_count":0,"_bbp_voice_count":0,"_bbp_anonymous_reply_count":0,"_bbp_topic_count_hidden":0,"_bbp_reply_count_hidden":0,"_bbp_forum_subforum_count":0,"footnotes":""},"class_list":["post-1617","page","type-page","status-publish","hentry"],"post_mailing_queue_ids":[],"_links":{"self":[{"href":"https:\/\/agora.xtec.cat\/cfa-anoia\/wp-json\/wp\/v2\/pages\/1617","targetHints":{"allow":["GET"]}}],"collection":[{"href":"https:\/\/agora.xtec.cat\/cfa-anoia\/wp-json\/wp\/v2\/pages"}],"about":[{"href":"https:\/\/agora.xtec.cat\/cfa-anoia\/wp-json\/wp\/v2\/types\/page"}],"author":[{"embeddable":true,"href":"https:\/\/agora.xtec.cat\/cfa-anoia\/wp-json\/wp\/v2\/users\/1"}],"replies":[{"embeddable":true,"href":"https:\/\/agora.xtec.cat\/cfa-anoia\/wp-json\/wp\/v2\/comments?post=1617"}],"version-history":[{"count":4,"href":"https:\/\/agora.xtec.cat\/cfa-anoia\/wp-json\/wp\/v2\/pages\/1617\/revisions"}],"predecessor-version":[{"id":2073,"href":"https:\/\/agora.xtec.cat\/cfa-anoia\/wp-json\/wp\/v2\/pages\/1617\/revisions\/2073"}],"wp:attachment":[{"href":"https:\/\/agora.xtec.cat\/cfa-anoia\/wp-json\/wp\/v2\/media?parent=1617"}],"curies":[{"name":"wp","href":"https:\/\/api.w.org\/{rel}","templated":true}]}}