{"id":1555,"date":"2021-03-04T17:59:01","date_gmt":"2021-03-04T16:59:01","guid":{"rendered":"https:\/\/agora.xtec.cat\/cfa-anoia\/?page_id=1555"},"modified":"2025-12-18T18:26:19","modified_gmt":"2025-12-18T17:26:19","slug":"centre-suport-ioc","status":"publish","type":"page","link":"https:\/\/agora.xtec.cat\/cfa-anoia\/centre-suport-ioc\/","title":{"rendered":"IOC (centre col\u00b7laborador)"},"content":{"rendered":"<h3><strong>MATR\u00cdCULA DEL GES A L\u2019IOC &#8211; ALUMNAT NOU<\/strong><\/h3>\n<ul>\n<li><strong>Preinscripci\u00f3<\/strong>\u00a0<strong>(2-6 febrer 2026):<\/strong> heu d\u2019omplir les dades a la finestreta, triar el centre de suport (CFA Anoia) i pujar la documentaci\u00f3 requerida a la pestanya corresponent.<\/li>\n<li><strong>Entrevista<\/strong>\u00a0<strong>(3-9 febrer 2026):<\/strong> entrevista inicial amb la tutora de l\u2019IOC per triar l\u2019itinerari GES i formalitzar la matr\u00edcula. Cal demanar cita pr\u00e8via.*<\/li>\n<li><strong>Pagament (3-11 febrer 2026)<\/strong>: cal fer el pagament de les taxes de matr\u00edcula un cop feta l\u2019entrevista amb la tutora i formalitzada la matr\u00edcula.<\/li>\n<li>* Per <strong>demanar hora per a l\u2019entrevista<\/strong> amb la tutora, cal que us poseu en contacte amb el CFA Anoia i demanar cita pr\u00e8via. Podeu fer-ho per via telef\u00f2nica (tel. 93 744 28 01, de dilluns a dijous de 16 a 19h) o per correu electr\u00f2nic (<a href=\"mailto:a8062018@xtec.cat\">a8062018@xtec.cat<\/a>).<\/li>\n<\/ul>\n<h3><\/h3>\n<h3><strong>MATR\u00cdCULA DEL GES A L\u2019IOC &#8211; ALUMNAT ANTIC<\/strong><\/h3>\n<ul>\n<li><strong>Matr\u00edcula (23-25 mar\u00e7 2026):<\/strong> cal posar-se en contacte amb la tutora de l&#8217;IOC per correu intern per tal d&#8217;escollir els m\u00f2duls que es volen cursar seguint l&#8217;itinerari del GES.<\/li>\n<li><span style=\"font-family: inherit; font-size: 1em;\"><strong>Pagament (23-26 mar\u00e7 2026):<\/strong> cal fer el pagament de les taxes de matr\u00edcula un cop la tutora ha formalitzat la matr\u00edcula.<\/span><\/li>\n<\/ul>\n<h3><\/h3>\n<h3>Com s&#8217;ha de demanar el t\u00edtol de GESO, si l&#8217;heu obtingut a trav\u00e9s de l&#8217;IOC?<\/h3>\n<p>Per demanar el t\u00edtol de GESO teniu dues opcions:<\/p>\n<ul>\n<li>Anar personalment a la <a href=\"https:\/\/ioc.xtec.cat\/educacio\/contacte\">seu central de l&#8217;IOC<\/a> a Barcelona,<\/li>\n<li>o emplenar la seg\u00fcent sol\u00b7licitud per recollir el t\u00edtol a la nostra escola: <a style=\"font-family: inherit; font-size: 1em;\" href=\"https:\/\/agora.xtec.cat\/cfa-anoia\/wp-content\/uploads\/usu1962\/2021\/03\/Sol\u00b7licitud-t\u00edtol-GESO_IOC.pdf\">Sol\u00b7licitud t\u00edtol GESO_IOC<\/a><span style=\"font-family: inherit; font-size: 1em;\">\u00a0i ens l&#8217;envieu al nostre correu electr\u00f2nic <\/span><a style=\"font-family: inherit; font-size: 1em;\" href=\"mailto:a8062018@xtec.cat\">a8062018@xtec.cat<\/a><\/li>\n<\/ul>\n","protected":false},"excerpt":{"rendered":"<p>MATR\u00cdCULA DEL GES A L\u2019IOC &#8211; ALUMNAT NOU<\/p>\n<ul>\n<li>Preinscripci\u00f3\u00a0(2-6 febrer 2026): heu d\u2019omplir les dades a la finestreta, triar el centre de suport (CFA Anoia) i pujar la documentaci\u00f3 requerida a la pestanya corresponent.<\/li>\n<li>Entrevista\u00a0(3-9 febrer 2026): entrevista inicial amb la tutora de l\u2019IOC per triar l\u2019itinerari&hellip;  <a href=\"https:\/\/agora.xtec.cat\/cfa-anoia\/centre-suport-ioc\/\" title=\"Read IOC (centre col\u00b7laborador)\">Llegeix m\u00e9s\u00bb<\/a><br \/>\n","protected":false},"author":1,"featured_media":0,"parent":0,"menu_order":0,"comment_status":"closed","ping_status":"closed","template":"","meta":{"_bbp_topic_count":0,"_bbp_reply_count":0,"_bbp_total_topic_count":0,"_bbp_total_reply_count":0,"_bbp_voice_count":0,"_bbp_anonymous_reply_count":0,"_bbp_topic_count_hidden":0,"_bbp_reply_count_hidden":0,"_bbp_forum_subforum_count":0,"footnotes":""},"class_list":["post-1555","page","type-page","status-publish","hentry"],"post_mailing_queue_ids":[],"_links":{"self":[{"href":"https:\/\/agora.xtec.cat\/cfa-anoia\/wp-json\/wp\/v2\/pages\/1555","targetHints":{"allow":["GET"]}}],"collection":[{"href":"https:\/\/agora.xtec.cat\/cfa-anoia\/wp-json\/wp\/v2\/pages"}],"about":[{"href":"https:\/\/agora.xtec.cat\/cfa-anoia\/wp-json\/wp\/v2\/types\/page"}],"author":[{"embeddable":true,"href":"https:\/\/agora.xtec.cat\/cfa-anoia\/wp-json\/wp\/v2\/users\/1"}],"replies":[{"embeddable":true,"href":"https:\/\/agora.xtec.cat\/cfa-anoia\/wp-json\/wp\/v2\/comments?post=1555"}],"version-history":[{"count":6,"href":"https:\/\/agora.xtec.cat\/cfa-anoia\/wp-json\/wp\/v2\/pages\/1555\/revisions"}],"predecessor-version":[{"id":2880,"href":"https:\/\/agora.xtec.cat\/cfa-anoia\/wp-json\/wp\/v2\/pages\/1555\/revisions\/2880"}],"wp:attachment":[{"href":"https:\/\/agora.xtec.cat\/cfa-anoia\/wp-json\/wp\/v2\/media?parent=1555"}],"curies":[{"name":"wp","href":"https:\/\/api.w.org\/{rel}","templated":true}]}}